{"id":690808,"date":"2025-08-27T13:53:37","date_gmt":"2025-08-27T10:53:37","guid":{"rendered":"https:\/\/roveyayinevi.com.tr\/index.php\/urun\/jon-turkler-ve-komplo-teorileri\/"},"modified":"2026-04-16T02:00:20","modified_gmt":"2026-04-15T23:00:20","slug":"jon-turkler-ve-komplo-teorileri","status":"publish","type":"product","link":"https:\/\/roveyayinevi.com.tr\/index.php\/urun\/jon-turkler-ve-komplo-teorileri\/","title":{"rendered":"J\u00f6n T\u00fcrkler ve Komplo Teorileri"},"content":{"rendered":"<p>90&#8217;l\u0131 y\u0131llarda birlikte komplo teorilerinin \u00fclkemizdeki a\u011f\u0131rl\u0131\u011f\u0131 giderek artt\u0131. Herkes teorilerinden bahsetmeye ba\u015flad\u0131. Kimi \u015fik\u00e2yet etti; kimiyse d\u00fcnyay\u0131 a\u00e7\u0131klamak i\u00e7in onlara ba\u015fvurdu. Hakk\u0131nda bu kadar konu\u015fulan kavram\u0131n kendisiyle \u00e7ok az tart\u0131\u015f\u0131ld\u0131. Komplo teorilerinin neden ve nas\u0131l ortaya \u00e7\u0131kt\u0131\u011f, hangi yollarla yay\u0131ld\u0131\u011f\u0131 sorular\u0131 ortada kald\u0131. <\/p>\n","protected":false},"excerpt":{"rendered":"<p>90&#8217;l\u0131 y\u0131llarda birlikte komplo teorilerinin \u00fclkemizdeki a\u011f\u0131rl\u0131\u011f\u0131 giderek artt\u0131. Herkes teorilerinden bahsetmeye ba\u015flad\u0131. Kimi \u015fik\u00e2yet etti; kimiyse d\u00fcnyay\u0131 a\u00e7\u0131klamak i\u00e7in onlara ba\u015fvurdu. Hakk\u0131nda bu kadar konu\u015fulan<span class=\"excerpt-hellip\"> [\u2026]<\/span><\/p>\n","protected":false},"featured_media":0,"template":"","meta":{"_monsterinsights_skip_tracking":false,"_monsterinsights_sitenote_active":false,"_monsterinsights_sitenote_note":"","_monsterinsights_sitenote_category":0},"product_brand":[],"product_cat":[12370,12304],"product_tag":[],"class_list":{"0":"post-690808","1":"product","2":"type-product","3":"status-publish","5":"product_cat-arastirma-inceleme","6":"product_cat-tarih","7":"pa_tur-kitap","8":"pa_yayinevi-kirmizi-kedi-yayinevi","9":"pa_yazar-haluk-hepkon","11":"first","12":"instock","13":"sale","14":"shipping-taxable","15":"purchasable","16":"product-type-simple"},"_links":{"self":[{"href":"https:\/\/roveyayinevi.com.tr\/index.php\/wp-json\/wp\/v2\/product\/690808","targetHints":{"allow":["GET"]}}],"collection":[{"href":"https:\/\/roveyayinevi.com.tr\/index.php\/wp-json\/wp\/v2\/product"}],"about":[{"href":"https:\/\/roveyayinevi.com.tr\/index.php\/wp-json\/wp\/v2\/types\/product"}],"wp:attachment":[{"href":"https:\/\/roveyayinevi.com.tr\/index.php\/wp-json\/wp\/v2\/media?parent=690808"}],"wp:term":[{"taxonomy":"product_brand","embeddable":true,"href":"https:\/\/roveyayinevi.com.tr\/index.php\/wp-json\/wp\/v2\/product_brand?post=690808"},{"taxonomy":"product_cat","embeddable":true,"href":"https:\/\/roveyayinevi.com.tr\/index.php\/wp-json\/wp\/v2\/product_cat?post=690808"},{"taxonomy":"product_tag","embeddable":true,"href":"https:\/\/roveyayinevi.com.tr\/index.php\/wp-json\/wp\/v2\/product_tag?post=690808"}],"curies":[{"name":"wp","href":"https:\/\/api.w.org\/{rel}","templated":true}]}}