{"id":690807,"date":"2025-08-27T13:53:37","date_gmt":"2025-08-27T10:53:37","guid":{"rendered":"https:\/\/roveyayinevi.com.tr\/index.php\/urun\/marx-ve-oryantalizmin-sonu\/"},"modified":"2026-04-16T02:00:20","modified_gmt":"2026-04-15T23:00:20","slug":"marx-ve-oryantalizmin-sonu","status":"publish","type":"product","link":"https:\/\/roveyayinevi.com.tr\/index.php\/urun\/marx-ve-oryantalizmin-sonu\/","title":{"rendered":"Marx ve Oryantalizmin Sonu"},"content":{"rendered":"<p>Eski Oryantalizmin, Weber sosyolojisinin ve AT\u00dcT\u2019\u00e7\u00fc \u201cMarksist\u201d yakla\u015f\u0131m\u0131n, Ortado\u011fu toplumlar\u0131n\u0131 ve \u0130slamiyeti tarihin genel yasalar\u0131 d\u0131\u015f\u0131ndaki bir benzersizlik gibi ele al\u0131\u015flar\u0131n\u0131n ele\u015ftirisi. Turner, hem birle\u015fik hem de \u00e7ok \u00e7izgili bir tarih anlay\u0131\u015f\u0131 i\u00e7inde emperyalizmin Ortado\u011fu \u00fczerindeki \u00e7eli\u015fmeli etkilerinin b\u00fct\u00fcnc\u00fcl de\u011ferlendirmesini ger\u00e7ekle\u015ftiriyor.   \u201cMarksizm, Bat\u0131\u2019daki devrimleri ve Do\u011fu\u2019daki durgunlu\u011fu konu edinen oryantalist kuram\u0131, epistemolojik y\u00f6nden idealist ve ideolojik oldu\u011funu g\u00f6stererek y\u0131km\u0131\u015ft\u0131r. Oryantalizmin sonu, ayn\u0131 zamanda, Marksist d\u00fc\u015f\u00fcncenin kimi bi\u00e7imlerinin sonunu ve yeni bir t\u00fcr \u00e7\u00f6z\u00fcmlemenin yarat\u0131lmas\u0131n\u0131 zorunlu k\u0131lmaktad\u0131r.\u201d (Bryan S. Turner) <\/p>\n","protected":false},"excerpt":{"rendered":"<p>Eski Oryantalizmin, Weber sosyolojisinin ve AT\u00dcT\u2019\u00e7\u00fc \u201cMarksist\u201d yakla\u015f\u0131m\u0131n, Ortado\u011fu toplumlar\u0131n\u0131 ve \u0130slamiyeti tarihin genel yasalar\u0131 d\u0131\u015f\u0131ndaki bir benzersizlik gibi ele al\u0131\u015flar\u0131n\u0131n ele\u015ftirisi. Turner, hem birle\u015fik hem<span class=\"excerpt-hellip\"> [\u2026]<\/span><\/p>\n","protected":false},"featured_media":0,"template":"","meta":{"_monsterinsights_skip_tracking":false,"_monsterinsights_sitenote_active":false,"_monsterinsights_sitenote_note":"","_monsterinsights_sitenote_category":0},"product_brand":[],"product_cat":[12325,12324],"product_tag":[],"class_list":{"0":"post-690807","1":"product","2":"type-product","3":"status-publish","5":"product_cat-diger-sosyoloji","6":"product_cat-sosyoloji","7":"pa_cilt-ciltsiz","8":"pa_tur-kitap","9":"pa_yayinevi-kaynak-yayinlari","10":"pa_yazar-bryan-s-turner","12":"first","13":"instock","14":"sale","15":"shipping-taxable","16":"purchasable","17":"product-type-simple"},"_links":{"self":[{"href":"https:\/\/roveyayinevi.com.tr\/index.php\/wp-json\/wp\/v2\/product\/690807","targetHints":{"allow":["GET"]}}],"collection":[{"href":"https:\/\/roveyayinevi.com.tr\/index.php\/wp-json\/wp\/v2\/product"}],"about":[{"href":"https:\/\/roveyayinevi.com.tr\/index.php\/wp-json\/wp\/v2\/types\/product"}],"wp:attachment":[{"href":"https:\/\/roveyayinevi.com.tr\/index.php\/wp-json\/wp\/v2\/media?parent=690807"}],"wp:term":[{"taxonomy":"product_brand","embeddable":true,"href":"https:\/\/roveyayinevi.com.tr\/index.php\/wp-json\/wp\/v2\/product_brand?post=690807"},{"taxonomy":"product_cat","embeddable":true,"href":"https:\/\/roveyayinevi.com.tr\/index.php\/wp-json\/wp\/v2\/product_cat?post=690807"},{"taxonomy":"product_tag","embeddable":true,"href":"https:\/\/roveyayinevi.com.tr\/index.php\/wp-json\/wp\/v2\/product_tag?post=690807"}],"curies":[{"name":"wp","href":"https:\/\/api.w.org\/{rel}","templated":true}]}}