{"id":690806,"date":"2025-08-27T13:53:37","date_gmt":"2025-08-27T10:53:37","guid":{"rendered":"https:\/\/roveyayinevi.com.tr\/index.php\/urun\/liberalizm-masali\/"},"modified":"2026-04-16T02:00:20","modified_gmt":"2026-04-15T23:00:20","slug":"liberalizm-masali","status":"publish","type":"product","link":"https:\/\/roveyayinevi.com.tr\/index.php\/urun\/liberalizm-masali\/","title":{"rendered":"Liberalizm Masal\u0131"},"content":{"rendered":"<p>Mahmut Esat Bozkurt\u2019un Liberalizm Masal\u0131 ba\u015fl\u0131\u011f\u0131 alt\u0131nda derledi\u011fimiz bu yaz\u0131lar\u0131nda, Kemalist Devrim\u2019in devlet ve ekonomi anlay\u0131\u015f\u0131, halk\u0131na ve emek\u00e7ilere bak\u0131\u015f\u0131 ile muhalefet, bas\u0131n ve ele\u015ftiri \u00f6zg\u00fcrl\u00fc\u011f\u00fcn\u00fc, demokrasi ve e\u015fitlik kavramlar\u0131n\u0131 nas\u0131l de\u011ferlendirdi\u011fi irdelenmektedir. Devrimlere ba\u011fl\u0131 ve hakl\u0131 bildi\u011finde direnen, boyun e\u011fmez ki\u015fili\u011fi ve bilgi birikimiyle Kemalist Devrim\u2019in kurmay kadrosunda se\u00e7kin bir yeri olan Bozkurt\u2019un bu kitab\u0131 bir anlamda bug\u00fcnk\u00fc \u201cdevrim muhalifleriyle\u201d de kendini T\u00fcrkiye\u2019de \u201c\u00f6z de\u011fil de \u00fcvey g\u00f6renlerle\u201d de bir tart\u0131\u015fmad\u0131r. Mahmut Esat Bozkurt bu kitab\u0131nda, liberalizmi k\u00f6kl\u00fc bir \u015fekilde ele\u015ftirmekte; liberal ekonomilerin ilerleme halindeki milletlerin ekonomisine \u00e7ok fenal\u0131klar yapaca\u011f\u0131n\u0131, kuvvetlilerin esiri haline getirece\u011fini, buhranlara ve amele kitlelerinin \u0131st\u0131raplar\u0131na sebep olaca\u011f\u0131n\u0131 belirtmektedir. \u201cDevlet kimin i\u00e7in vard\u0131r? Liberalizm nedir? Demokrasi nedir? E\u015fitlik nedir? \u00d6zg\u00fcrl\u00fck nedir?\u201d \u201c\u00dcreticilerimiz korkun\u00e7 bor\u00e7lar alt\u0131nda inlerken devlet i\u015fe kar\u0131\u015fmadan bunun \u00f6n\u00fcne ge\u00e7ilebilir mi? Fertlerin serbest te\u015febb\u00fcsleriyle ba\u015far\u0131labilir mi? Devleti gece bek\u00e7isi rol\u00fcne indirgemek, zay\u0131f\u0131 kuvvetlinin keyfine b\u0131rakmak demektir.\u201d \u201cLiberalizm buhranlara, amele kitlelerinin \u0131st\u0131raplar\u0131na sebep olmaktad\u0131r.\u201d \u201cH\u00fcrriyet T\u00fcrk milletinin, T\u00fcrk vatan\u0131n\u0131n mal\u0131d\u0131r. Bu mal \u015funun bunun elinde para kazanma meta\u0131 de\u011fildir.\u201d \u201cNeden ille \u00e7ok partililik demokrasi olsun da g\u0131das\u0131n\u0131 birlikten almas\u0131n?\u201d   <\/p>\n","protected":false},"excerpt":{"rendered":"<p>Mahmut Esat Bozkurt\u2019un Liberalizm Masal\u0131 ba\u015fl\u0131\u011f\u0131 alt\u0131nda derledi\u011fimiz bu yaz\u0131lar\u0131nda, Kemalist Devrim\u2019in devlet ve ekonomi anlay\u0131\u015f\u0131, halk\u0131na ve emek\u00e7ilere bak\u0131\u015f\u0131 ile muhalefet, bas\u0131n ve ele\u015ftiri \u00f6zg\u00fcrl\u00fc\u011f\u00fcn\u00fc,<span class=\"excerpt-hellip\"> [\u2026]<\/span><\/p>\n","protected":false},"featured_media":0,"template":"","meta":{"_monsterinsights_skip_tracking":false,"_monsterinsights_sitenote_active":false,"_monsterinsights_sitenote_note":"","_monsterinsights_sitenote_category":0},"product_brand":[],"product_cat":[14841,13043],"product_tag":[],"class_list":{"0":"post-690806","1":"product","2":"type-product","3":"status-publish","5":"product_cat-arastirma-inceleme-kuram","6":"product_cat-ekonomi","7":"pa_cilt-ciltsiz","8":"pa_tur-kitap","9":"pa_yayinevi-kaynak-yayinlari","10":"pa_yazar-mahmut-esat-bozkurt","12":"first","13":"instock","14":"sale","15":"shipping-taxable","16":"purchasable","17":"product-type-simple"},"_links":{"self":[{"href":"https:\/\/roveyayinevi.com.tr\/index.php\/wp-json\/wp\/v2\/product\/690806","targetHints":{"allow":["GET"]}}],"collection":[{"href":"https:\/\/roveyayinevi.com.tr\/index.php\/wp-json\/wp\/v2\/product"}],"about":[{"href":"https:\/\/roveyayinevi.com.tr\/index.php\/wp-json\/wp\/v2\/types\/product"}],"wp:attachment":[{"href":"https:\/\/roveyayinevi.com.tr\/index.php\/wp-json\/wp\/v2\/media?parent=690806"}],"wp:term":[{"taxonomy":"product_brand","embeddable":true,"href":"https:\/\/roveyayinevi.com.tr\/index.php\/wp-json\/wp\/v2\/product_brand?post=690806"},{"taxonomy":"product_cat","embeddable":true,"href":"https:\/\/roveyayinevi.com.tr\/index.php\/wp-json\/wp\/v2\/product_cat?post=690806"},{"taxonomy":"product_tag","embeddable":true,"href":"https:\/\/roveyayinevi.com.tr\/index.php\/wp-json\/wp\/v2\/product_tag?post=690806"}],"curies":[{"name":"wp","href":"https:\/\/api.w.org\/{rel}","templated":true}]}}