{"id":690804,"date":"2025-08-27T13:53:36","date_gmt":"2025-08-27T10:53:36","guid":{"rendered":"https:\/\/roveyayinevi.com.tr\/index.php\/urun\/askin-merkezine-seyahat\/"},"modified":"2026-04-16T02:00:20","modified_gmt":"2026-04-15T23:00:20","slug":"askin-merkezine-seyahat","status":"publish","type":"product","link":"https:\/\/roveyayinevi.com.tr\/index.php\/urun\/askin-merkezine-seyahat\/","title":{"rendered":"A\u015fk\u0131n Merkezine Seyahat"},"content":{"rendered":"<p>A\u015fk\u0131n Merkezine Seyahat, ruh ve ev hallerimiz aras\u0131nda kopmaz ve dolays\u0131z bir ili\u015fki oldu\u011fu tezi \u00fczerinde y\u00fckseliyor. Bu y\u00fczden elinizdeki iki ba\u015fl\u0131k alt\u0131nda toplamak m\u00fcmk\u00fcn. Birinci b\u00f6l\u00fcm i\u00e7ine kapan\u0131k ve tak\u0131nt\u0131l\u0131 biri taraf\u0131ndan yaz\u0131lm\u0131\u015f. Bu b\u00f6l\u00fcmde yer alan yaz\u0131lar a\u011f\u0131rl\u0131kl\u0131 olarak a\u015fk ve ili\u015fkiler \u00fczerine. Kelimeler yer yer ger\u00e7eklere de\u011fmekle birlikte, daha ba\u015fka bir evrende, harf ve say\u0131 oyunlar\u0131yla s\u00fcslenmi\u015f bir anlamlar d\u00fcnyas\u0131nda ge\u00e7iyor. \u0130kinci b\u00f6l\u00fcmse, birincisinin tersine, \u00e7ok daha bildik bird\u00fcnyada g\u00fcnl\u00fck sahnelerde, a\u011f\u0131rl\u0131kla da evde ge\u00e7iyor. Zaman zaman kurdu\u011fumuz tuhaf ili\u015fkilerden yola \u00e7\u0131k\u0131yor. Asl\u0131nda hepimize ait olan zaaflarla mizahi bir a\u00e7\u0131dan yakla\u015f\u0131yor. Ayn\u0131 kalemden \u00e7\u0131kan bu b\u00f6l\u00fcmlerde hangisinin daha &#8216;s\u0131f\u0131r \u015feker&#8217; oldu\u011funa karar vermek zor. Okuyan\u0131n damak zevkine kalm\u0131\u015f. <\/p>\n","protected":false},"excerpt":{"rendered":"<p>A\u015fk\u0131n Merkezine Seyahat, ruh ve ev hallerimiz aras\u0131nda kopmaz ve dolays\u0131z bir ili\u015fki oldu\u011fu tezi \u00fczerinde y\u00fckseliyor. Bu y\u00fczden elinizdeki iki ba\u015fl\u0131k alt\u0131nda toplamak m\u00fcmk\u00fcn. Birinci<span class=\"excerpt-hellip\"> [\u2026]<\/span><\/p>\n","protected":false},"featured_media":0,"template":"","meta":{"_monsterinsights_skip_tracking":false,"_monsterinsights_sitenote_active":false,"_monsterinsights_sitenote_note":"","_monsterinsights_sitenote_category":0},"product_brand":[],"product_cat":[12291,12292],"product_tag":[],"class_list":{"0":"post-690804","1":"product","2":"type-product","3":"status-publish","5":"product_cat-edebiyat","6":"product_cat-turk-edebiyati","7":"pa_tur-kitap","8":"pa_yayinevi-kirmizi-kedi-yayinevi","9":"pa_yazar-emre-ozguder","11":"first","12":"instock","13":"sale","14":"shipping-taxable","15":"purchasable","16":"product-type-simple"},"_links":{"self":[{"href":"https:\/\/roveyayinevi.com.tr\/index.php\/wp-json\/wp\/v2\/product\/690804","targetHints":{"allow":["GET"]}}],"collection":[{"href":"https:\/\/roveyayinevi.com.tr\/index.php\/wp-json\/wp\/v2\/product"}],"about":[{"href":"https:\/\/roveyayinevi.com.tr\/index.php\/wp-json\/wp\/v2\/types\/product"}],"wp:attachment":[{"href":"https:\/\/roveyayinevi.com.tr\/index.php\/wp-json\/wp\/v2\/media?parent=690804"}],"wp:term":[{"taxonomy":"product_brand","embeddable":true,"href":"https:\/\/roveyayinevi.com.tr\/index.php\/wp-json\/wp\/v2\/product_brand?post=690804"},{"taxonomy":"product_cat","embeddable":true,"href":"https:\/\/roveyayinevi.com.tr\/index.php\/wp-json\/wp\/v2\/product_cat?post=690804"},{"taxonomy":"product_tag","embeddable":true,"href":"https:\/\/roveyayinevi.com.tr\/index.php\/wp-json\/wp\/v2\/product_tag?post=690804"}],"curies":[{"name":"wp","href":"https:\/\/api.w.org\/{rel}","templated":true}]}}