{"id":690803,"date":"2025-08-27T13:53:36","date_gmt":"2025-08-27T10:53:36","guid":{"rendered":"https:\/\/roveyayinevi.com.tr\/index.php\/urun\/ermeni-devlet-adami-b-a-boryanin-gozuyle-turk-ermeni-catismasi\/"},"modified":"2026-04-16T02:00:20","modified_gmt":"2026-04-15T23:00:20","slug":"ermeni-devlet-adami-b-a-boryanin-gozuyle-turk-ermeni-catismasi","status":"publish","type":"product","link":"https:\/\/roveyayinevi.com.tr\/index.php\/urun\/ermeni-devlet-adami-b-a-boryanin-gozuyle-turk-ermeni-catismasi\/","title":{"rendered":"Ermeni Devlet Adam\u0131 B. A. Boryan\u2019\u0131n G\u00f6z\u00fcyle T\u00fcrk-Ermeni \u00c7at\u0131\u015fmas\u0131"},"content":{"rendered":"<p>Mehmet Perin\u00e7ek, \u00f6nemli Ermeni devlet adam\u0131 Boryan\u2019\u0131n \u201cErmenistan, Uluslararas\u0131 Diplomasi ve SSCB\u201d adl\u0131 dev eseri \u00fczerinden Osmanl\u0131\u2019dan Lozan\u2019a Ermeni meselesini inceliyor. Bu kitapta, Boryan\u2019\u0131n yay\u0131nlad\u0131\u011f\u0131 zengin belgeler yan\u0131nda, Rus-Sovyet ar\u015fivlerindeki ba\u015fka belgeler de T\u00fcrk\u00e7e olarak ilk kez sunuluyor. Boryan, Ermeni meselesinde otorite kabul edilmektedir. Olaylar\u0131 \u00fcst d\u00fczey y\u00f6netici olarak ya\u015fam\u0131\u015ft\u0131r. Boryan, bu kitab\u0131 nedeniyle Ermeni milliyet\u00e7ileri taraf\u0131ndan hain ilan edilmi\u015ftir. \u00c7\u00fcnk\u00fc o, \u201cSoyk\u0131r\u0131m\u201d tart\u0131\u015fmalar\u0131na son noktay\u0131 koymu\u015ftur. <\/p>\n","protected":false},"excerpt":{"rendered":"<p>Mehmet Perin\u00e7ek, \u00f6nemli Ermeni devlet adam\u0131 Boryan\u2019\u0131n \u201cErmenistan, Uluslararas\u0131 Diplomasi ve SSCB\u201d adl\u0131 dev eseri \u00fczerinden Osmanl\u0131\u2019dan Lozan\u2019a Ermeni meselesini inceliyor. Bu kitapta, Boryan\u2019\u0131n yay\u0131nlad\u0131\u011f\u0131 zengin<span class=\"excerpt-hellip\"> [\u2026]<\/span><\/p>\n","protected":false},"featured_media":0,"template":"","meta":{"_monsterinsights_skip_tracking":false,"_monsterinsights_sitenote_active":false,"_monsterinsights_sitenote_note":"","_monsterinsights_sitenote_category":0},"product_brand":[],"product_cat":[12312,12304],"product_tag":[],"class_list":{"0":"post-690803","1":"product","2":"type-product","3":"status-publish","5":"product_cat-diger","6":"product_cat-tarih","7":"pa_tur-kitap","8":"pa_yayinevi-kaynak-yayinlari","9":"pa_yazar-mehmet-perincek","11":"first","12":"instock","13":"sale","14":"shipping-taxable","15":"purchasable","16":"product-type-simple"},"_links":{"self":[{"href":"https:\/\/roveyayinevi.com.tr\/index.php\/wp-json\/wp\/v2\/product\/690803","targetHints":{"allow":["GET"]}}],"collection":[{"href":"https:\/\/roveyayinevi.com.tr\/index.php\/wp-json\/wp\/v2\/product"}],"about":[{"href":"https:\/\/roveyayinevi.com.tr\/index.php\/wp-json\/wp\/v2\/types\/product"}],"wp:attachment":[{"href":"https:\/\/roveyayinevi.com.tr\/index.php\/wp-json\/wp\/v2\/media?parent=690803"}],"wp:term":[{"taxonomy":"product_brand","embeddable":true,"href":"https:\/\/roveyayinevi.com.tr\/index.php\/wp-json\/wp\/v2\/product_brand?post=690803"},{"taxonomy":"product_cat","embeddable":true,"href":"https:\/\/roveyayinevi.com.tr\/index.php\/wp-json\/wp\/v2\/product_cat?post=690803"},{"taxonomy":"product_tag","embeddable":true,"href":"https:\/\/roveyayinevi.com.tr\/index.php\/wp-json\/wp\/v2\/product_tag?post=690803"}],"curies":[{"name":"wp","href":"https:\/\/api.w.org\/{rel}","templated":true}]}}