{"id":690798,"date":"2025-08-27T13:53:35","date_gmt":"2025-08-27T10:53:35","guid":{"rendered":"https:\/\/roveyayinevi.com.tr\/index.php\/urun\/yeni-toplum-gorusu-ve-lanark-raporu\/"},"modified":"2026-04-16T02:00:20","modified_gmt":"2026-04-15T23:00:20","slug":"yeni-toplum-gorusu-ve-lanark-raporu","status":"publish","type":"product","link":"https:\/\/roveyayinevi.com.tr\/index.php\/urun\/yeni-toplum-gorusu-ve-lanark-raporu\/","title":{"rendered":"Yeni Toplum G\u00f6r\u00fc\u015f\u00fc ve Lanark Raporu"},"content":{"rendered":"<p>Robert Owen\u2019\u0131n elinizdeki kitab\u0131 bir \u00dctopyalar Dizisi\u2019nin ku\u015fkusuz olmazsa olmazlar\u0131ndand\u0131r. \u00dctopik sosyalistler i\u00e7in Owen\u2019\u0131n tarihsel bir \u00f6nemi vard\u0131r. O, hem Frans\u0131z \u00fctopik sosyalistlerinin d\u00fc\u015f\u00fcncelerinin bir sonraki bilimsel sosyalist ku\u015fa\u011fa aktar\u0131lmas\u0131n\u0131da bir k\u00f6pr\u00fc rol\u00fc oynam\u0131\u015f, hem de i\u015f\u00e7i s\u0131n\u0131f\u0131n\u0131n ayd\u0131nlanmas\u0131nda ve \u00f6rg\u00fctlenmesinde k\u00fc\u00e7\u00fcmsenmeyecek bir pratik sergilemi\u015ftir. \u0130\u015fte Yeni Toplum G\u00f6r\u00fc\u015f\u00fc ve Lanark Raporu, Robert Owen\u2019\u0131n k\u0131rk y\u0131ll\u0131k siyasi ve teorik \u00e7al\u0131\u015fmas\u0131n\u0131n en \u00f6nemli \u00fcr\u00fcn\u00fcd\u00fcr. Owen, kitapta yer alan denemelerinde kapitalist sistemin temellerini topa tutuyor ve \u00f6zellikle &#8216;Yeni Toplum Projesi\u2019ni yaratacak olan insan malzemesi ve eme\u011fin anlam\u0131 \u00fczerinde yo\u011funla\u015f\u0131yor. John Locke ve J.J. Rousseau\u2019nun izinden giden Owen, bu kitaptaki makalelerinde insan-\u00e7evre ili\u015fkisini de inceliyor ve insan karakterinin bilin\u00e7li pedagojik y\u00f6ntemlerle de\u011fi\u015ftirilebilece\u011fini, \u00f6rneklerle a\u00e7\u0131kl\u0131yor. Owen, b\u00fct\u00fcn d\u00fc\u015f\u00fcncelerini New Lanark\u2019ta uygulam\u0131\u015f ve yan\u0131nda \u00e7al\u0131\u015ft\u0131rd\u0131\u011f\u0131 binlerce i\u015f\u00e7iye fabrikalar\u0131n yan\u0131 ba\u015f\u0131nda lojmanlar in\u015fa etmi\u015f, hem i\u015f\u00e7i e\u015flerine okuma-yazma ve meslek kurslar\u0131 a\u00e7m\u0131\u015f, hem de \u00e7ocuklara kre\u015f ve okul yapt\u0131rm\u0131\u015ft\u0131. Daha sonra Kuzey Amerika\u2019da  Yeni Uyum  ad\u0131nda bir e\u015fitlik\u00e7i kom\u00fcn kurma giri\u015fimi ise ba\u015far\u0131s\u0131zl\u0131kla sonu\u00e7land\u0131. Owen kitab\u0131n ikinci b\u00f6l\u00fcmde, i\u015fte bu New Lanark ve Yeni Uyum deneyimleri \u0131\u015f\u0131\u011f\u0131nda yeni toplum projesini; ger\u00e7ekle\u015ftiremedi\u011fi \u00fctopyas\u0131n\u0131 sunuyor okura. <\/p>\n","protected":false},"excerpt":{"rendered":"<p>Robert Owen\u2019\u0131n elinizdeki kitab\u0131 bir \u00dctopyalar Dizisi\u2019nin ku\u015fkusuz olmazsa olmazlar\u0131ndand\u0131r. \u00dctopik sosyalistler i\u00e7in Owen\u2019\u0131n tarihsel bir \u00f6nemi vard\u0131r. O, hem Frans\u0131z \u00fctopik sosyalistlerinin d\u00fc\u015f\u00fcncelerinin bir sonraki<span class=\"excerpt-hellip\"> [\u2026]<\/span><\/p>\n","protected":false},"featured_media":0,"template":"","meta":{"_monsterinsights_skip_tracking":false,"_monsterinsights_sitenote_active":false,"_monsterinsights_sitenote_note":"","_monsterinsights_sitenote_category":0},"product_brand":[],"product_cat":[12338,12337],"product_tag":[],"class_list":{"0":"post-690798","1":"product","2":"type-product","3":"status-publish","5":"product_cat-dunya-siyaseti-ve-politikasi","6":"product_cat-politika-siyaset","7":"pa_tur-kitap","8":"pa_yayinevi-kaynak-yayinlari","9":"pa_yazar-robert-owen","11":"first","12":"instock","13":"sale","14":"shipping-taxable","15":"purchasable","16":"product-type-simple"},"_links":{"self":[{"href":"https:\/\/roveyayinevi.com.tr\/index.php\/wp-json\/wp\/v2\/product\/690798","targetHints":{"allow":["GET"]}}],"collection":[{"href":"https:\/\/roveyayinevi.com.tr\/index.php\/wp-json\/wp\/v2\/product"}],"about":[{"href":"https:\/\/roveyayinevi.com.tr\/index.php\/wp-json\/wp\/v2\/types\/product"}],"wp:attachment":[{"href":"https:\/\/roveyayinevi.com.tr\/index.php\/wp-json\/wp\/v2\/media?parent=690798"}],"wp:term":[{"taxonomy":"product_brand","embeddable":true,"href":"https:\/\/roveyayinevi.com.tr\/index.php\/wp-json\/wp\/v2\/product_brand?post=690798"},{"taxonomy":"product_cat","embeddable":true,"href":"https:\/\/roveyayinevi.com.tr\/index.php\/wp-json\/wp\/v2\/product_cat?post=690798"},{"taxonomy":"product_tag","embeddable":true,"href":"https:\/\/roveyayinevi.com.tr\/index.php\/wp-json\/wp\/v2\/product_tag?post=690798"}],"curies":[{"name":"wp","href":"https:\/\/api.w.org\/{rel}","templated":true}]}}