{"id":690796,"date":"2025-08-27T13:53:35","date_gmt":"2025-08-27T10:53:35","guid":{"rendered":"https:\/\/roveyayinevi.com.tr\/index.php\/urun\/daha-vakit-var\/"},"modified":"2026-04-16T02:00:20","modified_gmt":"2026-04-15T23:00:20","slug":"daha-vakit-var","status":"publish","type":"product","link":"https:\/\/roveyayinevi.com.tr\/index.php\/urun\/daha-vakit-var\/","title":{"rendered":"Daha Vakit Var"},"content":{"rendered":"<p>\u0130lkokulu bitirdikten sonra \u201cokumaya\u201d devam edebilmek i\u00e7in evinden ve annesinden ayr\u0131lan Kenan, zor g\u00fcnler ge\u00e7irse de annesinin sevgisi, yurt arkada\u015fl\u0131klar\u0131n\u0131n deste\u011fi ve payla\u015f\u0131m\u0131yla hedefine ula\u015f\u0131r, \u00f6\u011fretmen olur. Ancak bu arada hastalanan ve yo\u011fun bak\u0131ma al\u0131nan annesinin ba\u015fucundan bir an olsun ayr\u0131lmayan Kenan, daha do\u011fmadan kaybetti\u011fi babas\u0131n\u0131n da yoklu\u011funda, annesinin onun i\u00e7in yapt\u0131\u011f\u0131 fedak\u00e2rl\u0131klar\u0131, pek \u00e7ok s\u0131k\u0131nt\u0131ya g\u00f6\u011f\u00fcs gererek payla\u015ft\u0131klar\u0131 y\u0131llar\u0131 ve ac\u0131-tatl\u0131 anlar\u0131 tek tek hat\u0131rlar. <\/p>\n","protected":false},"excerpt":{"rendered":"<p>\u0130lkokulu bitirdikten sonra \u201cokumaya\u201d devam edebilmek i\u00e7in evinden ve annesinden ayr\u0131lan Kenan, zor g\u00fcnler ge\u00e7irse de annesinin sevgisi, yurt arkada\u015fl\u0131klar\u0131n\u0131n deste\u011fi ve payla\u015f\u0131m\u0131yla hedefine ula\u015f\u0131r, \u00f6\u011fretmen<span class=\"excerpt-hellip\"> [\u2026]<\/span><\/p>\n","protected":false},"featured_media":0,"template":"","meta":{"_monsterinsights_skip_tracking":false,"_monsterinsights_sitenote_active":false,"_monsterinsights_sitenote_note":"","_monsterinsights_sitenote_category":0},"product_brand":[],"product_cat":[12291,12292],"product_tag":[],"class_list":{"0":"post-690796","1":"product","2":"type-product","3":"status-publish","5":"product_cat-edebiyat","6":"product_cat-turk-edebiyati","7":"pa_tur-kitap","8":"pa_yayinevi-kirmizi-kedi-yayinevi","9":"pa_yazar-yusuf-copur","11":"first","12":"instock","13":"sale","14":"shipping-taxable","15":"purchasable","16":"product-type-simple"},"_links":{"self":[{"href":"https:\/\/roveyayinevi.com.tr\/index.php\/wp-json\/wp\/v2\/product\/690796","targetHints":{"allow":["GET"]}}],"collection":[{"href":"https:\/\/roveyayinevi.com.tr\/index.php\/wp-json\/wp\/v2\/product"}],"about":[{"href":"https:\/\/roveyayinevi.com.tr\/index.php\/wp-json\/wp\/v2\/types\/product"}],"wp:attachment":[{"href":"https:\/\/roveyayinevi.com.tr\/index.php\/wp-json\/wp\/v2\/media?parent=690796"}],"wp:term":[{"taxonomy":"product_brand","embeddable":true,"href":"https:\/\/roveyayinevi.com.tr\/index.php\/wp-json\/wp\/v2\/product_brand?post=690796"},{"taxonomy":"product_cat","embeddable":true,"href":"https:\/\/roveyayinevi.com.tr\/index.php\/wp-json\/wp\/v2\/product_cat?post=690796"},{"taxonomy":"product_tag","embeddable":true,"href":"https:\/\/roveyayinevi.com.tr\/index.php\/wp-json\/wp\/v2\/product_tag?post=690796"}],"curies":[{"name":"wp","href":"https:\/\/api.w.org\/{rel}","templated":true}]}}