{"id":690795,"date":"2025-08-27T13:53:35","date_gmt":"2025-08-27T10:53:35","guid":{"rendered":"https:\/\/roveyayinevi.com.tr\/index.php\/urun\/butun-siirleri-1\/"},"modified":"2026-04-16T02:00:20","modified_gmt":"2026-04-15T23:00:20","slug":"butun-siirleri-1","status":"publish","type":"product","link":"https:\/\/roveyayinevi.com.tr\/index.php\/urun\/butun-siirleri-1\/","title":{"rendered":"B\u00fct\u00fcn \u015eiirleri -1"},"content":{"rendered":"<p>O \u00e7ocuk oturmu\u015f \u00e7ar\u015f\u0131lar ortas\u0131naBir g\u00fcz kederiyle iplik iplik a\u011fl\u0131yorBabam olsayd\u0131babam olsayd\u0131babam olsayd\u0131&#8230;I\u015f\u0131kl\u0131 vitrinler \u00f6n\u00fcnde simsiyah bir leke\u00c7ocuk a\u011flam\u0131yorAlm\u0131\u015f kanatlar\u0131na b\u00fct\u00fcn \u00f6zlemleriniBir turna s\u00fcr\u00fcs\u00fc g\u00f6zlerinin burcundaAk\u015fam\u0131 par\u00e7alaya par\u00e7alaya u\u00e7uyor&#8230;<\/p>\n","protected":false},"excerpt":{"rendered":"<p>O \u00e7ocuk oturmu\u015f \u00e7ar\u015f\u0131lar ortas\u0131naBir g\u00fcz kederiyle iplik iplik a\u011fl\u0131yorBabam olsayd\u0131babam olsayd\u0131babam olsayd\u0131&#8230;I\u015f\u0131kl\u0131 vitrinler \u00f6n\u00fcnde simsiyah bir leke\u00c7ocuk a\u011flam\u0131yorAlm\u0131\u015f kanatlar\u0131na b\u00fct\u00fcn \u00f6zlemleriniBir turna s\u00fcr\u00fcs\u00fc g\u00f6zlerinin burcundaAk\u015fam\u0131<span class=\"excerpt-hellip\"> [\u2026]<\/span><\/p>\n","protected":false},"featured_media":0,"template":"","meta":{"_monsterinsights_skip_tracking":false,"_monsterinsights_sitenote_active":false,"_monsterinsights_sitenote_note":"","_monsterinsights_sitenote_category":0},"product_brand":[],"product_cat":[12291,12509],"product_tag":[],"class_list":{"0":"post-690795","1":"product","2":"type-product","3":"status-publish","5":"product_cat-edebiyat","6":"product_cat-siir","7":"pa_cilt-ciltsiz","8":"pa_tur-kitap","9":"pa_yayinevi-kirmizi-kedi-yayinevi","10":"pa_yazar-sukru-erbas","12":"first","13":"instock","14":"sale","15":"shipping-taxable","16":"purchasable","17":"product-type-simple"},"_links":{"self":[{"href":"https:\/\/roveyayinevi.com.tr\/index.php\/wp-json\/wp\/v2\/product\/690795","targetHints":{"allow":["GET"]}}],"collection":[{"href":"https:\/\/roveyayinevi.com.tr\/index.php\/wp-json\/wp\/v2\/product"}],"about":[{"href":"https:\/\/roveyayinevi.com.tr\/index.php\/wp-json\/wp\/v2\/types\/product"}],"wp:attachment":[{"href":"https:\/\/roveyayinevi.com.tr\/index.php\/wp-json\/wp\/v2\/media?parent=690795"}],"wp:term":[{"taxonomy":"product_brand","embeddable":true,"href":"https:\/\/roveyayinevi.com.tr\/index.php\/wp-json\/wp\/v2\/product_brand?post=690795"},{"taxonomy":"product_cat","embeddable":true,"href":"https:\/\/roveyayinevi.com.tr\/index.php\/wp-json\/wp\/v2\/product_cat?post=690795"},{"taxonomy":"product_tag","embeddable":true,"href":"https:\/\/roveyayinevi.com.tr\/index.php\/wp-json\/wp\/v2\/product_tag?post=690795"}],"curies":[{"name":"wp","href":"https:\/\/api.w.org\/{rel}","templated":true}]}}