{"id":690792,"date":"2025-08-27T13:53:34","date_gmt":"2025-08-27T10:53:34","guid":{"rendered":"https:\/\/roveyayinevi.com.tr\/index.php\/urun\/ataturku-yasayanlar\/"},"modified":"2026-04-16T02:00:20","modified_gmt":"2026-04-15T23:00:20","slug":"ataturku-yasayanlar","status":"publish","type":"product","link":"https:\/\/roveyayinevi.com.tr\/index.php\/urun\/ataturku-yasayanlar\/","title":{"rendered":"Atat\u00fcrk\u2019\u00fc Ya\u015fayanlar"},"content":{"rendered":"<p>Atat\u00fcrk\u2019\u00fc Ya\u015fayanlar; b\u00fcy\u00fck zorluklar, umutsuzluklar kar\u015f\u0131s\u0131nda, topraklar\u0131 emperyalist devletler taraf\u0131ndan payla\u015f\u0131lm\u0131\u015f, kendine ve \u00fclkesinin gelece\u011fine olan inanc\u0131n\u0131 yitirmi\u015f bir milletin nas\u0131l yarat\u0131ld\u0131\u011f\u0131n\u0131, ba\u011f\u0131ms\u0131zl\u0131\u011f\u0131n\u0131 ve \u00f6zg\u00fcrl\u00fc\u011f\u00fcn\u00fc nas\u0131l kazand\u0131\u011f\u0131n\u0131 tekrar hat\u0131rlat\u0131yor. <\/p>\n","protected":false},"excerpt":{"rendered":"<p>Atat\u00fcrk\u2019\u00fc Ya\u015fayanlar; b\u00fcy\u00fck zorluklar, umutsuzluklar kar\u015f\u0131s\u0131nda, topraklar\u0131 emperyalist devletler taraf\u0131ndan payla\u015f\u0131lm\u0131\u015f, kendine ve \u00fclkesinin gelece\u011fine olan inanc\u0131n\u0131 yitirmi\u015f bir milletin nas\u0131l yarat\u0131ld\u0131\u011f\u0131n\u0131, ba\u011f\u0131ms\u0131zl\u0131\u011f\u0131n\u0131 ve \u00f6zg\u00fcrl\u00fc\u011f\u00fcn\u00fc nas\u0131l<span class=\"excerpt-hellip\"> [\u2026]<\/span><\/p>\n","protected":false},"featured_media":0,"template":"","meta":{"_monsterinsights_skip_tracking":false,"_monsterinsights_sitenote_active":false,"_monsterinsights_sitenote_note":"","_monsterinsights_sitenote_category":0},"product_brand":[],"product_cat":[12312,12304],"product_tag":[],"class_list":{"0":"post-690792","1":"product","2":"type-product","3":"status-publish","5":"product_cat-diger","6":"product_cat-tarih","7":"pa_tur-kitap","8":"pa_yayinevi-kirmizi-kedi-yayinevi","9":"pa_yazar-gonul-bakay","11":"first","12":"instock","13":"sale","14":"shipping-taxable","15":"purchasable","16":"product-type-simple"},"_links":{"self":[{"href":"https:\/\/roveyayinevi.com.tr\/index.php\/wp-json\/wp\/v2\/product\/690792","targetHints":{"allow":["GET"]}}],"collection":[{"href":"https:\/\/roveyayinevi.com.tr\/index.php\/wp-json\/wp\/v2\/product"}],"about":[{"href":"https:\/\/roveyayinevi.com.tr\/index.php\/wp-json\/wp\/v2\/types\/product"}],"wp:attachment":[{"href":"https:\/\/roveyayinevi.com.tr\/index.php\/wp-json\/wp\/v2\/media?parent=690792"}],"wp:term":[{"taxonomy":"product_brand","embeddable":true,"href":"https:\/\/roveyayinevi.com.tr\/index.php\/wp-json\/wp\/v2\/product_brand?post=690792"},{"taxonomy":"product_cat","embeddable":true,"href":"https:\/\/roveyayinevi.com.tr\/index.php\/wp-json\/wp\/v2\/product_cat?post=690792"},{"taxonomy":"product_tag","embeddable":true,"href":"https:\/\/roveyayinevi.com.tr\/index.php\/wp-json\/wp\/v2\/product_tag?post=690792"}],"curies":[{"name":"wp","href":"https:\/\/api.w.org\/{rel}","templated":true}]}}