{"id":690790,"date":"2025-08-27T13:53:34","date_gmt":"2025-08-27T10:53:34","guid":{"rendered":"https:\/\/roveyayinevi.com.tr\/index.php\/urun\/bulmaca-meraklisi-quaresma\/"},"modified":"2026-04-16T02:00:20","modified_gmt":"2026-04-15T23:00:20","slug":"bulmaca-meraklisi-quaresma","status":"publish","type":"product","link":"https:\/\/roveyayinevi.com.tr\/index.php\/urun\/bulmaca-meraklisi-quaresma\/","title":{"rendered":"Bulmaca Merakl\u0131s\u0131 Quaresma"},"content":{"rendered":"<p>Edebiyat tarihinin en ilgin\u00e7 dedektif karakterlerinden biri olma potansiyelini ta\u015f\u0131yan Doktor Ab\u00edlio Quaresma, ak\u0131l y\u00fcr\u00fctmeyi ba\u015f tac\u0131 eder, satran\u00e7 ve mant\u0131k problemlerine merakl\u0131d\u0131r. Polisin ve adli makamlar\u0131n \u00e7\u00f6zemedi\u011fi vakalara m\u00fcdahil olup su\u00e7 du\u0308nyas\u0131n\u0131n bulmacalar\u0131n\u0131 \u00e7\u00f6zmekten kendini al\u0131koyamaz. Bu ilgin\u00e7 karakter hakk\u0131ndaki eskiz notlar\u0131 da Pessoa\u2019dan kalan taslaklar aras\u0131ndayd\u0131. <\/p>\n","protected":false},"excerpt":{"rendered":"<p>Edebiyat tarihinin en ilgin\u00e7 dedektif karakterlerinden biri olma potansiyelini ta\u015f\u0131yan Doktor Ab\u00edlio Quaresma, ak\u0131l y\u00fcr\u00fctmeyi ba\u015f tac\u0131 eder, satran\u00e7 ve mant\u0131k problemlerine merakl\u0131d\u0131r. Polisin ve adli<span class=\"excerpt-hellip\"> [\u2026]<\/span><\/p>\n","protected":false},"featured_media":0,"template":"","meta":{"_monsterinsights_skip_tracking":false,"_monsterinsights_sitenote_active":false,"_monsterinsights_sitenote_note":"","_monsterinsights_sitenote_category":0},"product_brand":[],"product_cat":[13661,12291],"product_tag":[],"class_list":{"0":"post-690790","1":"product","2":"type-product","3":"status-publish","5":"product_cat-diger-ulke-edebiyatlari","6":"product_cat-edebiyat","7":"pa_tur-kitap","8":"pa_yayinevi-kirmizi-kedi-yayinevi","9":"pa_yazar-fernando-pessoa","11":"first","12":"instock","13":"sale","14":"shipping-taxable","15":"purchasable","16":"product-type-simple"},"_links":{"self":[{"href":"https:\/\/roveyayinevi.com.tr\/index.php\/wp-json\/wp\/v2\/product\/690790","targetHints":{"allow":["GET"]}}],"collection":[{"href":"https:\/\/roveyayinevi.com.tr\/index.php\/wp-json\/wp\/v2\/product"}],"about":[{"href":"https:\/\/roveyayinevi.com.tr\/index.php\/wp-json\/wp\/v2\/types\/product"}],"wp:attachment":[{"href":"https:\/\/roveyayinevi.com.tr\/index.php\/wp-json\/wp\/v2\/media?parent=690790"}],"wp:term":[{"taxonomy":"product_brand","embeddable":true,"href":"https:\/\/roveyayinevi.com.tr\/index.php\/wp-json\/wp\/v2\/product_brand?post=690790"},{"taxonomy":"product_cat","embeddable":true,"href":"https:\/\/roveyayinevi.com.tr\/index.php\/wp-json\/wp\/v2\/product_cat?post=690790"},{"taxonomy":"product_tag","embeddable":true,"href":"https:\/\/roveyayinevi.com.tr\/index.php\/wp-json\/wp\/v2\/product_tag?post=690790"}],"curies":[{"name":"wp","href":"https:\/\/api.w.org\/{rel}","templated":true}]}}