{"id":690789,"date":"2025-08-27T13:53:34","date_gmt":"2025-08-27T10:53:34","guid":{"rendered":"https:\/\/roveyayinevi.com.tr\/index.php\/urun\/toprak-agaligi-ve-kurt-sorunu\/"},"modified":"2026-04-16T02:00:20","modified_gmt":"2026-04-15T23:00:20","slug":"toprak-agaligi-ve-kurt-sorunu","status":"publish","type":"product","link":"https:\/\/roveyayinevi.com.tr\/index.php\/urun\/toprak-agaligi-ve-kurt-sorunu\/","title":{"rendered":"Toprak A\u011fal\u0131\u011f\u0131 ve K\u00fcrt Sorunu"},"content":{"rendered":"<p>Kemalist Devrim\u2019in k\u00f6yl\u00fc felsefesi ve program\u0131&#8230; Cumhuriyet d\u00f6neminde toprak a\u011fal\u0131\u011f\u0131, a\u015firet ili\u015fkileri ve \u015feyhlik&#8230; \u015eeyh Sait, A\u011fr\u0131 ve Dersim isyan\u0131 dersleri&#8230; \u015eark raporlar\u0131nda Do\u011fu ve G\u00fcneydo\u011fu Anadolu ger\u00e7ekleri&#8230; \u0130n\u00f6n\u00fc ve Bayar raporlar\u0131n\u0131n i\u00e7eri\u011fi ve de\u011ferlendirmesi&#8230; Cumhuriyet y\u00f6netimine g\u00f6re K\u00fcrt meselesinin \u00f6z\u00fc&#8230; \u015earkta derebeyli\u011fe kar\u015f\u0131 s\u0131n\u0131fsal \u00e7\u00f6z\u00fcm aray\u0131\u015flar\u0131&#8230; CHP Program\u0131 ve Anayasa\u2019da toprak reformu de\u011fi\u015fiklikleri&#8230; Derebeyli\u011fe kar\u015f\u0131 yasalar ve uygulamalar&#8230;  Derebeylik Sistemi B\u00f6yle Y\u0131k\u0131l\u0131r m\u0131? &#8230; K\u00fc\u00e7\u00fck Amerika d\u00f6neminde toprak reformu masallar\u0131&#8230; B\u00f6l\u00fcc\u00fc ter\u00f6r\u00fcn zemini ve nedeni&#8230; G\u00fcn\u00fcm\u00fczde toprak a\u011fal\u0131\u011f\u0131 ve K\u00fcrt sorunu&#8230; 40 tez: K\u00fcrt sorununa ili\u015fkin 40 saptama ve \u00e7\u00f6z\u00fcm&#8230; <\/p>\n","protected":false},"excerpt":{"rendered":"<p>Kemalist Devrim\u2019in k\u00f6yl\u00fc felsefesi ve program\u0131&#8230; Cumhuriyet d\u00f6neminde toprak a\u011fal\u0131\u011f\u0131, a\u015firet ili\u015fkileri ve \u015feyhlik&#8230; \u015eeyh Sait, A\u011fr\u0131 ve Dersim isyan\u0131 dersleri&#8230; \u015eark raporlar\u0131nda Do\u011fu ve G\u00fcneydo\u011fu<span class=\"excerpt-hellip\"> [\u2026]<\/span><\/p>\n","protected":false},"featured_media":0,"template":"","meta":{"_monsterinsights_skip_tracking":false,"_monsterinsights_sitenote_active":false,"_monsterinsights_sitenote_note":"","_monsterinsights_sitenote_category":0},"product_brand":[],"product_cat":[13656,12337],"product_tag":[],"class_list":{"0":"post-690789","1":"product","2":"type-product","3":"status-publish","5":"product_cat-azinliklar-etnik-sorunlar","6":"product_cat-politika-siyaset","7":"pa_tur-kitap","8":"pa_yayinevi-kaynak-yayinlari","9":"pa_yazar-dogu-perincek","11":"first","12":"instock","13":"sale","14":"shipping-taxable","15":"purchasable","16":"product-type-simple"},"_links":{"self":[{"href":"https:\/\/roveyayinevi.com.tr\/index.php\/wp-json\/wp\/v2\/product\/690789","targetHints":{"allow":["GET"]}}],"collection":[{"href":"https:\/\/roveyayinevi.com.tr\/index.php\/wp-json\/wp\/v2\/product"}],"about":[{"href":"https:\/\/roveyayinevi.com.tr\/index.php\/wp-json\/wp\/v2\/types\/product"}],"wp:attachment":[{"href":"https:\/\/roveyayinevi.com.tr\/index.php\/wp-json\/wp\/v2\/media?parent=690789"}],"wp:term":[{"taxonomy":"product_brand","embeddable":true,"href":"https:\/\/roveyayinevi.com.tr\/index.php\/wp-json\/wp\/v2\/product_brand?post=690789"},{"taxonomy":"product_cat","embeddable":true,"href":"https:\/\/roveyayinevi.com.tr\/index.php\/wp-json\/wp\/v2\/product_cat?post=690789"},{"taxonomy":"product_tag","embeddable":true,"href":"https:\/\/roveyayinevi.com.tr\/index.php\/wp-json\/wp\/v2\/product_tag?post=690789"}],"curies":[{"name":"wp","href":"https:\/\/api.w.org\/{rel}","templated":true}]}}