{"id":690781,"date":"2025-08-27T13:53:32","date_gmt":"2025-08-27T10:53:32","guid":{"rendered":"https:\/\/roveyayinevi.com.tr\/index.php\/urun\/isaya-gore-incil\/"},"modified":"2026-04-16T02:00:20","modified_gmt":"2026-04-15T23:00:20","slug":"isaya-gore-incil","status":"publish","type":"product","link":"https:\/\/roveyayinevi.com.tr\/index.php\/urun\/isaya-gore-incil\/","title":{"rendered":"\u0130sa&#8217;ya G\u00f6re \u0130ncil"},"content":{"rendered":"<p>1998 Nobel Edebiyat \u00d6d\u00fcl\u00fc Nobel Edebiyat \u00d6d\u00fcl\u00fc sahibi Jose Saramago, tart\u0131\u015fmalara yol a\u00e7an roman\u0131 \u0130sa&#8217;ya G\u00f6re \u0130ncil&#8217;de \u0130sa&#8217;n\u0131n ya\u015fam\u0131n\u0131 ve H\u0131ristiyanl\u0131\u011f\u0131n hikayesini kutsal kitaplardaki kronolojiye sad\u0131k kalarak, ancak farkl\u0131 bir bak\u0131\u015f a\u00e7\u0131s\u0131yla anlat\u0131yor. Anne rahmine d\u00fc\u015fmesinden ba\u015flayarak bir \u00e7ocuk, bir gen\u00e7 olarak zay\u0131fl\u0131klar\u0131n\u0131, \u00f6fkelerini, heyecanlar\u0131n\u0131, karars\u0131zl\u0131klar\u0131n\u0131 ve Mecdelli Meryem&#8217;le olan a\u015fk ili\u015fkisini roman\u0131na yans\u0131t\u0131rken \u0130sa&#8217;y\u0131 Tanr\u0131&#8217;n\u0131n o\u011flu ve bir peygamberden ziyade insan olarak g\u00f6steriyor. \u0130sa&#8217;n\u0131n ve Tanr\u0131&#8217;n\u0131n \u00fczerindeki kutsall\u0131k \u00f6rt\u00fcs\u00fcn\u00fc kald\u0131r\u0131yor ve b\u00f6ylelikle soru sorman\u0131n, sorgulaman\u0131n \u00f6n\u00fcn\u00fc a\u00e7\u0131yor. Din ve inan\u00e7 ad\u0131na yap\u0131lan \u015fiddet dolu eylemlerle karanl\u0131k bir mesel; \u015fa\u015f\u0131rt\u0131c\u0131 zenginlikleriyle ve derinlikleriyle d\u00fcnyevi bir \u0130ncil olan bu roman, Saramago&#8217;nun \u00fclkesini terk etmesine yol a\u00e7m\u0131\u015ft\u0131.<\/p>\n","protected":false},"excerpt":{"rendered":"<p>1998 Nobel Edebiyat \u00d6d\u00fcl\u00fc Nobel Edebiyat \u00d6d\u00fcl\u00fc sahibi Jose Saramago, tart\u0131\u015fmalara yol a\u00e7an roman\u0131 \u0130sa&#8217;ya G\u00f6re \u0130ncil&#8217;de \u0130sa&#8217;n\u0131n ya\u015fam\u0131n\u0131 ve H\u0131ristiyanl\u0131\u011f\u0131n hikayesini kutsal kitaplardaki kronolojiye sad\u0131k<span class=\"excerpt-hellip\"> [\u2026]<\/span><\/p>\n","protected":false},"featured_media":0,"template":"","meta":{"_monsterinsights_skip_tracking":false,"_monsterinsights_sitenote_active":false,"_monsterinsights_sitenote_note":"","_monsterinsights_sitenote_category":0},"product_brand":[],"product_cat":[12291,12711],"product_tag":[],"class_list":{"0":"post-690781","1":"product","2":"type-product","3":"status-publish","5":"product_cat-edebiyat","6":"product_cat-roman-oyku","7":"pa_cilt-ciltsiz","8":"pa_tur-kitap","9":"pa_yayinevi-kirmizi-kedi-yayinevi","10":"pa_yazar-jose-saramago","12":"first","13":"instock","14":"sale","15":"shipping-taxable","16":"purchasable","17":"product-type-simple"},"_links":{"self":[{"href":"https:\/\/roveyayinevi.com.tr\/index.php\/wp-json\/wp\/v2\/product\/690781","targetHints":{"allow":["GET"]}}],"collection":[{"href":"https:\/\/roveyayinevi.com.tr\/index.php\/wp-json\/wp\/v2\/product"}],"about":[{"href":"https:\/\/roveyayinevi.com.tr\/index.php\/wp-json\/wp\/v2\/types\/product"}],"wp:attachment":[{"href":"https:\/\/roveyayinevi.com.tr\/index.php\/wp-json\/wp\/v2\/media?parent=690781"}],"wp:term":[{"taxonomy":"product_brand","embeddable":true,"href":"https:\/\/roveyayinevi.com.tr\/index.php\/wp-json\/wp\/v2\/product_brand?post=690781"},{"taxonomy":"product_cat","embeddable":true,"href":"https:\/\/roveyayinevi.com.tr\/index.php\/wp-json\/wp\/v2\/product_cat?post=690781"},{"taxonomy":"product_tag","embeddable":true,"href":"https:\/\/roveyayinevi.com.tr\/index.php\/wp-json\/wp\/v2\/product_tag?post=690781"}],"curies":[{"name":"wp","href":"https:\/\/api.w.org\/{rel}","templated":true}]}}