{"id":690780,"date":"2025-08-27T13:53:32","date_gmt":"2025-08-27T10:53:32","guid":{"rendered":"https:\/\/roveyayinevi.com.tr\/index.php\/urun\/bir-aciya-kiraci\/"},"modified":"2026-04-16T02:00:20","modified_gmt":"2026-04-15T23:00:20","slug":"bir-aciya-kiraci","status":"publish","type":"product","link":"https:\/\/roveyayinevi.com.tr\/index.php\/urun\/bir-aciya-kiraci\/","title":{"rendered":"Bir Ac\u0131ya Kirac\u0131"},"content":{"rendered":"<p>Sen yar\u0131m kalm\u0131\u015f bir a\u015fk\u0131n Ka\u00e7\u0131n\u0131lmaz s\u00fcrg\u00fcn\u00fc, Katlanan g\u00f6\u011fs\u00fcndeki kayaya. Sen orda \u015fimdi bir h\u00fczn\u00fc k\u00f6p\u00fcrt, Ben bir \u00e7ocu\u011fa su vereyim burda.   Ben ki kirac\u0131y\u0131m bir ac\u0131ya. Sen imzalars\u0131n sabah ak\u015fam Defterini bensizli\u011fin, Bense kanla \u00f6derim Kiras\u0131n\u0131 kald\u0131\u011f\u0131m evin. Bir takvimi tersten a\u00e7ard\u0131k E\u011fer isteseydin. <\/p>\n","protected":false},"excerpt":{"rendered":"<p>Sen yar\u0131m kalm\u0131\u015f bir a\u015fk\u0131n Ka\u00e7\u0131n\u0131lmaz s\u00fcrg\u00fcn\u00fc, Katlanan g\u00f6\u011fs\u00fcndeki kayaya. Sen orda \u015fimdi bir h\u00fczn\u00fc k\u00f6p\u00fcrt, Ben bir \u00e7ocu\u011fa su vereyim burda. Ben ki kirac\u0131y\u0131m bir<span class=\"excerpt-hellip\"> [\u2026]<\/span><\/p>\n","protected":false},"featured_media":0,"template":"","meta":{"_monsterinsights_skip_tracking":false,"_monsterinsights_sitenote_active":false,"_monsterinsights_sitenote_note":"","_monsterinsights_sitenote_category":0},"product_brand":[],"product_cat":[12291,12509],"product_tag":[],"class_list":{"0":"post-690780","1":"product","2":"type-product","3":"status-publish","5":"product_cat-edebiyat","6":"product_cat-siir","7":"pa_cilt-ciltsiz","8":"pa_tur-kitap","9":"pa_yayinevi-kirmizi-kedi-yayinevi","10":"pa_yazar-metin-altiok","12":"first","13":"instock","14":"sale","15":"shipping-taxable","16":"purchasable","17":"product-type-simple"},"_links":{"self":[{"href":"https:\/\/roveyayinevi.com.tr\/index.php\/wp-json\/wp\/v2\/product\/690780","targetHints":{"allow":["GET"]}}],"collection":[{"href":"https:\/\/roveyayinevi.com.tr\/index.php\/wp-json\/wp\/v2\/product"}],"about":[{"href":"https:\/\/roveyayinevi.com.tr\/index.php\/wp-json\/wp\/v2\/types\/product"}],"wp:attachment":[{"href":"https:\/\/roveyayinevi.com.tr\/index.php\/wp-json\/wp\/v2\/media?parent=690780"}],"wp:term":[{"taxonomy":"product_brand","embeddable":true,"href":"https:\/\/roveyayinevi.com.tr\/index.php\/wp-json\/wp\/v2\/product_brand?post=690780"},{"taxonomy":"product_cat","embeddable":true,"href":"https:\/\/roveyayinevi.com.tr\/index.php\/wp-json\/wp\/v2\/product_cat?post=690780"},{"taxonomy":"product_tag","embeddable":true,"href":"https:\/\/roveyayinevi.com.tr\/index.php\/wp-json\/wp\/v2\/product_tag?post=690780"}],"curies":[{"name":"wp","href":"https:\/\/api.w.org\/{rel}","templated":true}]}}