{"id":690778,"date":"2025-08-27T13:53:32","date_gmt":"2025-08-27T10:53:32","guid":{"rendered":"https:\/\/roveyayinevi.com.tr\/index.php\/urun\/amerikanomanyaklar\/"},"modified":"2026-04-16T02:00:19","modified_gmt":"2026-04-15T23:00:19","slug":"amerikanomanyaklar","status":"publish","type":"product","link":"https:\/\/roveyayinevi.com.tr\/index.php\/urun\/amerikanomanyaklar\/","title":{"rendered":"Amerikanomanyaklar"},"content":{"rendered":"<p>Loupiote ile Cypriuche, ya da Fransa&#8217;n\u0131n Cannes kentinde ya\u015fayanlar\u0131n takt\u0131klar\u0131 adlar\u0131yla &#8216;\u00c7\u00f6p tenekeleri&#8217;, Par\u00e7aboh\u00e7alar\u0131&#8217;, k\u0131sacas\u0131 ya\u015flar\u0131n\u0131n toplam\u0131 150&#8217;ye dayanan yoksul, evsiz- barks\u0131z bir kar\u0131-koca. Hurda bir arabada ya\u015fayan, sokaklardan toplad\u0131klar\u0131 art\u0131klarla ge\u00e7inen bu \u00e7ift, birbirlerine tan\u0131\u015ft\u0131klar\u0131 ilk g\u00fcnk\u00fc kadar \u00e2\u015f\u0131k, adeta bir \u00e7ift muhabbet ku\u015fu. Onlar\u0131 ayakta tutan, ya\u015fama sevin\u00e7lerini s\u00fcrd\u00fcrmelerini sa\u011flayansa bir t\u00fcr hastal\u0131k: <\/p>\n","protected":false},"excerpt":{"rendered":"<p>Loupiote ile Cypriuche, ya da Fransa&#8217;n\u0131n Cannes kentinde ya\u015fayanlar\u0131n takt\u0131klar\u0131 adlar\u0131yla &#8216;\u00c7\u00f6p tenekeleri&#8217;, Par\u00e7aboh\u00e7alar\u0131&#8217;, k\u0131sacas\u0131 ya\u015flar\u0131n\u0131n toplam\u0131 150&#8217;ye dayanan yoksul, evsiz- barks\u0131z bir kar\u0131-koca. Hurda bir<span class=\"excerpt-hellip\"> [\u2026]<\/span><\/p>\n","protected":false},"featured_media":0,"template":"","meta":{"_monsterinsights_skip_tracking":false,"_monsterinsights_sitenote_active":false,"_monsterinsights_sitenote_note":"","_monsterinsights_sitenote_category":0},"product_brand":[],"product_cat":[12777,12291],"product_tag":[],"class_list":{"0":"post-690778","1":"product","2":"type-product","3":"status-publish","5":"product_cat-deneme","6":"product_cat-edebiyat","7":"pa_tur-kitap","8":"pa_yayinevi-kirmizi-kedi-yayinevi","9":"pa_yazar-serge-rezvani","11":"first","12":"instock","13":"sale","14":"shipping-taxable","15":"purchasable","16":"product-type-simple"},"_links":{"self":[{"href":"https:\/\/roveyayinevi.com.tr\/index.php\/wp-json\/wp\/v2\/product\/690778","targetHints":{"allow":["GET"]}}],"collection":[{"href":"https:\/\/roveyayinevi.com.tr\/index.php\/wp-json\/wp\/v2\/product"}],"about":[{"href":"https:\/\/roveyayinevi.com.tr\/index.php\/wp-json\/wp\/v2\/types\/product"}],"wp:attachment":[{"href":"https:\/\/roveyayinevi.com.tr\/index.php\/wp-json\/wp\/v2\/media?parent=690778"}],"wp:term":[{"taxonomy":"product_brand","embeddable":true,"href":"https:\/\/roveyayinevi.com.tr\/index.php\/wp-json\/wp\/v2\/product_brand?post=690778"},{"taxonomy":"product_cat","embeddable":true,"href":"https:\/\/roveyayinevi.com.tr\/index.php\/wp-json\/wp\/v2\/product_cat?post=690778"},{"taxonomy":"product_tag","embeddable":true,"href":"https:\/\/roveyayinevi.com.tr\/index.php\/wp-json\/wp\/v2\/product_tag?post=690778"}],"curies":[{"name":"wp","href":"https:\/\/api.w.org\/{rel}","templated":true}]}}