{"id":690775,"date":"2025-08-27T13:53:31","date_gmt":"2025-08-27T10:53:31","guid":{"rendered":"https:\/\/roveyayinevi.com.tr\/index.php\/urun\/zazaca-turkce-sozluk\/"},"modified":"2026-04-16T02:00:19","modified_gmt":"2026-04-15T23:00:19","slug":"zazaca-turkce-sozluk","status":"publish","type":"product","link":"https:\/\/roveyayinevi.com.tr\/index.php\/urun\/zazaca-turkce-sozluk\/","title":{"rendered":"Zazaca-T\u00fcrk\u00e7e S\u00f6zl\u00fck"},"content":{"rendered":"<p>Zaza dili ve k\u00fclt\u00fcr\u00fcne \u00f6nemli bir katk\u0131 olan bu kitap, Mesut \u00d6zcan\u2019\u0131n haz\u0131rlad\u0131\u011f\u0131 s\u00f6zl\u00fc\u011f\u00fcn yan\u0131 s\u0131ra, Mehmet Bedri G\u00fcltekin\u2019in Zazaca grameri \u00fczerine bir \u00e7al\u0131\u015fmas\u0131n\u0131n da i\u00e7eriyor. \ufffcTan\u0131t\u0131m Metni<\/p>\n","protected":false},"excerpt":{"rendered":"<p>Zaza dili ve k\u00fclt\u00fcr\u00fcne \u00f6nemli bir katk\u0131 olan bu kitap, Mesut \u00d6zcan\u2019\u0131n haz\u0131rlad\u0131\u011f\u0131 s\u00f6zl\u00fc\u011f\u00fcn yan\u0131 s\u0131ra, Mehmet Bedri G\u00fcltekin\u2019in Zazaca grameri \u00fczerine bir \u00e7al\u0131\u015fmas\u0131n\u0131n da i\u00e7eriyor.<span class=\"excerpt-hellip\"> [\u2026]<\/span><\/p>\n","protected":false},"featured_media":0,"template":"","meta":{"_monsterinsights_skip_tracking":false,"_monsterinsights_sitenote_active":false,"_monsterinsights_sitenote_note":"","_monsterinsights_sitenote_category":0},"product_brand":[],"product_cat":[12364,16266],"product_tag":[],"class_list":{"0":"post-690775","1":"product","2":"type-product","3":"status-publish","5":"product_cat-genel-konular","6":"product_cat-referans-kaynak-kitap","7":"pa_tur-kitap","8":"pa_yayinevi-kaynak-yayinlari","9":"pa_yazar-mesut-ozcan","11":"first","12":"instock","13":"sale","14":"shipping-taxable","15":"purchasable","16":"product-type-simple"},"_links":{"self":[{"href":"https:\/\/roveyayinevi.com.tr\/index.php\/wp-json\/wp\/v2\/product\/690775","targetHints":{"allow":["GET"]}}],"collection":[{"href":"https:\/\/roveyayinevi.com.tr\/index.php\/wp-json\/wp\/v2\/product"}],"about":[{"href":"https:\/\/roveyayinevi.com.tr\/index.php\/wp-json\/wp\/v2\/types\/product"}],"wp:attachment":[{"href":"https:\/\/roveyayinevi.com.tr\/index.php\/wp-json\/wp\/v2\/media?parent=690775"}],"wp:term":[{"taxonomy":"product_brand","embeddable":true,"href":"https:\/\/roveyayinevi.com.tr\/index.php\/wp-json\/wp\/v2\/product_brand?post=690775"},{"taxonomy":"product_cat","embeddable":true,"href":"https:\/\/roveyayinevi.com.tr\/index.php\/wp-json\/wp\/v2\/product_cat?post=690775"},{"taxonomy":"product_tag","embeddable":true,"href":"https:\/\/roveyayinevi.com.tr\/index.php\/wp-json\/wp\/v2\/product_tag?post=690775"}],"curies":[{"name":"wp","href":"https:\/\/api.w.org\/{rel}","templated":true}]}}