{"id":690774,"date":"2025-08-27T13:53:31","date_gmt":"2025-08-27T10:53:31","guid":{"rendered":"https:\/\/roveyayinevi.com.tr\/index.php\/urun\/yarin\/"},"modified":"2026-04-16T02:00:19","modified_gmt":"2026-04-15T23:00:19","slug":"yarin","status":"publish","type":"product","link":"https:\/\/roveyayinevi.com.tr\/index.php\/urun\/yarin\/","title":{"rendered":"Yar\u0131n"},"content":{"rendered":"<p>Robert Havemann, b\u00fct\u00fcn hayat\u0131 boyunca sosyalizm i\u00e7in m\u00fccadele etti. Yar\u0131n i\u015fte o m\u00fccadelenin bir \u00fcr\u00fcn\u00fcd\u00fcr. Havemann, esasl\u0131 bir kapitalizm ele\u015ftirisini   reel sosyalist sistem  in ele\u015ftirisiyle ince bir bi\u00e7imde birle\u015ftirerek yola \u00e7\u0131km\u0131\u015ft\u0131r. <\/p>\n","protected":false},"excerpt":{"rendered":"<p>Robert Havemann, b\u00fct\u00fcn hayat\u0131 boyunca sosyalizm i\u00e7in m\u00fccadele etti. Yar\u0131n i\u015fte o m\u00fccadelenin bir \u00fcr\u00fcn\u00fcd\u00fcr. Havemann, esasl\u0131 bir kapitalizm ele\u015ftirisini reel sosyalist sistem in ele\u015ftirisiyle ince<span class=\"excerpt-hellip\"> [\u2026]<\/span><\/p>\n","protected":false},"featured_media":0,"template":"","meta":{"_monsterinsights_skip_tracking":false,"_monsterinsights_sitenote_active":false,"_monsterinsights_sitenote_note":"","_monsterinsights_sitenote_category":0},"product_brand":[],"product_cat":[16098,12337],"product_tag":[],"class_list":{"0":"post-690774","1":"product","2":"type-product","3":"status-publish","5":"product_cat-politik-akimlar-hareketler","6":"product_cat-politika-siyaset","7":"pa_tur-kitap","8":"pa_yayinevi-kaynak-yayinlari","9":"pa_yazar-robert-havemann","11":"first","12":"instock","13":"sale","14":"shipping-taxable","15":"purchasable","16":"product-type-simple"},"_links":{"self":[{"href":"https:\/\/roveyayinevi.com.tr\/index.php\/wp-json\/wp\/v2\/product\/690774","targetHints":{"allow":["GET"]}}],"collection":[{"href":"https:\/\/roveyayinevi.com.tr\/index.php\/wp-json\/wp\/v2\/product"}],"about":[{"href":"https:\/\/roveyayinevi.com.tr\/index.php\/wp-json\/wp\/v2\/types\/product"}],"wp:attachment":[{"href":"https:\/\/roveyayinevi.com.tr\/index.php\/wp-json\/wp\/v2\/media?parent=690774"}],"wp:term":[{"taxonomy":"product_brand","embeddable":true,"href":"https:\/\/roveyayinevi.com.tr\/index.php\/wp-json\/wp\/v2\/product_brand?post=690774"},{"taxonomy":"product_cat","embeddable":true,"href":"https:\/\/roveyayinevi.com.tr\/index.php\/wp-json\/wp\/v2\/product_cat?post=690774"},{"taxonomy":"product_tag","embeddable":true,"href":"https:\/\/roveyayinevi.com.tr\/index.php\/wp-json\/wp\/v2\/product_tag?post=690774"}],"curies":[{"name":"wp","href":"https:\/\/api.w.org\/{rel}","templated":true}]}}