{"id":690773,"date":"2025-08-27T13:53:31","date_gmt":"2025-08-27T10:53:31","guid":{"rendered":"https:\/\/roveyayinevi.com.tr\/index.php\/urun\/ask-siirleri-antolojisi\/"},"modified":"2026-04-16T02:00:19","modified_gmt":"2026-04-15T23:00:19","slug":"ask-siirleri-antolojisi","status":"publish","type":"product","link":"https:\/\/roveyayinevi.com.tr\/index.php\/urun\/ask-siirleri-antolojisi\/","title":{"rendered":"A\u015fk \u015eiirleri Antolojisi"},"content":{"rendered":"<p>Mavi Ge\u00e7ti&#8230;\u00d6yle bir yazd\u0131 kiSanki g\u00f6ky\u00fcz\u00fcnde oturuyordukSeni \u00f6pmek g\u00f6ky\u00fcz\u00fcn\u00fc \u00f6pmek gibiMavi bir \u015feydiGen\u00e7lik \u00f6yle bir yazd\u0131r kiNe yurt ne ev ne odaYaln\u0131zca g\u00f6ky\u00fcz\u00fcYeter insanaBiz seninle g\u00f6ky\u00fcz\u00fcnde\u00c7ok oturdukGen\u00e7li\u011fimiz\u00c7ok mavi ge\u00e7ti&#8230; \u00e7ok!<\/p>\n","protected":false},"excerpt":{"rendered":"<p>Mavi Ge\u00e7ti&#8230;\u00d6yle bir yazd\u0131 kiSanki g\u00f6ky\u00fcz\u00fcnde oturuyordukSeni \u00f6pmek g\u00f6ky\u00fcz\u00fcn\u00fc \u00f6pmek gibiMavi bir \u015feydiGen\u00e7lik \u00f6yle bir yazd\u0131r kiNe yurt ne ev ne odaYaln\u0131zca g\u00f6ky\u00fcz\u00fcYeter insanaBiz seninle g\u00f6ky\u00fcz\u00fcnde\u00c7ok<span class=\"excerpt-hellip\"> [\u2026]<\/span><\/p>\n","protected":false},"featured_media":0,"template":"","meta":{"_monsterinsights_skip_tracking":false,"_monsterinsights_sitenote_active":false,"_monsterinsights_sitenote_note":"","_monsterinsights_sitenote_category":0},"product_brand":[],"product_cat":[12291,12292],"product_tag":[],"class_list":{"0":"post-690773","1":"product","2":"type-product","3":"status-publish","5":"product_cat-edebiyat","6":"product_cat-turk-edebiyati","7":"pa_cilt-ciltsiz","8":"pa_tur-kitap","9":"pa_yayinevi-kirmizi-kedi-yayinevi","10":"pa_yazar-haydar-ergulen","12":"first","13":"instock","14":"sale","15":"shipping-taxable","16":"purchasable","17":"product-type-simple"},"_links":{"self":[{"href":"https:\/\/roveyayinevi.com.tr\/index.php\/wp-json\/wp\/v2\/product\/690773","targetHints":{"allow":["GET"]}}],"collection":[{"href":"https:\/\/roveyayinevi.com.tr\/index.php\/wp-json\/wp\/v2\/product"}],"about":[{"href":"https:\/\/roveyayinevi.com.tr\/index.php\/wp-json\/wp\/v2\/types\/product"}],"wp:attachment":[{"href":"https:\/\/roveyayinevi.com.tr\/index.php\/wp-json\/wp\/v2\/media?parent=690773"}],"wp:term":[{"taxonomy":"product_brand","embeddable":true,"href":"https:\/\/roveyayinevi.com.tr\/index.php\/wp-json\/wp\/v2\/product_brand?post=690773"},{"taxonomy":"product_cat","embeddable":true,"href":"https:\/\/roveyayinevi.com.tr\/index.php\/wp-json\/wp\/v2\/product_cat?post=690773"},{"taxonomy":"product_tag","embeddable":true,"href":"https:\/\/roveyayinevi.com.tr\/index.php\/wp-json\/wp\/v2\/product_tag?post=690773"}],"curies":[{"name":"wp","href":"https:\/\/api.w.org\/{rel}","templated":true}]}}