{"id":690771,"date":"2025-08-27T13:53:30","date_gmt":"2025-08-27T10:53:30","guid":{"rendered":"https:\/\/roveyayinevi.com.tr\/index.php\/urun\/yurt-bilgisi\/"},"modified":"2026-04-16T02:00:19","modified_gmt":"2026-04-15T23:00:19","slug":"yurt-bilgisi","status":"publish","type":"product","link":"https:\/\/roveyayinevi.com.tr\/index.php\/urun\/yurt-bilgisi\/","title":{"rendered":"Yurt Bilgisi"},"content":{"rendered":"<p>Atat\u00fcrk T\u00fcrkiye&#8217;sinin ilkokul be\u015finci s\u0131n\u0131flar\u0131nda 1927-1928 y\u0131l\u0131ndan ba\u015flayarak okutulan Yurt Bilgisi kitab\u0131n\u0131 sunuyoruz. Asl\u0131nda bu, ilkokul \u00e7ocuklar\u0131na bir ders kitab\u0131 olmaktan \u00f6te, Cumhuriyet&#8217;in  nas\u0131l bir millet, nas\u0131l bir h\u00fck\u00fcmet, meclis, milletvekili, bakan  sorular\u0131na verdi\u011fi yan\u0131tt\u0131r. \u0130lk\u00f6nce ana ilkeler saptan\u0131r. Di\u011fer tan\u0131mlar bu noktadan hareketle yap\u0131l\u0131r:  Ben bir T\u00fcrk\u00fcm, d\u00fc\u015f\u00fcncem, hareketim h\u00fcrd\u00fcr. (&#8230;) Ancak bu h\u00fcrriyet, milletimin h\u00fcr bir devlet olmas\u0131ndand\u0131r.   Cumhuriyette bir tek hakim vard\u0131r ki, o da halkt\u0131r.  Ancak,  her \u00e7\u0131kar\u0131n \u00fczerinde b\u00fcy\u00fck bir \u00e7\u0131kar vard\u0131r, o da yurt \u00e7\u0131kar\u0131, ba\u011f\u0131ms\u0131zl\u0131k kayg\u0131s\u0131d\u0131r.  K\u0131sa bir s\u00fcre \u00f6nce zorlu bir Kurtulu\u015f Sava\u015f\u0131 vermi\u015f, karal\u0131\u011f\u0131n dipsiz kuyular\u0131ndan \u00e7\u0131k\u0131p Cumhuriyetini kurmu\u015f \u00fclkenin \u00e7ocuklar\u0131na daha be\u015fikten bilim ve ilerlemeden yana, laik, ba\u011f\u0131ms\u0131z, kendine g\u00fcvenen, biz yeneriz, biz ba\u015far\u0131r\u0131z, biz yarat\u0131r\u0131z  diyebilen yurtta\u015flar olma bilinci verilmektedir. Bug\u00fcn \u00e7ocuklar\u0131m\u0131za okutulan Yurtta\u015fl\u0131k Bilgisi kitaplar\u0131n\u0131n kapa\u011f\u0131nda neden Atat\u00fcrk&#8217;\u00fcm\u00fcz\u00fcn de\u011fil de, Amerika Birle\u015fik Devletleri&#8217;nin simgesi olan an\u0131t\u0131n foto\u011fraf\u0131n\u0131n konuldu\u011fu, belki bu kitap okununca daha iyi anla\u015f\u0131lacakt\u0131r. Cumhuriyet Devrimi&#8217;nin bilinciyle yaz\u0131lan Yurt Bilgisi kitab\u0131 asl\u0131nda yaln\u0131zca \u00f6\u011fretmenler, \u00f6\u011frenciler i\u00e7in de\u011fil, bug\u00fcn\u00fcn y\u00f6netici ve siyaset\u00e7iler i\u00e7in de bir ders kitab\u0131d\u0131r. Cumhuriyet&#8217;imizin temeline konan harc\u0131 ve 80 y\u0131lda ge\u00e7irdi\u011fi irkiltici de\u011fi\u015fim s\u00fcrecini saptamak a\u00e7\u0131s\u0131ndan bir belge niteli\u011findedir. <\/p>\n","protected":false},"excerpt":{"rendered":"<p>Atat\u00fcrk T\u00fcrkiye&#8217;sinin ilkokul be\u015finci s\u0131n\u0131flar\u0131nda 1927-1928 y\u0131l\u0131ndan ba\u015flayarak okutulan Yurt Bilgisi kitab\u0131n\u0131 sunuyoruz. Asl\u0131nda bu, ilkokul \u00e7ocuklar\u0131na bir ders kitab\u0131 olmaktan \u00f6te, Cumhuriyet&#8217;in nas\u0131l bir millet,<span class=\"excerpt-hellip\"> [\u2026]<\/span><\/p>\n","protected":false},"featured_media":0,"template":"","meta":{"_monsterinsights_skip_tracking":false,"_monsterinsights_sitenote_active":false,"_monsterinsights_sitenote_note":"","_monsterinsights_sitenote_category":0},"product_brand":[],"product_cat":[13656,12337],"product_tag":[],"class_list":{"0":"post-690771","1":"product","2":"type-product","3":"status-publish","5":"product_cat-azinliklar-etnik-sorunlar","6":"product_cat-politika-siyaset","7":"pa_tur-kitap","8":"pa_yayinevi-kaynak-yayinlari","9":"pa_yazar-abdulbaki-golpinarli","11":"first","12":"instock","13":"sale","14":"shipping-taxable","15":"purchasable","16":"product-type-simple"},"_links":{"self":[{"href":"https:\/\/roveyayinevi.com.tr\/index.php\/wp-json\/wp\/v2\/product\/690771","targetHints":{"allow":["GET"]}}],"collection":[{"href":"https:\/\/roveyayinevi.com.tr\/index.php\/wp-json\/wp\/v2\/product"}],"about":[{"href":"https:\/\/roveyayinevi.com.tr\/index.php\/wp-json\/wp\/v2\/types\/product"}],"wp:attachment":[{"href":"https:\/\/roveyayinevi.com.tr\/index.php\/wp-json\/wp\/v2\/media?parent=690771"}],"wp:term":[{"taxonomy":"product_brand","embeddable":true,"href":"https:\/\/roveyayinevi.com.tr\/index.php\/wp-json\/wp\/v2\/product_brand?post=690771"},{"taxonomy":"product_cat","embeddable":true,"href":"https:\/\/roveyayinevi.com.tr\/index.php\/wp-json\/wp\/v2\/product_cat?post=690771"},{"taxonomy":"product_tag","embeddable":true,"href":"https:\/\/roveyayinevi.com.tr\/index.php\/wp-json\/wp\/v2\/product_tag?post=690771"}],"curies":[{"name":"wp","href":"https:\/\/api.w.org\/{rel}","templated":true}]}}