{"id":690770,"date":"2025-08-27T13:53:30","date_gmt":"2025-08-27T10:53:30","guid":{"rendered":"https:\/\/roveyayinevi.com.tr\/index.php\/urun\/arkadasim-deniz-gezmis\/"},"modified":"2026-04-16T02:00:19","modified_gmt":"2026-04-15T23:00:19","slug":"arkadasim-deniz-gezmis","status":"publish","type":"product","link":"https:\/\/roveyayinevi.com.tr\/index.php\/urun\/arkadasim-deniz-gezmis\/","title":{"rendered":"Arkada\u015f\u0131m Deniz Gezmi\u015f"},"content":{"rendered":"<p>Arkada\u015f\u0131m Deniz Gezmi\u015f bir kahramand\u0131. Y\u0131ld\u0131r\u0131m gibi ya\u015fad\u0131. Y\u0131ld\u0131r\u0131m gibi gitti. R\u00fczg\u00e2r gibi de\u011fil, y\u0131ld\u0131r\u0131m gibi ge\u00e7ti Cumhuriyet tarihimizden. 40 y\u0131l oldu. Bu iklimde bir an g\u00f6z\u00fckt\u00fc; \u015fim\u015fek gibi parlad\u0131. Ama unutulmaz bir \u0131\u015f\u0131k kald\u0131 O\u2019ndan. Bir cesaret \u0131\u015f\u0131\u011f\u0131, bir isyan \u0131\u015f\u0131\u011f\u0131, bir vicdan \u0131\u015f\u0131\u011f\u0131&#8230; Ate\u015fi 40 y\u0131ld\u0131r yan\u0131yor. Y\u00fcreklerdeki yang\u0131nd\u0131r ve ayd\u0131nlat\u0131yor. Deniz\u2019in, b\u0131rakt\u0131\u011f\u0131 pratik, her y\u00f6n\u00fcyle incelenmelidir. Aram\u0131zdan ayr\u0131l\u0131rken bizden bunu istemi\u015ftir. Bu kitapla Arkada\u015f\u0131m Deniz Gezmi\u015f\u2019in ki\u015fili\u011finde 1968 tecr\u00fcbesini gen\u00e7 devrimci ku\u015faklara bir rapor olarak sunmu\u015f oluyorum. Bu rapor, 1968\u2019e emek veren b\u00fct\u00fcn gen\u00e7lik \u00f6nderlerinin ortak raporudur. <\/p>\n","protected":false},"excerpt":{"rendered":"<p>Arkada\u015f\u0131m Deniz Gezmi\u015f bir kahramand\u0131. Y\u0131ld\u0131r\u0131m gibi ya\u015fad\u0131. Y\u0131ld\u0131r\u0131m gibi gitti. R\u00fczg\u00e2r gibi de\u011fil, y\u0131ld\u0131r\u0131m gibi ge\u00e7ti Cumhuriyet tarihimizden. 40 y\u0131l oldu. Bu iklimde bir an<span class=\"excerpt-hellip\"> [\u2026]<\/span><\/p>\n","protected":false},"featured_media":0,"template":"","meta":{"_monsterinsights_skip_tracking":false,"_monsterinsights_sitenote_active":false,"_monsterinsights_sitenote_note":"","_monsterinsights_sitenote_category":0},"product_brand":[],"product_cat":[16098,12337],"product_tag":[],"class_list":{"0":"post-690770","1":"product","2":"type-product","3":"status-publish","5":"product_cat-politik-akimlar-hareketler","6":"product_cat-politika-siyaset","7":"pa_tur-kitap","8":"pa_yayinevi-kaynak-yayinlari","9":"pa_yazar-dogu-perincek","11":"first","12":"instock","13":"sale","14":"shipping-taxable","15":"purchasable","16":"product-type-simple"},"_links":{"self":[{"href":"https:\/\/roveyayinevi.com.tr\/index.php\/wp-json\/wp\/v2\/product\/690770","targetHints":{"allow":["GET"]}}],"collection":[{"href":"https:\/\/roveyayinevi.com.tr\/index.php\/wp-json\/wp\/v2\/product"}],"about":[{"href":"https:\/\/roveyayinevi.com.tr\/index.php\/wp-json\/wp\/v2\/types\/product"}],"wp:attachment":[{"href":"https:\/\/roveyayinevi.com.tr\/index.php\/wp-json\/wp\/v2\/media?parent=690770"}],"wp:term":[{"taxonomy":"product_brand","embeddable":true,"href":"https:\/\/roveyayinevi.com.tr\/index.php\/wp-json\/wp\/v2\/product_brand?post=690770"},{"taxonomy":"product_cat","embeddable":true,"href":"https:\/\/roveyayinevi.com.tr\/index.php\/wp-json\/wp\/v2\/product_cat?post=690770"},{"taxonomy":"product_tag","embeddable":true,"href":"https:\/\/roveyayinevi.com.tr\/index.php\/wp-json\/wp\/v2\/product_tag?post=690770"}],"curies":[{"name":"wp","href":"https:\/\/api.w.org\/{rel}","templated":true}]}}