{"id":690767,"date":"2025-08-27T13:53:30","date_gmt":"2025-08-27T10:53:30","guid":{"rendered":"https:\/\/roveyayinevi.com.tr\/index.php\/urun\/avrupa-insan-haklari-mahkemesinde-dogu-perincek-isvicre-davasi\/"},"modified":"2026-04-16T02:00:19","modified_gmt":"2026-04-15T23:00:19","slug":"avrupa-insan-haklari-mahkemesinde-dogu-perincek-isvicre-davasi","status":"publish","type":"product","link":"https:\/\/roveyayinevi.com.tr\/index.php\/urun\/avrupa-insan-haklari-mahkemesinde-dogu-perincek-isvicre-davasi\/","title":{"rendered":"Avrupa \u0130nsan Haklar\u0131 Mahkemesi\u2019nde Do\u011fu Perin\u00e7ek &#8211; \u0130svi\u00e7re Davas\u0131"},"content":{"rendered":"<p>Pulat Tacar, T\u00fcrkiye\u2019nin deneyimli ve se\u00e7kin diplomatlar\u0131ndan biridir. Mesleki kariyerinin b\u00fcy\u00fck bir b\u00f6l\u00fcm\u00fcn\u00fc, T\u00fcrkiye\u2019nin Avrupa \u00fclkelerindeki Konsolosluk ve B\u00fcy\u00fckel\u00e7ilik d\u00fczeyindeki temsilcilik g\u00f6revleri olu\u015fturmu\u015ftur. <\/p>\n","protected":false},"excerpt":{"rendered":"<p>Pulat Tacar, T\u00fcrkiye\u2019nin deneyimli ve se\u00e7kin diplomatlar\u0131ndan biridir. Mesleki kariyerinin b\u00fcy\u00fck bir b\u00f6l\u00fcm\u00fcn\u00fc, T\u00fcrkiye\u2019nin Avrupa \u00fclkelerindeki Konsolosluk ve B\u00fcy\u00fckel\u00e7ilik d\u00fczeyindeki temsilcilik g\u00f6revleri olu\u015fturmu\u015ftur.<\/p>\n","protected":false},"featured_media":0,"template":"","meta":{"_monsterinsights_skip_tracking":false,"_monsterinsights_sitenote_active":false,"_monsterinsights_sitenote_note":"","_monsterinsights_sitenote_category":0},"product_brand":[],"product_cat":[13656,12337],"product_tag":[],"class_list":{"0":"post-690767","1":"product","2":"type-product","3":"status-publish","5":"product_cat-azinliklar-etnik-sorunlar","6":"product_cat-politika-siyaset","7":"pa_tur-kitap","8":"pa_yayinevi-kaynak-yayinlari","9":"pa_yazar-pulat-tacar","11":"first","12":"instock","13":"sale","14":"shipping-taxable","15":"purchasable","16":"product-type-simple"},"_links":{"self":[{"href":"https:\/\/roveyayinevi.com.tr\/index.php\/wp-json\/wp\/v2\/product\/690767","targetHints":{"allow":["GET"]}}],"collection":[{"href":"https:\/\/roveyayinevi.com.tr\/index.php\/wp-json\/wp\/v2\/product"}],"about":[{"href":"https:\/\/roveyayinevi.com.tr\/index.php\/wp-json\/wp\/v2\/types\/product"}],"wp:attachment":[{"href":"https:\/\/roveyayinevi.com.tr\/index.php\/wp-json\/wp\/v2\/media?parent=690767"}],"wp:term":[{"taxonomy":"product_brand","embeddable":true,"href":"https:\/\/roveyayinevi.com.tr\/index.php\/wp-json\/wp\/v2\/product_brand?post=690767"},{"taxonomy":"product_cat","embeddable":true,"href":"https:\/\/roveyayinevi.com.tr\/index.php\/wp-json\/wp\/v2\/product_cat?post=690767"},{"taxonomy":"product_tag","embeddable":true,"href":"https:\/\/roveyayinevi.com.tr\/index.php\/wp-json\/wp\/v2\/product_tag?post=690767"}],"curies":[{"name":"wp","href":"https:\/\/api.w.org\/{rel}","templated":true}]}}