{"id":690753,"date":"2025-08-27T13:53:27","date_gmt":"2025-08-27T10:53:27","guid":{"rendered":"https:\/\/roveyayinevi.com.tr\/index.php\/urun\/ataturkun-butun-eserleri-cilt-15-1923\/"},"modified":"2026-04-16T02:00:19","modified_gmt":"2026-04-15T23:00:19","slug":"ataturkun-butun-eserleri-cilt-15-1923","status":"publish","type":"product","link":"https:\/\/roveyayinevi.com.tr\/index.php\/urun\/ataturkun-butun-eserleri-cilt-15-1923\/","title":{"rendered":"Atat\u00fcrk&#8217;\u00fcn B\u00fct\u00fcn Eserleri Cilt: 15 (1923)"},"content":{"rendered":"<p>\u00d6ns\u00f6z: Mustafa Kemal Atat\u00fcrk, T\u00fcrkiye halk\u0131n\u0131n ulusal demokratik devriminin \u00f6nderidir. O&#8217;nun hayat\u0131, daha 1980 Devrimi \u00f6ncesinden 1938&#8217;de hayata g\u00f6z yummas\u0131na kadar toplumumuzun devrim s\u00fcre\u00e7leriyle i\u00e7 i\u00e7edir. Atat\u00fcrk, \u00e7a\u011f\u0131m\u0131z\u0131n iki b\u00fcy\u00fck devrim dinami\u011finden birini olu\u015fturan Mazlumlar D\u00fcnyas\u0131&#8217;n\u0131n ba\u015far\u0131ya ula\u015fan ilk devrimine \u00f6nderlik etmi\u015ftir. bu nedenle, O&#8217;nun ba\u015f\u0131nda bulundu\u011fu eylem, yaln\u0131z ulusal tarihimize damgas\u0131n\u0131 vurmakla kalmam\u0131\u015f, insanl\u0131k tarihinin yarat\u0131lmask\u0131na da \u00f6nemli katk\u0131da bulunmu\u015ftur. Kurtulu\u015f Sava\u015f\u0131&#8217;m\u0131z\u0131n ve Cumhuriyet Devrimi&#8217;mizin, bir b\u00fct\u00fcn olarak, b\u00fct\u00fcn d\u00fcnyada Kemalist Devrim diye bilinmesi, ba\u015fka deyi\u015fle O&#8217;nun ad\u0131yla an\u0131lmas\u0131 do\u011fald\u0131r. <\/p>\n","protected":false},"excerpt":{"rendered":"<p>\u00d6ns\u00f6z: Mustafa Kemal Atat\u00fcrk, T\u00fcrkiye halk\u0131n\u0131n ulusal demokratik devriminin \u00f6nderidir. O&#8217;nun hayat\u0131, daha 1980 Devrimi \u00f6ncesinden 1938&#8217;de hayata g\u00f6z yummas\u0131na kadar toplumumuzun devrim s\u00fcre\u00e7leriyle i\u00e7 i\u00e7edir.<span class=\"excerpt-hellip\"> [\u2026]<\/span><\/p>\n","protected":false},"featured_media":0,"template":"","meta":{"_monsterinsights_skip_tracking":false,"_monsterinsights_sitenote_active":false,"_monsterinsights_sitenote_note":"","_monsterinsights_sitenote_category":0},"product_brand":[],"product_cat":[12530,12304],"product_tag":[],"class_list":{"0":"post-690753","1":"product","2":"type-product","3":"status-publish","5":"product_cat-mustafa-kemal-ataturk","6":"product_cat-tarih","7":"pa_cilt-ciltli","8":"pa_tur-kitap","9":"pa_yayinevi-kaynak-yayinlari","10":"pa_yazar-mustafa-kemal-ataturk","12":"first","13":"instock","14":"sale","15":"shipping-taxable","16":"purchasable","17":"product-type-simple"},"_links":{"self":[{"href":"https:\/\/roveyayinevi.com.tr\/index.php\/wp-json\/wp\/v2\/product\/690753","targetHints":{"allow":["GET"]}}],"collection":[{"href":"https:\/\/roveyayinevi.com.tr\/index.php\/wp-json\/wp\/v2\/product"}],"about":[{"href":"https:\/\/roveyayinevi.com.tr\/index.php\/wp-json\/wp\/v2\/types\/product"}],"wp:attachment":[{"href":"https:\/\/roveyayinevi.com.tr\/index.php\/wp-json\/wp\/v2\/media?parent=690753"}],"wp:term":[{"taxonomy":"product_brand","embeddable":true,"href":"https:\/\/roveyayinevi.com.tr\/index.php\/wp-json\/wp\/v2\/product_brand?post=690753"},{"taxonomy":"product_cat","embeddable":true,"href":"https:\/\/roveyayinevi.com.tr\/index.php\/wp-json\/wp\/v2\/product_cat?post=690753"},{"taxonomy":"product_tag","embeddable":true,"href":"https:\/\/roveyayinevi.com.tr\/index.php\/wp-json\/wp\/v2\/product_tag?post=690753"}],"curies":[{"name":"wp","href":"https:\/\/api.w.org\/{rel}","templated":true}]}}