{"id":690752,"date":"2025-08-27T13:53:27","date_gmt":"2025-08-27T10:53:27","guid":{"rendered":"https:\/\/roveyayinevi.com.tr\/index.php\/urun\/koroglu-bir-toplumsal-direnisin-destani\/"},"modified":"2026-04-16T02:00:19","modified_gmt":"2026-04-15T23:00:19","slug":"koroglu-bir-toplumsal-direnisin-destani","status":"publish","type":"product","link":"https:\/\/roveyayinevi.com.tr\/index.php\/urun\/koroglu-bir-toplumsal-direnisin-destani\/","title":{"rendered":"K\u00f6ro\u011flu Bir Toplumsal Direni\u015fin Destan\u0131"},"content":{"rendered":"<p>Nice ki, hann, bey, pa\u015fa var; men K\u00f6ro\u011flu&#8217;lu\u011fu elden koyan de\u011filem. <\/p>\n","protected":false},"excerpt":{"rendered":"<p>Nice ki, hann, bey, pa\u015fa var; men K\u00f6ro\u011flu&#8217;lu\u011fu elden koyan de\u011filem.<\/p>\n","protected":false},"featured_media":0,"template":"","meta":{"_monsterinsights_skip_tracking":false,"_monsterinsights_sitenote_active":false,"_monsterinsights_sitenote_note":"","_monsterinsights_sitenote_category":0},"product_brand":[],"product_cat":[12291,12711],"product_tag":[],"class_list":{"0":"post-690752","1":"product","2":"type-product","3":"status-publish","5":"product_cat-edebiyat","6":"product_cat-roman-oyku","7":"pa_tur-kitap","8":"pa_yayinevi-kaynak-yayinlari","9":"pa_yazar-nejat-birdogan","11":"first","12":"instock","13":"sale","14":"shipping-taxable","15":"purchasable","16":"product-type-simple"},"_links":{"self":[{"href":"https:\/\/roveyayinevi.com.tr\/index.php\/wp-json\/wp\/v2\/product\/690752","targetHints":{"allow":["GET"]}}],"collection":[{"href":"https:\/\/roveyayinevi.com.tr\/index.php\/wp-json\/wp\/v2\/product"}],"about":[{"href":"https:\/\/roveyayinevi.com.tr\/index.php\/wp-json\/wp\/v2\/types\/product"}],"wp:attachment":[{"href":"https:\/\/roveyayinevi.com.tr\/index.php\/wp-json\/wp\/v2\/media?parent=690752"}],"wp:term":[{"taxonomy":"product_brand","embeddable":true,"href":"https:\/\/roveyayinevi.com.tr\/index.php\/wp-json\/wp\/v2\/product_brand?post=690752"},{"taxonomy":"product_cat","embeddable":true,"href":"https:\/\/roveyayinevi.com.tr\/index.php\/wp-json\/wp\/v2\/product_cat?post=690752"},{"taxonomy":"product_tag","embeddable":true,"href":"https:\/\/roveyayinevi.com.tr\/index.php\/wp-json\/wp\/v2\/product_tag?post=690752"}],"curies":[{"name":"wp","href":"https:\/\/api.w.org\/{rel}","templated":true}]}}