{"id":690751,"date":"2025-08-27T13:53:27","date_gmt":"2025-08-27T10:53:27","guid":{"rendered":"https:\/\/roveyayinevi.com.tr\/index.php\/urun\/uygarligin-kokeni-sumerliler-1-tarihte-ilk-edebi-eserlerden-secmeler\/"},"modified":"2026-04-16T02:00:19","modified_gmt":"2026-04-15T23:00:19","slug":"uygarligin-kokeni-sumerliler-1-tarihte-ilk-edebi-eserlerden-secmeler","status":"publish","type":"product","link":"https:\/\/roveyayinevi.com.tr\/index.php\/urun\/uygarligin-kokeni-sumerliler-1-tarihte-ilk-edebi-eserlerden-secmeler\/","title":{"rendered":"Uygarl\u0131\u011f\u0131n K\u00f6keni S\u00fcmerliler 1 Tarihte \u0130lk Edebi Eserlerden Se\u00e7meler"},"content":{"rendered":"<p>Konu pek \u00e7ok ve \u00e7e\u015fitli oldu\u011fu i\u00e7in, \u00e7al\u0131\u015fmam\u0131 iki cilde ay\u0131rd\u0131m. Birinci cilt olan bu kitap, merakla sorulan, Sumerlilerin evren ve evrenin, insan\u0131n olu\u015fumunu ve tanr\u0131larla ilgili inan\u0131\u015flar\u0131n\u0131 dile getiren efsanelerini; kahramanlar\u0131n ser\u00fcvenlerini i\u00e7eren destanlar\u0131n\u0131; sava\u015flarla nas\u0131l y\u0131k\u0131l\u0131p yak\u0131ld\u0131klar\u0131n\u0131 \u00e7ok ac\u0131kl\u0131 bir dille anlatan a\u011f\u0131tlar\u0131n\u0131 ve izleri zaman\u0131m\u0131za kadar gelen atas\u00f6zlerini kapsayacak, ikinci cilde alaca\u011f\u0131m konular ise, daha \u00e7ok Sumerlilerin g\u00fcnl\u00fck ya\u015fant\u0131lar\u0131yla ilgili olacak. Tarih, hukuk, ekonomi, okullar, mabetler, cinsel ya\u015fam, m\u00fczik, yemek, askerlik ve sanat gibi&#8230; Bu kitaplar yay\u0131mland\u0131ktan sonra S\u00fcmer Tufan\u0131\u2019n\u0131n Orta Asya\u2019daki ta\u015fk\u0131nl\u0131klardan kaynakland\u0131\u011f\u0131n\u0131 kan\u0131tlayacak olan kitab\u0131 bitirece\u011fim. Zevkli okumalar dile\u011fiyle&#8230; \ufffcTan\u0131t\u0131m Metni<\/p>\n","protected":false},"excerpt":{"rendered":"<p>Konu pek \u00e7ok ve \u00e7e\u015fitli oldu\u011fu i\u00e7in, \u00e7al\u0131\u015fmam\u0131 iki cilde ay\u0131rd\u0131m. Birinci cilt olan bu kitap, merakla sorulan, Sumerlilerin evren ve evrenin, insan\u0131n olu\u015fumunu ve tanr\u0131larla<span class=\"excerpt-hellip\"> [\u2026]<\/span><\/p>\n","protected":false},"featured_media":0,"template":"","meta":{"_monsterinsights_skip_tracking":false,"_monsterinsights_sitenote_active":false,"_monsterinsights_sitenote_note":"","_monsterinsights_sitenote_category":0},"product_brand":[],"product_cat":[12312,12304],"product_tag":[],"class_list":{"0":"post-690751","1":"product","2":"type-product","3":"status-publish","5":"product_cat-diger","6":"product_cat-tarih","7":"pa_tur-kitap","8":"pa_yayinevi-kaynak-yayinlari","9":"pa_yazar-muazzez-ilmiye-cig","11":"first","12":"instock","13":"sale","14":"shipping-taxable","15":"purchasable","16":"product-type-simple"},"_links":{"self":[{"href":"https:\/\/roveyayinevi.com.tr\/index.php\/wp-json\/wp\/v2\/product\/690751","targetHints":{"allow":["GET"]}}],"collection":[{"href":"https:\/\/roveyayinevi.com.tr\/index.php\/wp-json\/wp\/v2\/product"}],"about":[{"href":"https:\/\/roveyayinevi.com.tr\/index.php\/wp-json\/wp\/v2\/types\/product"}],"wp:attachment":[{"href":"https:\/\/roveyayinevi.com.tr\/index.php\/wp-json\/wp\/v2\/media?parent=690751"}],"wp:term":[{"taxonomy":"product_brand","embeddable":true,"href":"https:\/\/roveyayinevi.com.tr\/index.php\/wp-json\/wp\/v2\/product_brand?post=690751"},{"taxonomy":"product_cat","embeddable":true,"href":"https:\/\/roveyayinevi.com.tr\/index.php\/wp-json\/wp\/v2\/product_cat?post=690751"},{"taxonomy":"product_tag","embeddable":true,"href":"https:\/\/roveyayinevi.com.tr\/index.php\/wp-json\/wp\/v2\/product_tag?post=690751"}],"curies":[{"name":"wp","href":"https:\/\/api.w.org\/{rel}","templated":true}]}}