{"id":690750,"date":"2025-08-27T13:53:26","date_gmt":"2025-08-27T10:53:26","guid":{"rendered":"https:\/\/roveyayinevi.com.tr\/index.php\/urun\/kizil-kitap-ingilizlerin-mavi-kitapina-sovyetlerin-yaniti\/"},"modified":"2026-04-16T02:00:19","modified_gmt":"2026-04-15T23:00:19","slug":"kizil-kitap-ingilizlerin-mavi-kitapina-sovyetlerin-yaniti","status":"publish","type":"product","link":"https:\/\/roveyayinevi.com.tr\/index.php\/urun\/kizil-kitap-ingilizlerin-mavi-kitapina-sovyetlerin-yaniti\/","title":{"rendered":"K\u0131z\u0131l Kitap \u0130ngilizlerin Mavi Kitap\u2019\u0131na Sovyetler\u2019in Yan\u0131t\u0131"},"content":{"rendered":"<p>Elinizdeki K\u0131z\u0131l kitap, Bat\u0131\u2019n\u0131n mavi yalanlar\u0131na Do\u011fu halklar\u0131n\u0131n cevab\u0131d\u0131r. K\u0131z\u0131l kitap, eski ad\u0131 Sovyetler Birli\u011fi Kom\u00fcnist Partisi Merkez Komitesi b\u00fcnyesindeki Marksizm-Leninizm Enstit\u00fcs\u00fc Merkez Parti Ar\u015fivi olan Rusya Toplumsal-Siyasal Tarih Devlet Ar\u015fivi\u2019nde yer al\u0131yor. \u0130stanbul \u00dcniversitesi \u0130nk\u0131lap Tarihi Enstit\u00fcs\u00fc Ara\u015ft\u0131rma G\u00f6revlisi Mehmet Perin\u00e7ek\u2019in buldu\u011fu  K\u0131z\u0131l Kitap  ba\u015fl\u0131kl\u0131 dosya, bug\u00fcne kadar hi\u00e7 yay\u0131nlamam\u0131\u015f. Dosya, Do\u011fu Halklar\u0131 Propaganda ve Harekat Konseyi\u2019nin ba\u011fl\u0131 bulundu\u011fu 3. Kom\u00fcnist Enternasyonel\u2019e ve Rusya Kom\u00fcnist Partisi\u2019ne sunulmu\u015f olan resmi bir belgedir. K\u0131z\u0131l Kitap, sava\u015f s\u0131ras\u0131ndaki raporlar\u0131ndan olu\u015fuyor. Ta\u015fnak \u00e7etelerinin M\u00fcsl\u00fcman halka kar\u015f\u0131 giri\u015fti\u011fi katliamlar ve ya\u011fmalar yal\u0131n bir dille anlat\u0131l\u0131yor. Art\u0131k yaln\u0131z Mavi Kitap yok, K\u0131z\u0131l Kitap da var&#8230; <\/p>\n","protected":false},"excerpt":{"rendered":"<p>Elinizdeki K\u0131z\u0131l kitap, Bat\u0131\u2019n\u0131n mavi yalanlar\u0131na Do\u011fu halklar\u0131n\u0131n cevab\u0131d\u0131r. K\u0131z\u0131l kitap, eski ad\u0131 Sovyetler Birli\u011fi Kom\u00fcnist Partisi Merkez Komitesi b\u00fcnyesindeki Marksizm-Leninizm Enstit\u00fcs\u00fc Merkez Parti Ar\u015fivi olan<span class=\"excerpt-hellip\"> [\u2026]<\/span><\/p>\n","protected":false},"featured_media":0,"template":"","meta":{"_monsterinsights_skip_tracking":false,"_monsterinsights_sitenote_active":false,"_monsterinsights_sitenote_note":"","_monsterinsights_sitenote_category":0},"product_brand":[],"product_cat":[13656,12337],"product_tag":[],"class_list":{"0":"post-690750","1":"product","2":"type-product","3":"status-publish","5":"product_cat-azinliklar-etnik-sorunlar","6":"product_cat-politika-siyaset","7":"pa_cilt-ciltsiz","8":"pa_tur-kitap","9":"pa_yayinevi-kaynak-yayinlari","10":"pa_yazar-kolektif","12":"first","13":"instock","14":"sale","15":"shipping-taxable","16":"purchasable","17":"product-type-simple"},"_links":{"self":[{"href":"https:\/\/roveyayinevi.com.tr\/index.php\/wp-json\/wp\/v2\/product\/690750","targetHints":{"allow":["GET"]}}],"collection":[{"href":"https:\/\/roveyayinevi.com.tr\/index.php\/wp-json\/wp\/v2\/product"}],"about":[{"href":"https:\/\/roveyayinevi.com.tr\/index.php\/wp-json\/wp\/v2\/types\/product"}],"wp:attachment":[{"href":"https:\/\/roveyayinevi.com.tr\/index.php\/wp-json\/wp\/v2\/media?parent=690750"}],"wp:term":[{"taxonomy":"product_brand","embeddable":true,"href":"https:\/\/roveyayinevi.com.tr\/index.php\/wp-json\/wp\/v2\/product_brand?post=690750"},{"taxonomy":"product_cat","embeddable":true,"href":"https:\/\/roveyayinevi.com.tr\/index.php\/wp-json\/wp\/v2\/product_cat?post=690750"},{"taxonomy":"product_tag","embeddable":true,"href":"https:\/\/roveyayinevi.com.tr\/index.php\/wp-json\/wp\/v2\/product_tag?post=690750"}],"curies":[{"name":"wp","href":"https:\/\/api.w.org\/{rel}","templated":true}]}}