{"id":690747,"date":"2025-08-27T13:53:26","date_gmt":"2025-08-27T10:53:26","guid":{"rendered":"https:\/\/roveyayinevi.com.tr\/index.php\/urun\/ataturk-dusunuyor\/"},"modified":"2026-04-13T02:00:57","modified_gmt":"2026-04-12T23:00:57","slug":"ataturk-dusunuyor","status":"publish","type":"product","link":"https:\/\/roveyayinevi.com.tr\/index.php\/urun\/ataturk-dusunuyor\/","title":{"rendered":"Atat\u00fcrk D\u00fc\u015f\u00fcn\u00fcyor"},"content":{"rendered":"<p>Atat\u00fcrk\u2019\u00fcm\u00fcz\u00fcn d\u00fc\u015f\u00fcncelerini ve duygular\u0131n\u0131 canl\u0131 olarak ya\u015fatmay\u0131 ama\u00e7layan bu kitapta, Atat\u00fcrk\u2019\u00fcn \u0130nsani y\u00f6n\u00fc belki de ilk kez b\u00f6ylesine i\u00e7ten bir anlat\u0131mla dile getiriliyor. Cumhuriyet\u2019in kurucusunun b\u00fcy\u00fck ba\u015far\u0131lara ula\u015f\u0131rken kar\u015f\u0131la\u015ft\u0131\u011f\u0131 g\u00fc\u00e7l\u00fckler, kendisine kar\u015f\u0131 olanlar\u0131n varl\u0131\u011f\u0131 ve bunlar\u0131n yaratt\u0131\u011f\u0131 engeller, ilk kez bu kadar a\u00e7\u0131k bir dille anlat\u0131l\u0131yor. Atat\u00fcrk d\u00fc\u015f\u00fcn\u00fcyor, ulusal ve insani de\u011ferlerin yerini maddi de\u011ferlerle iktidar h\u0131rslar\u0131na b\u0131rakt\u0131\u011f\u0131 ve Cumhuriyetimizin b\u00fcy\u00fck tehditlerle kar\u015f\u0131 kar\u015f\u0131ya bulundu\u011fu bu d\u00f6nemde, de\u011ferli bir bilim insan\u0131m\u0131z\u0131n bo\u011faz\u0131nda d\u00fc\u011f\u00fcmlenen \u00e7\u0131\u011fl\u0131klar\u0131 duyurma \u00e7abas\u0131d\u0131r. \ufffcTan\u0131t\u0131m Metni<\/p>\n","protected":false},"excerpt":{"rendered":"<p>Atat\u00fcrk\u2019\u00fcm\u00fcz\u00fcn d\u00fc\u015f\u00fcncelerini ve duygular\u0131n\u0131 canl\u0131 olarak ya\u015fatmay\u0131 ama\u00e7layan bu kitapta, Atat\u00fcrk\u2019\u00fcn \u0130nsani y\u00f6n\u00fc belki de ilk kez b\u00f6ylesine i\u00e7ten bir anlat\u0131mla dile getiriliyor. Cumhuriyet\u2019in kurucusunun b\u00fcy\u00fck<span class=\"excerpt-hellip\"> [\u2026]<\/span><\/p>\n","protected":false},"featured_media":0,"template":"","meta":{"_monsterinsights_skip_tracking":false,"_monsterinsights_sitenote_active":false,"_monsterinsights_sitenote_note":"","_monsterinsights_sitenote_category":0},"product_brand":[],"product_cat":[12530,12304],"product_tag":[],"class_list":{"0":"post-690747","1":"product","2":"type-product","3":"status-publish","5":"product_cat-mustafa-kemal-ataturk","6":"product_cat-tarih","7":"pa_tur-kitap","8":"pa_yayinevi-kaynak-yayinlari","9":"pa_yazar-muazzez-ilmiye-cig","11":"first","12":"instock","13":"sale","14":"shipping-taxable","15":"purchasable","16":"product-type-simple"},"_links":{"self":[{"href":"https:\/\/roveyayinevi.com.tr\/index.php\/wp-json\/wp\/v2\/product\/690747","targetHints":{"allow":["GET"]}}],"collection":[{"href":"https:\/\/roveyayinevi.com.tr\/index.php\/wp-json\/wp\/v2\/product"}],"about":[{"href":"https:\/\/roveyayinevi.com.tr\/index.php\/wp-json\/wp\/v2\/types\/product"}],"wp:attachment":[{"href":"https:\/\/roveyayinevi.com.tr\/index.php\/wp-json\/wp\/v2\/media?parent=690747"}],"wp:term":[{"taxonomy":"product_brand","embeddable":true,"href":"https:\/\/roveyayinevi.com.tr\/index.php\/wp-json\/wp\/v2\/product_brand?post=690747"},{"taxonomy":"product_cat","embeddable":true,"href":"https:\/\/roveyayinevi.com.tr\/index.php\/wp-json\/wp\/v2\/product_cat?post=690747"},{"taxonomy":"product_tag","embeddable":true,"href":"https:\/\/roveyayinevi.com.tr\/index.php\/wp-json\/wp\/v2\/product_tag?post=690747"}],"curies":[{"name":"wp","href":"https:\/\/api.w.org\/{rel}","templated":true}]}}