{"id":690741,"date":"2025-08-27T13:53:25","date_gmt":"2025-08-27T10:53:25","guid":{"rendered":"https:\/\/roveyayinevi.com.tr\/index.php\/urun\/unlulere-mektuplar\/"},"modified":"2026-04-16T02:00:19","modified_gmt":"2026-04-15T23:00:19","slug":"unlulere-mektuplar","status":"publish","type":"product","link":"https:\/\/roveyayinevi.com.tr\/index.php\/urun\/unlulere-mektuplar\/","title":{"rendered":"\u00dcnl\u00fclere Mektuplar"},"content":{"rendered":"<p>O\u2019nu tan\u0131yanlar ideolojik m\u00fccadelede nas\u0131l co\u015fkulu oldu\u011funu bilirler. \u0130\u015fte bu mektuplar insanl\u0131\u011fa sesleni\u015flerin birer par\u00e7as\u0131d\u0131r. Turan Dursun hi\u00e7bir insandan umudunu kesmemi\u015ftir. Her insana d\u00fcr\u00fcstt\u00fcr, a\u00e7\u0131kt\u0131r, yal\u0131nd\u0131r. \u0130nsan ili\u015fkilerinden ikiy\u00fczl\u00fcl\u00fc\u011f\u00fc kovmu\u015ftur. <\/p>\n","protected":false},"excerpt":{"rendered":"<p>O\u2019nu tan\u0131yanlar ideolojik m\u00fccadelede nas\u0131l co\u015fkulu oldu\u011funu bilirler. \u0130\u015fte bu mektuplar insanl\u0131\u011fa sesleni\u015flerin birer par\u00e7as\u0131d\u0131r. Turan Dursun hi\u00e7bir insandan umudunu kesmemi\u015ftir. Her insana d\u00fcr\u00fcstt\u00fcr, a\u00e7\u0131kt\u0131r, yal\u0131nd\u0131r.<span class=\"excerpt-hellip\"> [\u2026]<\/span><\/p>\n","protected":false},"featured_media":0,"template":"","meta":{"_monsterinsights_skip_tracking":false,"_monsterinsights_sitenote_active":false,"_monsterinsights_sitenote_note":"","_monsterinsights_sitenote_category":0},"product_brand":[],"product_cat":[12312,12304],"product_tag":[],"class_list":{"0":"post-690741","1":"product","2":"type-product","3":"status-publish","5":"product_cat-diger","6":"product_cat-tarih","7":"pa_tur-kitap","8":"pa_yayinevi-kaynak-yayinlari","9":"pa_yazar-turan-dursun","11":"first","12":"instock","13":"sale","14":"shipping-taxable","15":"purchasable","16":"product-type-simple"},"_links":{"self":[{"href":"https:\/\/roveyayinevi.com.tr\/index.php\/wp-json\/wp\/v2\/product\/690741","targetHints":{"allow":["GET"]}}],"collection":[{"href":"https:\/\/roveyayinevi.com.tr\/index.php\/wp-json\/wp\/v2\/product"}],"about":[{"href":"https:\/\/roveyayinevi.com.tr\/index.php\/wp-json\/wp\/v2\/types\/product"}],"wp:attachment":[{"href":"https:\/\/roveyayinevi.com.tr\/index.php\/wp-json\/wp\/v2\/media?parent=690741"}],"wp:term":[{"taxonomy":"product_brand","embeddable":true,"href":"https:\/\/roveyayinevi.com.tr\/index.php\/wp-json\/wp\/v2\/product_brand?post=690741"},{"taxonomy":"product_cat","embeddable":true,"href":"https:\/\/roveyayinevi.com.tr\/index.php\/wp-json\/wp\/v2\/product_cat?post=690741"},{"taxonomy":"product_tag","embeddable":true,"href":"https:\/\/roveyayinevi.com.tr\/index.php\/wp-json\/wp\/v2\/product_tag?post=690741"}],"curies":[{"name":"wp","href":"https:\/\/api.w.org\/{rel}","templated":true}]}}