{"id":690738,"date":"2025-08-27T13:53:24","date_gmt":"2025-08-27T10:53:24","guid":{"rendered":"https:\/\/roveyayinevi.com.tr\/index.php\/urun\/islama-gore-diger-dinler\/"},"modified":"2026-04-16T02:00:19","modified_gmt":"2026-04-15T23:00:19","slug":"islama-gore-diger-dinler","status":"publish","type":"product","link":"https:\/\/roveyayinevi.com.tr\/index.php\/urun\/islama-gore-diger-dinler\/","title":{"rendered":"\u0130slama G\u00f6re Di\u011fer Dinler"},"content":{"rendered":"<p>Prof. Dr. \u0130lhan Arsel, bu \u00e7al\u0131\u015fmas\u0131nda \u0130slam kaynaklar\u0131nda yer alan di\u011fer dinler hakk\u0131ndaki h\u00fck\u00fcmleri eli\u015ftirmektedir. <\/p>\n","protected":false},"excerpt":{"rendered":"<p>Prof. Dr. \u0130lhan Arsel, bu \u00e7al\u0131\u015fmas\u0131nda \u0130slam kaynaklar\u0131nda yer alan di\u011fer dinler hakk\u0131ndaki h\u00fck\u00fcmleri eli\u015ftirmektedir.<\/p>\n","protected":false},"featured_media":0,"template":"","meta":{"_monsterinsights_skip_tracking":false,"_monsterinsights_sitenote_active":false,"_monsterinsights_sitenote_note":"","_monsterinsights_sitenote_category":0},"product_brand":[],"product_cat":[12718,12719,17333],"product_tag":[],"class_list":{"0":"post-690738","1":"product","2":"type-product","3":"status-publish","5":"product_cat-din","6":"product_cat-islam","7":"product_cat-islam-hukuku","8":"pa_tur-kitap","9":"pa_yayinevi-kaynak-yayinlari","10":"pa_yazar-ilhan-arsel","12":"first","13":"instock","14":"sale","15":"shipping-taxable","16":"purchasable","17":"product-type-simple"},"_links":{"self":[{"href":"https:\/\/roveyayinevi.com.tr\/index.php\/wp-json\/wp\/v2\/product\/690738","targetHints":{"allow":["GET"]}}],"collection":[{"href":"https:\/\/roveyayinevi.com.tr\/index.php\/wp-json\/wp\/v2\/product"}],"about":[{"href":"https:\/\/roveyayinevi.com.tr\/index.php\/wp-json\/wp\/v2\/types\/product"}],"wp:attachment":[{"href":"https:\/\/roveyayinevi.com.tr\/index.php\/wp-json\/wp\/v2\/media?parent=690738"}],"wp:term":[{"taxonomy":"product_brand","embeddable":true,"href":"https:\/\/roveyayinevi.com.tr\/index.php\/wp-json\/wp\/v2\/product_brand?post=690738"},{"taxonomy":"product_cat","embeddable":true,"href":"https:\/\/roveyayinevi.com.tr\/index.php\/wp-json\/wp\/v2\/product_cat?post=690738"},{"taxonomy":"product_tag","embeddable":true,"href":"https:\/\/roveyayinevi.com.tr\/index.php\/wp-json\/wp\/v2\/product_tag?post=690738"}],"curies":[{"name":"wp","href":"https:\/\/api.w.org\/{rel}","templated":true}]}}