{"id":690736,"date":"2025-08-27T13:53:24","date_gmt":"2025-08-27T10:53:24","guid":{"rendered":"https:\/\/roveyayinevi.com.tr\/index.php\/urun\/ibrahim-peygamber\/"},"modified":"2026-04-16T02:00:19","modified_gmt":"2026-04-15T23:00:19","slug":"ibrahim-peygamber","status":"publish","type":"product","link":"https:\/\/roveyayinevi.com.tr\/index.php\/urun\/ibrahim-peygamber\/","title":{"rendered":"\u0130brahim Peygamber"},"content":{"rendered":"<p>Sumerolog Muazzez \u0130lmiye \u00c7\u0131\u011f, bu kitab\u0131nda, Tevrat, \u0130ncil ve Kuranda ge\u00e7en \u0130brahim Peygamber konusunu ele almaktad\u0131r. Yazar, konuyu arkeolojik buluntular, \u00e7iviyaz\u0131l\u0131 kaynaklar ve M\u0131s\u0131r-Kumran metinleri \u0131\u015f\u0131\u011f\u0131nda ve birbiriyle kar\u015f\u0131la\u015ft\u0131rarak incelemektedir. Kitapta yan\u0131t aranan sorulardan baz\u0131lar\u0131 \u015funlard\u0131r: \u0130brahim Peygamber kimdir? Neden ve nas\u0131l Yahudilerin, H\u0131ristiyanlar\u0131n, sonra da M\u00fcsl\u00fcmanlar\u0131n atas\u0131 olmu\u015ftur? Kendisi, \u00e7ocuklar\u0131 ve torunlar\u0131 hakk\u0131nda Tevrattan \u00f6nce ne gibi kaynaklar vard\u0131r? Sumerlilerle bir ilgileri var m\u0131d\u0131r?.. Muazzez \u0130lmiye \u00c7\u0131\u011f, bu \u00f6nemli \u00e7al\u0131\u015fmas\u0131nda, \u0130brahim Peygamberin \u00f6zellikle Sumerlilerle ve onlar\u0131n etkilemi\u015f olduklar\u0131 k\u00fclt\u00fcrlerle ba\u011f\u0131n\u0131 incelemektedir.\ufffcTan\u0131t\u0131m Metni<\/p>\n","protected":false},"excerpt":{"rendered":"<p>Sumerolog Muazzez \u0130lmiye \u00c7\u0131\u011f, bu kitab\u0131nda, Tevrat, \u0130ncil ve Kuranda ge\u00e7en \u0130brahim Peygamber konusunu ele almaktad\u0131r. Yazar, konuyu arkeolojik buluntular, \u00e7iviyaz\u0131l\u0131 kaynaklar ve M\u0131s\u0131r-Kumran metinleri \u0131\u015f\u0131\u011f\u0131nda<span class=\"excerpt-hellip\"> [\u2026]<\/span><\/p>\n","protected":false},"featured_media":0,"template":"","meta":{"_monsterinsights_skip_tracking":false,"_monsterinsights_sitenote_active":false,"_monsterinsights_sitenote_note":"","_monsterinsights_sitenote_category":0},"product_brand":[],"product_cat":[13036,12718,12719],"product_tag":[],"class_list":{"0":"post-690736","1":"product","2":"type-product","3":"status-publish","5":"product_cat-arastirma-inceleme-islam","6":"product_cat-din","7":"product_cat-islam","8":"pa_cilt-ciltsiz","9":"pa_tur-kitap","10":"pa_yayinevi-kaynak-yayinlari","11":"pa_yazar-muazzez-ilmiye-cig","13":"first","14":"instock","15":"sale","16":"shipping-taxable","17":"purchasable","18":"product-type-simple"},"_links":{"self":[{"href":"https:\/\/roveyayinevi.com.tr\/index.php\/wp-json\/wp\/v2\/product\/690736","targetHints":{"allow":["GET"]}}],"collection":[{"href":"https:\/\/roveyayinevi.com.tr\/index.php\/wp-json\/wp\/v2\/product"}],"about":[{"href":"https:\/\/roveyayinevi.com.tr\/index.php\/wp-json\/wp\/v2\/types\/product"}],"wp:attachment":[{"href":"https:\/\/roveyayinevi.com.tr\/index.php\/wp-json\/wp\/v2\/media?parent=690736"}],"wp:term":[{"taxonomy":"product_brand","embeddable":true,"href":"https:\/\/roveyayinevi.com.tr\/index.php\/wp-json\/wp\/v2\/product_brand?post=690736"},{"taxonomy":"product_cat","embeddable":true,"href":"https:\/\/roveyayinevi.com.tr\/index.php\/wp-json\/wp\/v2\/product_cat?post=690736"},{"taxonomy":"product_tag","embeddable":true,"href":"https:\/\/roveyayinevi.com.tr\/index.php\/wp-json\/wp\/v2\/product_tag?post=690736"}],"curies":[{"name":"wp","href":"https:\/\/api.w.org\/{rel}","templated":true}]}}