{"id":690734,"date":"2025-08-27T13:53:24","date_gmt":"2025-08-27T10:53:24","guid":{"rendered":"https:\/\/roveyayinevi.com.tr\/index.php\/urun\/acik-tanik-silivri-nobet-cadiri\/"},"modified":"2026-04-16T02:00:19","modified_gmt":"2026-04-15T23:00:19","slug":"acik-tanik-silivri-nobet-cadiri","status":"publish","type":"product","link":"https:\/\/roveyayinevi.com.tr\/index.php\/urun\/acik-tanik-silivri-nobet-cadiri\/","title":{"rendered":"A\u00e7\u0131k Tan\u0131k Silivri N\u00f6bet \u00c7ad\u0131r\u0131"},"content":{"rendered":"<p>T\u00fcrkiyemizin Prof. Dr. Mehmet Haberal, Do\u011fu Perin\u00e7ek, \u00c7etin Do\u011fan, Soner Yal\u00e7\u0131n, Tuncay \u00d6zkan gibi de\u011ferli bilim insanlar\u0131, \u00f6nc\u00fc siyaset\u00e7ileri, kahraman komutanlar\u0131, cesur kalemleri, sayg\u0131n ayd\u0131nlar\u0131, Silivri ve Hasdal zindanlar\u0131na at\u0131ld\u0131. <\/p>\n","protected":false},"excerpt":{"rendered":"<p>T\u00fcrkiyemizin Prof. Dr. Mehmet Haberal, Do\u011fu Perin\u00e7ek, \u00c7etin Do\u011fan, Soner Yal\u00e7\u0131n, Tuncay \u00d6zkan gibi de\u011ferli bilim insanlar\u0131, \u00f6nc\u00fc siyaset\u00e7ileri, kahraman komutanlar\u0131, cesur kalemleri, sayg\u0131n ayd\u0131nlar\u0131, Silivri<span class=\"excerpt-hellip\"> [\u2026]<\/span><\/p>\n","protected":false},"featured_media":0,"template":"","meta":{"_monsterinsights_skip_tracking":false,"_monsterinsights_sitenote_active":false,"_monsterinsights_sitenote_note":"","_monsterinsights_sitenote_category":0},"product_brand":[],"product_cat":[12338,12337],"product_tag":[],"class_list":{"0":"post-690734","1":"product","2":"type-product","3":"status-publish","5":"product_cat-dunya-siyaseti-ve-politikasi","6":"product_cat-politika-siyaset","7":"pa_tur-kitap","8":"pa_yayinevi-kaynak-yayinlari","9":"pa_yazar-fusun-ikikardes","11":"first","12":"instock","13":"sale","14":"shipping-taxable","15":"purchasable","16":"product-type-simple"},"_links":{"self":[{"href":"https:\/\/roveyayinevi.com.tr\/index.php\/wp-json\/wp\/v2\/product\/690734","targetHints":{"allow":["GET"]}}],"collection":[{"href":"https:\/\/roveyayinevi.com.tr\/index.php\/wp-json\/wp\/v2\/product"}],"about":[{"href":"https:\/\/roveyayinevi.com.tr\/index.php\/wp-json\/wp\/v2\/types\/product"}],"wp:attachment":[{"href":"https:\/\/roveyayinevi.com.tr\/index.php\/wp-json\/wp\/v2\/media?parent=690734"}],"wp:term":[{"taxonomy":"product_brand","embeddable":true,"href":"https:\/\/roveyayinevi.com.tr\/index.php\/wp-json\/wp\/v2\/product_brand?post=690734"},{"taxonomy":"product_cat","embeddable":true,"href":"https:\/\/roveyayinevi.com.tr\/index.php\/wp-json\/wp\/v2\/product_cat?post=690734"},{"taxonomy":"product_tag","embeddable":true,"href":"https:\/\/roveyayinevi.com.tr\/index.php\/wp-json\/wp\/v2\/product_tag?post=690734"}],"curies":[{"name":"wp","href":"https:\/\/api.w.org\/{rel}","templated":true}]}}