{"id":690733,"date":"2025-08-27T13:53:23","date_gmt":"2025-08-27T10:53:23","guid":{"rendered":"https:\/\/roveyayinevi.com.tr\/index.php\/urun\/abdullah-o-calani-nasil-sorguladim\/"},"modified":"2026-04-16T02:00:19","modified_gmt":"2026-04-15T23:00:19","slug":"abdullah-o-calani-nasil-sorguladim","status":"publish","type":"product","link":"https:\/\/roveyayinevi.com.tr\/index.php\/urun\/abdullah-o-calani-nasil-sorguladim\/","title":{"rendered":"Abdullah \u00d6 calan\u2019\u0131 Nas\u0131l Sorgulad\u0131m"},"content":{"rendered":"<p>Sorgu G\u00f6revlisi (H. A. U\u011fur)-\u201cBak Apo, T\u00fcrkiye Cumhuriyeti devleti \u015fu ya da bu \u015fekilde bu ter\u00f6r belas\u0131ndan vatanda\u015f\u0131n\u0131 kurtaracakt\u0131r. Ama \u00f6nemli olan insanlar\u0131m\u0131z zarar g\u00f6rmeden bu i\u015fi halletmektir. \u015eiddetin durmas\u0131, halk\u0131n g\u00fcvenli\u011finin sa\u011flanmas\u0131 esast\u0131r. Ama bunun i\u00e7in yasad\u0131\u015f\u0131 bir ter\u00f6r \u00f6rg\u00fct\u00fc ile masaya oturacak da de\u011filiz. (\u2026) Bu m\u00fclakatlar tamamen senin talebin \u00fczerine ve kar\u015f\u0131l\u0131\u011f\u0131nda \u015fu olacak bu olacak pazarl\u0131\u011f\u0131 olmadan ger\u00e7ekle\u015fmi\u015ftir. Sen, \u2018\u015eiddetin durmas\u0131n\u0131 sa\u011flayaca\u011f\u0131m, kendim i\u00e7in bir \u015fey istemiyorum\u2019 diyorsun. Sorgu ba\u015flad\u0131\u011f\u0131ndan beri hep bunu s\u00f6yledin, \u00f6yle de\u011fil mi?\u201dSan\u0131k (A. \u00d6 calan)- \u201cKesinlikle do\u011fru\u2026 Ben size daha \u00f6nce s\u00f6ylemi\u015ftim, \u00f6rg\u00fct bana ba\u011fl\u0131d\u0131r, beni dinler\u2026 Daha ilk g\u00fcn devletimin hizmetindeyim derken kastetti\u011fim, bu i\u015fin bitirilmesi do\u011frultusunda ciddi ad\u0131mlar atmam\u0131zd\u0131r. T\u00fcrkiye\u2019yi y\u00f6netenlerin ellerini g\u00fc\u00e7lendirmek i\u00e7in ben \u00f6ncelikle silahl\u0131 m\u00fccadeleye son verme ilan\u0131 yapmak istiyorum. (\u2026) Sizlerden tek talebim bunlar\u0131 yapabilmek i\u00e7in bana imk\u00e2n sa\u011flaman\u0131zd\u0131r.\u201d<\/p>\n","protected":false},"excerpt":{"rendered":"<p>Sorgu G\u00f6revlisi (H. A. U\u011fur)-\u201cBak Apo, T\u00fcrkiye Cumhuriyeti devleti \u015fu ya da bu \u015fekilde bu ter\u00f6r belas\u0131ndan vatanda\u015f\u0131n\u0131 kurtaracakt\u0131r. Ama \u00f6nemli olan insanlar\u0131m\u0131z zarar g\u00f6rmeden bu<span class=\"excerpt-hellip\"> [\u2026]<\/span><\/p>\n","protected":false},"featured_media":0,"template":"","meta":{"_monsterinsights_skip_tracking":false,"_monsterinsights_sitenote_active":false,"_monsterinsights_sitenote_note":"","_monsterinsights_sitenote_category":0},"product_brand":[],"product_cat":[13656,12337],"product_tag":[],"class_list":{"0":"post-690733","1":"product","2":"type-product","3":"status-publish","5":"product_cat-azinliklar-etnik-sorunlar","6":"product_cat-politika-siyaset","7":"pa_cilt-ciltsiz","8":"pa_tur-kitap","9":"pa_yayinevi-kaynak-yayinlari","10":"pa_yazar-h-atilla-ugur","12":"first","13":"instock","14":"sale","15":"shipping-taxable","16":"purchasable","17":"product-type-simple"},"_links":{"self":[{"href":"https:\/\/roveyayinevi.com.tr\/index.php\/wp-json\/wp\/v2\/product\/690733","targetHints":{"allow":["GET"]}}],"collection":[{"href":"https:\/\/roveyayinevi.com.tr\/index.php\/wp-json\/wp\/v2\/product"}],"about":[{"href":"https:\/\/roveyayinevi.com.tr\/index.php\/wp-json\/wp\/v2\/types\/product"}],"wp:attachment":[{"href":"https:\/\/roveyayinevi.com.tr\/index.php\/wp-json\/wp\/v2\/media?parent=690733"}],"wp:term":[{"taxonomy":"product_brand","embeddable":true,"href":"https:\/\/roveyayinevi.com.tr\/index.php\/wp-json\/wp\/v2\/product_brand?post=690733"},{"taxonomy":"product_cat","embeddable":true,"href":"https:\/\/roveyayinevi.com.tr\/index.php\/wp-json\/wp\/v2\/product_cat?post=690733"},{"taxonomy":"product_tag","embeddable":true,"href":"https:\/\/roveyayinevi.com.tr\/index.php\/wp-json\/wp\/v2\/product_tag?post=690733"}],"curies":[{"name":"wp","href":"https:\/\/api.w.org\/{rel}","templated":true}]}}