{"id":690730,"date":"2025-08-27T13:53:23","date_gmt":"2025-08-27T10:53:23","guid":{"rendered":"https:\/\/roveyayinevi.com.tr\/index.php\/urun\/inannanin-aski-sumerde-inanc-ve-kutsal-evlenme\/"},"modified":"2026-04-16T02:00:18","modified_gmt":"2026-04-15T23:00:18","slug":"inannanin-aski-sumerde-inanc-ve-kutsal-evlenme","status":"publish","type":"product","link":"https:\/\/roveyayinevi.com.tr\/index.php\/urun\/inannanin-aski-sumerde-inanc-ve-kutsal-evlenme\/","title":{"rendered":"\u0130nanna\u2019n\u0131n A\u015fk\u0131 Sumer\u2019de \u0130nan\u00e7 ve Kutsal Evlenme"},"content":{"rendered":"<p>Sumer \u015fairlerine g\u00f6re Tanr\u0131\u00e7a \u0130nanna, toplumun s\u00fcs\u00fc, Sumer\u2019in ne\u015fesidir. Ay Tanr\u0131s\u0131 Nanna\u2019n\u0131n k\u0131z\u0131d\u0131r. Akad\u2019larda \u0130\u015ftar, Musevilerde Astarte, Yunan\u2019da Afrodit, Roma\u2019da Ven\u00fcs ad\u0131n\u0131 ta\u015f\u0131yarak y\u00fczy\u0131llar boyu \u00e7e\u015fitli toplumlar\u0131n efsanelerinde ya\u015fam\u0131\u015ft\u0131r. Ven\u00fcs y\u0131ld\u0131z\u0131n\u0131 temsil etmektedir. \ufffcTan\u0131t\u0131m Metni<\/p>\n","protected":false},"excerpt":{"rendered":"<p>Sumer \u015fairlerine g\u00f6re Tanr\u0131\u00e7a \u0130nanna, toplumun s\u00fcs\u00fc, Sumer\u2019in ne\u015fesidir. Ay Tanr\u0131s\u0131 Nanna\u2019n\u0131n k\u0131z\u0131d\u0131r. Akad\u2019larda \u0130\u015ftar, Musevilerde Astarte, Yunan\u2019da Afrodit, Roma\u2019da Ven\u00fcs ad\u0131n\u0131 ta\u015f\u0131yarak y\u00fczy\u0131llar boyu \u00e7e\u015fitli<span class=\"excerpt-hellip\"> [\u2026]<\/span><\/p>\n","protected":false},"featured_media":0,"template":"","meta":{"_monsterinsights_skip_tracking":false,"_monsterinsights_sitenote_active":false,"_monsterinsights_sitenote_note":"","_monsterinsights_sitenote_category":0},"product_brand":[],"product_cat":[12312,12304],"product_tag":[],"class_list":{"0":"post-690730","1":"product","2":"type-product","3":"status-publish","5":"product_cat-diger","6":"product_cat-tarih","7":"pa_tur-kitap","8":"pa_yayinevi-kaynak-yayinlari","9":"pa_yazar-muazzez-ilmiye-cig","11":"first","12":"instock","13":"sale","14":"shipping-taxable","15":"purchasable","16":"product-type-simple"},"_links":{"self":[{"href":"https:\/\/roveyayinevi.com.tr\/index.php\/wp-json\/wp\/v2\/product\/690730","targetHints":{"allow":["GET"]}}],"collection":[{"href":"https:\/\/roveyayinevi.com.tr\/index.php\/wp-json\/wp\/v2\/product"}],"about":[{"href":"https:\/\/roveyayinevi.com.tr\/index.php\/wp-json\/wp\/v2\/types\/product"}],"wp:attachment":[{"href":"https:\/\/roveyayinevi.com.tr\/index.php\/wp-json\/wp\/v2\/media?parent=690730"}],"wp:term":[{"taxonomy":"product_brand","embeddable":true,"href":"https:\/\/roveyayinevi.com.tr\/index.php\/wp-json\/wp\/v2\/product_brand?post=690730"},{"taxonomy":"product_cat","embeddable":true,"href":"https:\/\/roveyayinevi.com.tr\/index.php\/wp-json\/wp\/v2\/product_cat?post=690730"},{"taxonomy":"product_tag","embeddable":true,"href":"https:\/\/roveyayinevi.com.tr\/index.php\/wp-json\/wp\/v2\/product_tag?post=690730"}],"curies":[{"name":"wp","href":"https:\/\/api.w.org\/{rel}","templated":true}]}}