{"id":690729,"date":"2025-08-27T13:53:23","date_gmt":"2025-08-27T10:53:23","guid":{"rendered":"https:\/\/roveyayinevi.com.tr\/index.php\/urun\/hukumet-p-kk-gorusmeleri-1986-2011\/"},"modified":"2026-04-16T02:00:18","modified_gmt":"2026-04-15T23:00:18","slug":"hukumet-p-kk-gorusmeleri-1986-2011","status":"publish","type":"product","link":"https:\/\/roveyayinevi.com.tr\/index.php\/urun\/hukumet-p-kk-gorusmeleri-1986-2011\/","title":{"rendered":"H\u00fck\u00fcmet P KK G\u00f6r\u00fc\u015fmeleri (1986-2011)"},"content":{"rendered":"<p>Ba\u015fbakanl\u0131k ile \u0130mral\u0131, Ba\u015fbakanl\u0131k ile Kandil mesajla\u015fmalar\u0131, g\u00f6nderilen mektuplar, arac\u0131lar, Avrupa\u2019da gizli bulu\u015fmalar, Oslo g\u00f6r\u00fc\u015fmeleri&#8230; Bu kitapta, AKP ile P KK\u2019nin b\u00fct\u00fcn pazarl\u0131klar\u0131 tarih tarih ve b\u00fct\u00fcn ayr\u0131nt\u0131lar\u0131yla milletin bilgisine sunuluyor. Sadece Tayyip Erdo\u011fan h\u00fck\u00fcmetinin g\u00f6r\u00fc\u015fme, temas ve pazarl\u0131klar\u0131 de\u011fil, AKP\u2019den \u00f6nceki h\u00fck\u00fcmetlerin de g\u00f6r\u00fc\u015fmeleri okura sunulmaktad\u0131r. \u00d6zal\u2019\u0131n, Demirel\u2019in, \u00c7iller\u2019in, Erbakan\u2019\u0131n \u00d6 calan\u2019a mesajlar\u0131, hediyeleri&#8230; <\/p>\n","protected":false},"excerpt":{"rendered":"<p>Ba\u015fbakanl\u0131k ile \u0130mral\u0131, Ba\u015fbakanl\u0131k ile Kandil mesajla\u015fmalar\u0131, g\u00f6nderilen mektuplar, arac\u0131lar, Avrupa\u2019da gizli bulu\u015fmalar, Oslo g\u00f6r\u00fc\u015fmeleri&#8230; Bu kitapta, AKP ile P KK\u2019nin b\u00fct\u00fcn pazarl\u0131klar\u0131 tarih tarih ve<span class=\"excerpt-hellip\"> [\u2026]<\/span><\/p>\n","protected":false},"featured_media":0,"template":"","meta":{"_monsterinsights_skip_tracking":false,"_monsterinsights_sitenote_active":false,"_monsterinsights_sitenote_note":"","_monsterinsights_sitenote_category":0},"product_brand":[],"product_cat":[13656,12337],"product_tag":[],"class_list":{"0":"post-690729","1":"product","2":"type-product","3":"status-publish","5":"product_cat-azinliklar-etnik-sorunlar","6":"product_cat-politika-siyaset","7":"pa_tur-kitap","8":"pa_yayinevi-kaynak-yayinlari","9":"pa_yazar-mehmet-ali-guller","11":"first","12":"instock","13":"sale","14":"shipping-taxable","15":"purchasable","16":"product-type-simple"},"_links":{"self":[{"href":"https:\/\/roveyayinevi.com.tr\/index.php\/wp-json\/wp\/v2\/product\/690729","targetHints":{"allow":["GET"]}}],"collection":[{"href":"https:\/\/roveyayinevi.com.tr\/index.php\/wp-json\/wp\/v2\/product"}],"about":[{"href":"https:\/\/roveyayinevi.com.tr\/index.php\/wp-json\/wp\/v2\/types\/product"}],"wp:attachment":[{"href":"https:\/\/roveyayinevi.com.tr\/index.php\/wp-json\/wp\/v2\/media?parent=690729"}],"wp:term":[{"taxonomy":"product_brand","embeddable":true,"href":"https:\/\/roveyayinevi.com.tr\/index.php\/wp-json\/wp\/v2\/product_brand?post=690729"},{"taxonomy":"product_cat","embeddable":true,"href":"https:\/\/roveyayinevi.com.tr\/index.php\/wp-json\/wp\/v2\/product_cat?post=690729"},{"taxonomy":"product_tag","embeddable":true,"href":"https:\/\/roveyayinevi.com.tr\/index.php\/wp-json\/wp\/v2\/product_tag?post=690729"}],"curies":[{"name":"wp","href":"https:\/\/api.w.org\/{rel}","templated":true}]}}