{"id":690727,"date":"2025-08-27T13:53:22","date_gmt":"2025-08-27T10:53:22","guid":{"rendered":"https:\/\/roveyayinevi.com.tr\/index.php\/urun\/tarihin-silinmez-murekkepli-asklari\/"},"modified":"2026-04-16T02:00:18","modified_gmt":"2026-04-15T23:00:18","slug":"tarihin-silinmez-murekkepli-asklari","status":"publish","type":"product","link":"https:\/\/roveyayinevi.com.tr\/index.php\/urun\/tarihin-silinmez-murekkepli-asklari\/","title":{"rendered":"Tarihin Silinmez M\u00fcrekkepli A\u015fklar\u0131"},"content":{"rendered":"<p>A\u015fk\u0131n Prati\u011fi, tan\u0131nm\u0131\u015f yazar, sanat\u00e7\u0131, devlet adamlar\u0131n\u0131n a\u015fk hayatlar\u0131ndan \u00f6rnekler sunuyor. Onlar\u0131n a\u015fk hayat\u0131ndan \u00e7\u0131kan kesitleri g\u00f6stermeye \u00e7al\u0131\u015f\u0131yor. Kitab\u0131n konu etti\u011fi a\u015fklar \u015funlar\u0131 kaps\u0131yor: <\/p>\n","protected":false},"excerpt":{"rendered":"<p>A\u015fk\u0131n Prati\u011fi, tan\u0131nm\u0131\u015f yazar, sanat\u00e7\u0131, devlet adamlar\u0131n\u0131n a\u015fk hayatlar\u0131ndan \u00f6rnekler sunuyor. Onlar\u0131n a\u015fk hayat\u0131ndan \u00e7\u0131kan kesitleri g\u00f6stermeye \u00e7al\u0131\u015f\u0131yor. Kitab\u0131n konu etti\u011fi a\u015fklar \u015funlar\u0131 kaps\u0131yor:<\/p>\n","protected":false},"featured_media":0,"template":"","meta":{"_monsterinsights_skip_tracking":false,"_monsterinsights_sitenote_active":false,"_monsterinsights_sitenote_note":"","_monsterinsights_sitenote_category":0},"product_brand":[],"product_cat":[12365,12364],"product_tag":[],"class_list":{"0":"post-690727","1":"product","2":"type-product","3":"status-publish","5":"product_cat-diger-genel-konular","6":"product_cat-genel-konular","7":"pa_tur-kitap","8":"pa_yayinevi-kalkedon-yayincilik","9":"pa_yazar-mehmet-inanc-turan","11":"first","12":"instock","13":"sale","14":"shipping-taxable","15":"purchasable","16":"product-type-simple"},"_links":{"self":[{"href":"https:\/\/roveyayinevi.com.tr\/index.php\/wp-json\/wp\/v2\/product\/690727","targetHints":{"allow":["GET"]}}],"collection":[{"href":"https:\/\/roveyayinevi.com.tr\/index.php\/wp-json\/wp\/v2\/product"}],"about":[{"href":"https:\/\/roveyayinevi.com.tr\/index.php\/wp-json\/wp\/v2\/types\/product"}],"wp:attachment":[{"href":"https:\/\/roveyayinevi.com.tr\/index.php\/wp-json\/wp\/v2\/media?parent=690727"}],"wp:term":[{"taxonomy":"product_brand","embeddable":true,"href":"https:\/\/roveyayinevi.com.tr\/index.php\/wp-json\/wp\/v2\/product_brand?post=690727"},{"taxonomy":"product_cat","embeddable":true,"href":"https:\/\/roveyayinevi.com.tr\/index.php\/wp-json\/wp\/v2\/product_cat?post=690727"},{"taxonomy":"product_tag","embeddable":true,"href":"https:\/\/roveyayinevi.com.tr\/index.php\/wp-json\/wp\/v2\/product_tag?post=690727"}],"curies":[{"name":"wp","href":"https:\/\/api.w.org\/{rel}","templated":true}]}}