{"id":690725,"date":"2025-08-27T13:53:22","date_gmt":"2025-08-27T10:53:22","guid":{"rendered":"https:\/\/roveyayinevi.com.tr\/index.php\/urun\/gurcu-devletinin-kirmizi-kitapi-ermeni-iddialarina-yanit\/"},"modified":"2026-04-16T02:00:18","modified_gmt":"2026-04-15T23:00:18","slug":"gurcu-devletinin-kirmizi-kitapi-ermeni-iddialarina-yanit","status":"publish","type":"product","link":"https:\/\/roveyayinevi.com.tr\/index.php\/urun\/gurcu-devletinin-kirmizi-kitapi-ermeni-iddialarina-yanit\/","title":{"rendered":"G\u00fcrc\u00fc Devleti\u2019nin K\u0131rm\u0131z\u0131 Kitap\u2019\u0131 Ermeni \u0130ddialar\u0131na Yan\u0131t"},"content":{"rendered":"<p>\u201cErmeni Belgeleriyle Ermeni Soyk\u0131r\u0131m\u0131 Yalan\u0131\u201d ba\u015fl\u0131kl\u0131 dizimizin 6. Kitab\u0131,  Karibi taraf\u0131ndan kaleme al\u0131nan ve 1920\u2019de Tiflis\u2019te bas\u0131lan \u201cK\u0131rm\u0131z\u0131 Kitap\u201d. Kitab\u0131n temel \u00f6zelli\u011fi, Ermeni iddialar\u0131na kar\u015f\u0131 G\u00fcrc\u00fcler taraf\u0131ndan verilen yan\u0131t niteli\u011finde olmas\u0131. G\u00fcrcistan\u2019\u0131n Ermeni meselesindeki devlet politikas\u0131n\u0131 yans\u0131tan kitap, \u00c7arl\u0131k Rusyas\u0131\u2019n\u0131n askeri ar\u015fivlerinden de \u00f6nemli belgeleri i\u00e7eriyor. Ger\u00e7ek ad\u0131 P.P. Goley\u015fvili olan Karibi, Men\u015fevik G\u00fcrcistan\u2019\u0131n Jordanie h\u00fck\u00fcmeti d\u00f6neminde Toprak Bakan\u0131\u2019n\u0131n yard\u0131mc\u0131l\u0131\u011f\u0131n\u0131 yapm\u0131\u015f, d\u00f6nemi birebir ya\u015fayarak, olaylar\u0131n en yak\u0131n tan\u0131klar\u0131ndan biri olmu\u015ftur. Osmanl\u0131 topraklar\u0131nda Ermeniler ve M\u00fcsl\u00fcman halk\u0131n tam bir uyum i\u00e7inde ya\u015fad\u0131\u011f\u0131n\u0131, Bat\u0131l\u0131 devletlerin T\u00fcrkiye\u2019yi kar\u0131\u015ft\u0131rmak i\u00e7in Ermenileri k\u0131\u015fk\u0131rtt\u0131\u011f\u0131n\u0131 ve Ermeni \u00f6nderleri kan d\u00f6kmeye te\u015fvik ettiklerini, T\u00fcrklerin ald\u0131\u011f\u0131 \u00f6nlemlerin do\u011fal ve me\u015fru oldu\u011funu vurgulayan Karibi, Ta\u015fnaklar\u0131n Bat\u0131 kamuoyunu etkilemek i\u00e7in siyasetlerini yalanlar \u00fczerine kurduklar\u0131n\u0131 belirtiyor.   \u201c\u0130tham ortaya at\u0131lm\u0131\u015ft\u0131r ve biz tarih kar\u015f\u0131s\u0131nda, uygar d\u00fcnya kar\u015f\u0131s\u0131nda cevap vermek zorunday\u0131z.\u201d (Karibi) <\/p>\n","protected":false},"excerpt":{"rendered":"<p>\u201cErmeni Belgeleriyle Ermeni Soyk\u0131r\u0131m\u0131 Yalan\u0131\u201d ba\u015fl\u0131kl\u0131 dizimizin 6. Kitab\u0131, Karibi taraf\u0131ndan kaleme al\u0131nan ve 1920\u2019de Tiflis\u2019te bas\u0131lan \u201cK\u0131rm\u0131z\u0131 Kitap\u201d. Kitab\u0131n temel \u00f6zelli\u011fi, Ermeni iddialar\u0131na kar\u015f\u0131 G\u00fcrc\u00fcler<span class=\"excerpt-hellip\"> [\u2026]<\/span><\/p>\n","protected":false},"featured_media":0,"template":"","meta":{"_monsterinsights_skip_tracking":false,"_monsterinsights_sitenote_active":false,"_monsterinsights_sitenote_note":"","_monsterinsights_sitenote_category":0},"product_brand":[],"product_cat":[13517,12304],"product_tag":[],"class_list":{"0":"post-690725","1":"product","2":"type-product","3":"status-publish","5":"product_cat-osmanli-tarihi","6":"product_cat-tarih","7":"pa_cilt-ciltsiz","8":"pa_tur-kitap","9":"pa_yayinevi-kaynak-yayinlari","10":"pa_yazar-karibi","12":"first","13":"instock","14":"sale","15":"shipping-taxable","16":"purchasable","17":"product-type-simple"},"_links":{"self":[{"href":"https:\/\/roveyayinevi.com.tr\/index.php\/wp-json\/wp\/v2\/product\/690725","targetHints":{"allow":["GET"]}}],"collection":[{"href":"https:\/\/roveyayinevi.com.tr\/index.php\/wp-json\/wp\/v2\/product"}],"about":[{"href":"https:\/\/roveyayinevi.com.tr\/index.php\/wp-json\/wp\/v2\/types\/product"}],"wp:attachment":[{"href":"https:\/\/roveyayinevi.com.tr\/index.php\/wp-json\/wp\/v2\/media?parent=690725"}],"wp:term":[{"taxonomy":"product_brand","embeddable":true,"href":"https:\/\/roveyayinevi.com.tr\/index.php\/wp-json\/wp\/v2\/product_brand?post=690725"},{"taxonomy":"product_cat","embeddable":true,"href":"https:\/\/roveyayinevi.com.tr\/index.php\/wp-json\/wp\/v2\/product_cat?post=690725"},{"taxonomy":"product_tag","embeddable":true,"href":"https:\/\/roveyayinevi.com.tr\/index.php\/wp-json\/wp\/v2\/product_tag?post=690725"}],"curies":[{"name":"wp","href":"https:\/\/api.w.org\/{rel}","templated":true}]}}