{"id":690724,"date":"2025-08-27T13:53:22","date_gmt":"2025-08-27T10:53:22","guid":{"rendered":"https:\/\/roveyayinevi.com.tr\/index.php\/urun\/kumarbaz\/"},"modified":"2026-04-16T02:00:18","modified_gmt":"2026-04-15T23:00:18","slug":"kumarbaz","status":"publish","type":"product","link":"https:\/\/roveyayinevi.com.tr\/index.php\/urun\/kumarbaz\/","title":{"rendered":"Kumarbaz"},"content":{"rendered":"<p>Oyun salonuna girince -hayat\u0131mda ilk kez bir oyun salonuna giriyordum- oynamakla oynamamak aras\u0131nda bir s\u00fcre bocalad\u0131m kald\u0131m. Salon t\u0131kl\u0131m t\u0131kl\u0131m doluydu. Ancak e\u011fer b\u00f6yle bir kabal\u0131kla kar\u015f\u0131la\u015fmasayd\u0131m \u00f6yle san\u0131yorum ki, oyuna falan ba\u015flamadan \u00e7ekip giderdim. Ne yalan s\u00f6yleyeyim, kalbim k\u00fct k\u00fct at\u0131yor, o so\u011fukkanl\u0131l\u0131\u011f\u0131m\u0131n yerinde yeller esiyordu. Uzun bir s\u00fcredir kafama koymu\u015ftum; geldi\u011fim gibi bu Roulettenburg\u2019dan \u00e7\u0131k\u0131\u011f gitmeyecektim. Hayat\u0131mda k\u00f6kl\u00fc ve kesin bir dei\u015fiklik olacakt\u0131. Evet, b\u00f6yle olmas\u0131 laz\u0131md\u0131 ve olmal\u0131yd\u0131 da! <\/p>\n","protected":false},"excerpt":{"rendered":"<p>Oyun salonuna girince -hayat\u0131mda ilk kez bir oyun salonuna giriyordum- oynamakla oynamamak aras\u0131nda bir s\u00fcre bocalad\u0131m kald\u0131m. Salon t\u0131kl\u0131m t\u0131kl\u0131m doluydu. Ancak e\u011fer b\u00f6yle bir kabal\u0131kla<span class=\"excerpt-hellip\"> [\u2026]<\/span><\/p>\n","protected":false},"featured_media":0,"template":"","meta":{"_monsterinsights_skip_tracking":false,"_monsterinsights_sitenote_active":false,"_monsterinsights_sitenote_note":"","_monsterinsights_sitenote_category":0},"product_brand":[],"product_cat":[12291,13570],"product_tag":[],"class_list":{"0":"post-690724","1":"product","2":"type-product","3":"status-publish","5":"product_cat-edebiyat","6":"product_cat-rus-edebiyati","7":"pa_tur-kitap","8":"pa_yayinevi-anonim-yayincilik","9":"pa_yazar-fyodor-mihaylovic-dostoyevski","11":"first","12":"instock","13":"sale","14":"shipping-taxable","15":"purchasable","16":"product-type-simple"},"_links":{"self":[{"href":"https:\/\/roveyayinevi.com.tr\/index.php\/wp-json\/wp\/v2\/product\/690724","targetHints":{"allow":["GET"]}}],"collection":[{"href":"https:\/\/roveyayinevi.com.tr\/index.php\/wp-json\/wp\/v2\/product"}],"about":[{"href":"https:\/\/roveyayinevi.com.tr\/index.php\/wp-json\/wp\/v2\/types\/product"}],"wp:attachment":[{"href":"https:\/\/roveyayinevi.com.tr\/index.php\/wp-json\/wp\/v2\/media?parent=690724"}],"wp:term":[{"taxonomy":"product_brand","embeddable":true,"href":"https:\/\/roveyayinevi.com.tr\/index.php\/wp-json\/wp\/v2\/product_brand?post=690724"},{"taxonomy":"product_cat","embeddable":true,"href":"https:\/\/roveyayinevi.com.tr\/index.php\/wp-json\/wp\/v2\/product_cat?post=690724"},{"taxonomy":"product_tag","embeddable":true,"href":"https:\/\/roveyayinevi.com.tr\/index.php\/wp-json\/wp\/v2\/product_tag?post=690724"}],"curies":[{"name":"wp","href":"https:\/\/api.w.org\/{rel}","templated":true}]}}