{"id":690723,"date":"2025-08-27T13:53:22","date_gmt":"2025-08-27T10:53:22","guid":{"rendered":"https:\/\/roveyayinevi.com.tr\/index.php\/urun\/cocuklugum-2\/"},"modified":"2026-04-16T02:00:18","modified_gmt":"2026-04-15T23:00:18","slug":"cocuklugum-2","status":"publish","type":"product","link":"https:\/\/roveyayinevi.com.tr\/index.php\/urun\/cocuklugum-2\/","title":{"rendered":"\u00c7ocuklu\u011fum"},"content":{"rendered":"<p>K\u0131rk y\u0131l \u00f6nce gemiler bu kadar h\u0131zl\u0131 gitmezdi. Nijni\u2019ye yapt\u0131\u011f\u0131m\u0131z yolculuk \u00e7ok uzun s\u00fcr\u00fcyordu. G\u00fczellikleri ilk tatt\u0131\u011f\u0131m\u0131z o g\u00fcnleri bug\u00fcn gibi \u00e7ok iyi hat\u0131rl\u0131yorum. Havalar iyi gidiyordu. Ninem ve ben sabahtan ak\u015fama kadar g\u00fcvertede kal\u0131yorduk. Volga\u2019n\u0131n k\u0131y\u0131lar\u0131 aras\u0131nda s\u00fcz\u00fclerek gidiyorduk. A\u00e7\u0131k kahverengi geminin \u00e7arklar\u0131 tembel tembel ve b\u00fcy\u00fck bir g\u00fcr\u00fclt\u00fcyle gri-mavi sular\u0131 d\u00f6v\u00fcyor ve k\u00f6p\u00fcrt\u00fcyordu. <\/p>\n","protected":false},"excerpt":{"rendered":"<p>K\u0131rk y\u0131l \u00f6nce gemiler bu kadar h\u0131zl\u0131 gitmezdi. Nijni\u2019ye yapt\u0131\u011f\u0131m\u0131z yolculuk \u00e7ok uzun s\u00fcr\u00fcyordu. G\u00fczellikleri ilk tatt\u0131\u011f\u0131m\u0131z o g\u00fcnleri bug\u00fcn gibi \u00e7ok iyi hat\u0131rl\u0131yorum. Havalar iyi<span class=\"excerpt-hellip\"> [\u2026]<\/span><\/p>\n","protected":false},"featured_media":0,"template":"","meta":{"_monsterinsights_skip_tracking":false,"_monsterinsights_sitenote_active":false,"_monsterinsights_sitenote_note":"","_monsterinsights_sitenote_category":0},"product_brand":[],"product_cat":[12291,13570],"product_tag":[],"class_list":{"0":"post-690723","1":"product","2":"type-product","3":"status-publish","5":"product_cat-edebiyat","6":"product_cat-rus-edebiyati","7":"pa_tur-kitap","8":"pa_yayinevi-anonim-yayincilik","9":"pa_yazar-maksim-gorki","11":"first","12":"instock","13":"sale","14":"shipping-taxable","15":"purchasable","16":"product-type-simple"},"_links":{"self":[{"href":"https:\/\/roveyayinevi.com.tr\/index.php\/wp-json\/wp\/v2\/product\/690723","targetHints":{"allow":["GET"]}}],"collection":[{"href":"https:\/\/roveyayinevi.com.tr\/index.php\/wp-json\/wp\/v2\/product"}],"about":[{"href":"https:\/\/roveyayinevi.com.tr\/index.php\/wp-json\/wp\/v2\/types\/product"}],"wp:attachment":[{"href":"https:\/\/roveyayinevi.com.tr\/index.php\/wp-json\/wp\/v2\/media?parent=690723"}],"wp:term":[{"taxonomy":"product_brand","embeddable":true,"href":"https:\/\/roveyayinevi.com.tr\/index.php\/wp-json\/wp\/v2\/product_brand?post=690723"},{"taxonomy":"product_cat","embeddable":true,"href":"https:\/\/roveyayinevi.com.tr\/index.php\/wp-json\/wp\/v2\/product_cat?post=690723"},{"taxonomy":"product_tag","embeddable":true,"href":"https:\/\/roveyayinevi.com.tr\/index.php\/wp-json\/wp\/v2\/product_tag?post=690723"}],"curies":[{"name":"wp","href":"https:\/\/api.w.org\/{rel}","templated":true}]}}