{"id":690720,"date":"2025-08-27T13:53:21","date_gmt":"2025-08-27T10:53:21","guid":{"rendered":"https:\/\/roveyayinevi.com.tr\/index.php\/urun\/delikanli-2\/"},"modified":"2026-04-16T02:00:18","modified_gmt":"2026-04-15T23:00:18","slug":"delikanli-2","status":"publish","type":"product","link":"https:\/\/roveyayinevi.com.tr\/index.php\/urun\/delikanli-2\/","title":{"rendered":"Delikanl\u0131"},"content":{"rendered":"<p>Ben, \u015fu an yirmi ya\u015f\u0131nda olan lise mezunu bir gencim. soyad\u0131m Dolorukiy diye bilinir, me\u015fru babam Makar \u0130vanov Dolgorukiy, Versilov ailesinin eski k\u00f6leseymi\u015f. Asl\u0131nda me\u015fru yoldan do\u011fsam da, toplumun de\u011fer yarg\u0131lar\u0131na g\u00f6re babas\u0131z\u0131m ve soyum sophum \u015f\u00fcpheli. D\u00fcnyaya geli\u015f hikayem \u015f\u00f6yle: Bundan yirmi iki y\u0131l \u00f6nce as\u0131l babam derebeyi Versilov Tula vilayetindeki \u00e7iftli\u011fine gelmi\u015f. O s\u0131ralarda yirmi be\u015f ya\u015f\u0131ndaym\u0131\u015f. \u00d6yle san\u0131yorum ki o zaman daha ki\u015fili\u011fi tam oturmam\u0131\u015f bir adamm\u0131\u015f. \u00c7ocuklu\u011fumdan beri beni hep \u015fa\u015f\u0131rtan, b\u00fct\u00fcn ruhumun derinliklerine giren, hatta uzun zaman b\u00fct\u00fcn gelece\u011fim \u00fczerine b\u00fcy\u00fck etkiler b\u0131rakan bu adam\u0131n, \u015fimdi bile bir\u00e7ok \u015feyde benim i\u00e7in b\u00fcsb\u00fct\u00fcn \u00e7\u00f6z\u00fclmemi\u015f bir bilmece olu\u015fu da meraka de\u011fer. Ama iyisimi gelin de bunu daha sonra konu\u015fal\u0131m; bu gibi \u015feyler \u00f6yle geli\u015fi g\u00fczel anlat\u0131lmaz. Zaten b\u00fct\u00fcn hat\u0131ra defterimi bu adam dolduracak. <\/p>\n","protected":false},"excerpt":{"rendered":"<p>Ben, \u015fu an yirmi ya\u015f\u0131nda olan lise mezunu bir gencim. soyad\u0131m Dolorukiy diye bilinir, me\u015fru babam Makar \u0130vanov Dolgorukiy, Versilov ailesinin eski k\u00f6leseymi\u015f. Asl\u0131nda me\u015fru yoldan<span class=\"excerpt-hellip\"> [\u2026]<\/span><\/p>\n","protected":false},"featured_media":0,"template":"","meta":{"_monsterinsights_skip_tracking":false,"_monsterinsights_sitenote_active":false,"_monsterinsights_sitenote_note":"","_monsterinsights_sitenote_category":0},"product_brand":[],"product_cat":[12291,13570],"product_tag":[],"class_list":{"0":"post-690720","1":"product","2":"type-product","3":"status-publish","5":"product_cat-edebiyat","6":"product_cat-rus-edebiyati","7":"pa_tur-kitap","8":"pa_yayinevi-anonim-yayincilik","9":"pa_yazar-fyodor-mihaylovic-dostoyevski","11":"first","12":"instock","13":"sale","14":"shipping-taxable","15":"purchasable","16":"product-type-simple"},"_links":{"self":[{"href":"https:\/\/roveyayinevi.com.tr\/index.php\/wp-json\/wp\/v2\/product\/690720","targetHints":{"allow":["GET"]}}],"collection":[{"href":"https:\/\/roveyayinevi.com.tr\/index.php\/wp-json\/wp\/v2\/product"}],"about":[{"href":"https:\/\/roveyayinevi.com.tr\/index.php\/wp-json\/wp\/v2\/types\/product"}],"wp:attachment":[{"href":"https:\/\/roveyayinevi.com.tr\/index.php\/wp-json\/wp\/v2\/media?parent=690720"}],"wp:term":[{"taxonomy":"product_brand","embeddable":true,"href":"https:\/\/roveyayinevi.com.tr\/index.php\/wp-json\/wp\/v2\/product_brand?post=690720"},{"taxonomy":"product_cat","embeddable":true,"href":"https:\/\/roveyayinevi.com.tr\/index.php\/wp-json\/wp\/v2\/product_cat?post=690720"},{"taxonomy":"product_tag","embeddable":true,"href":"https:\/\/roveyayinevi.com.tr\/index.php\/wp-json\/wp\/v2\/product_tag?post=690720"}],"curies":[{"name":"wp","href":"https:\/\/api.w.org\/{rel}","templated":true}]}}