{"id":690719,"date":"2025-08-27T13:53:21","date_gmt":"2025-08-27T10:53:21","guid":{"rendered":"https:\/\/roveyayinevi.com.tr\/index.php\/urun\/hititler-ve-hattusa-istarin-kaleminden\/"},"modified":"2026-04-16T02:00:18","modified_gmt":"2026-04-15T23:00:18","slug":"hititler-ve-hattusa-istarin-kaleminden","status":"publish","type":"product","link":"https:\/\/roveyayinevi.com.tr\/index.php\/urun\/hititler-ve-hattusa-istarin-kaleminden\/","title":{"rendered":"Hititler ve Hattu\u015fa \u0130\u015ftar\u2019\u0131n Kaleminden"},"content":{"rendered":"<p>Muazzez \u0130lmiye \u00c7\u0131\u011f, bu kitab\u0131nda okuyuculara yepyeni ufuklar a\u00e7\u0131yor; Anadolu\u2019nun ortas\u0131nda en az 3500 y\u0131l \u00f6nce bir imparatorluk kurmu\u015f oldu\u011fu halde \u00e7ok az tan\u0131d\u0131\u011f\u0131m\u0131z Hititleri, ak\u0131c\u0131 bir anlat\u0131mla g\u00f6zler \u00f6n\u00fcne seriyor. Kitapta, Hititlerin ba\u015fkenti Hattu\u015fa\u2019da bulunan \u00fcnl\u00fc Yaz\u0131l\u0131kaya, saray, tap\u0131nak ve \u015fehir kap\u0131lar\u0131n\u0131n kal\u0131nt\u0131lar\u0131 g\u00f6zler \u00f6n\u00fcnde canland\u0131r\u0131lmakta, kaz\u0131larda \u00e7\u0131kar\u0131lan k\u0131r\u0131k d\u00f6k\u00fck \u00e7iviyaz\u0131l\u0131 tabletlerin, binlerce y\u0131l \u00f6nceki insanlar\u0131n ya\u015fam\u0131 hakk\u0131nda nas\u0131l yeni sayfalar a\u00e7t\u0131\u011f\u0131 ortaya konulmaktad\u0131r. Annesi Sumerolog Hatice K\u0131z\u0131lyay ile Hattu\u015fa\u2019ya giden 14 ya\u015f\u0131ndaki \u0130\u015ftar yazm\u0131\u015f bunlar\u0131; bulunan her yeni tabletten \u00f6\u011frendiklerini g\u00fcnl\u00fc\u011f\u00fcne ge\u00e7irmi\u015f. \u0130ki ay\u0131 kapsayan bir g\u00fcnl\u00fckte, Hititlerin saray entrikalar\u0131, cinayetleri, krallar\u0131n y\u0131ll\u0131klar\u0131, fermanlar\u0131, kanunlar\u0131, mahkemeleri, Tanr\u0131lar\u0131, efsaneleri, fal ve sihirleri, \u00e7e\u015fitli t\u00f6renleri, aile yap\u0131lar\u0131, hastal\u0131k, do\u011fum, evlenme ve bo\u015fanmalar\u0131, kitapl\u0131klar\u0131, dil ve yaz\u0131lar\u0131n \u00e7\u00f6z\u00fcm\u00fc, m\u00fczik, dans ve i\u00e7kileri hakk\u0131nda bilgiler sunuluyor. Bu arada Hititlerden g\u00fcn\u00fcm\u00fcze ula\u015fan gelenekler g\u00f6sterilerek, o g\u00fcnlerle zaman\u0131m\u0131z kar\u015f\u0131la\u015ft\u0131r\u0131l\u0131yor. Bu kitapta, 3000 y\u0131ldan beri unutulmu\u015f bir imparatorlu\u011fun k\u00fclt\u00fcr\u00fcn\u00fc b\u00fct\u00fcn y\u00f6nleriyle bulacaks\u0131n\u0131z.<\/p>\n","protected":false},"excerpt":{"rendered":"<p>Muazzez \u0130lmiye \u00c7\u0131\u011f, bu kitab\u0131nda okuyuculara yepyeni ufuklar a\u00e7\u0131yor; Anadolu\u2019nun ortas\u0131nda en az 3500 y\u0131l \u00f6nce bir imparatorluk kurmu\u015f oldu\u011fu halde \u00e7ok az tan\u0131d\u0131\u011f\u0131m\u0131z Hititleri, ak\u0131c\u0131<span class=\"excerpt-hellip\"> [\u2026]<\/span><\/p>\n","protected":false},"featured_media":0,"template":"","meta":{"_monsterinsights_skip_tracking":false,"_monsterinsights_sitenote_active":false,"_monsterinsights_sitenote_note":"","_monsterinsights_sitenote_category":0},"product_brand":[],"product_cat":[12312,12304],"product_tag":[],"class_list":{"0":"post-690719","1":"product","2":"type-product","3":"status-publish","5":"product_cat-diger","6":"product_cat-tarih","7":"pa_cilt-ciltsiz","8":"pa_tur-kitap","9":"pa_yayinevi-kaynak-yayinlari","10":"pa_yazar-muazzez-ilmiye-cig","12":"first","13":"instock","14":"sale","15":"shipping-taxable","16":"purchasable","17":"product-type-simple"},"_links":{"self":[{"href":"https:\/\/roveyayinevi.com.tr\/index.php\/wp-json\/wp\/v2\/product\/690719","targetHints":{"allow":["GET"]}}],"collection":[{"href":"https:\/\/roveyayinevi.com.tr\/index.php\/wp-json\/wp\/v2\/product"}],"about":[{"href":"https:\/\/roveyayinevi.com.tr\/index.php\/wp-json\/wp\/v2\/types\/product"}],"wp:attachment":[{"href":"https:\/\/roveyayinevi.com.tr\/index.php\/wp-json\/wp\/v2\/media?parent=690719"}],"wp:term":[{"taxonomy":"product_brand","embeddable":true,"href":"https:\/\/roveyayinevi.com.tr\/index.php\/wp-json\/wp\/v2\/product_brand?post=690719"},{"taxonomy":"product_cat","embeddable":true,"href":"https:\/\/roveyayinevi.com.tr\/index.php\/wp-json\/wp\/v2\/product_cat?post=690719"},{"taxonomy":"product_tag","embeddable":true,"href":"https:\/\/roveyayinevi.com.tr\/index.php\/wp-json\/wp\/v2\/product_tag?post=690719"}],"curies":[{"name":"wp","href":"https:\/\/api.w.org\/{rel}","templated":true}]}}