{"id":690717,"date":"2025-08-27T13:53:21","date_gmt":"2025-08-27T10:53:21","guid":{"rendered":"https:\/\/roveyayinevi.com.tr\/index.php\/urun\/asiretler-raporu\/"},"modified":"2026-04-16T02:00:18","modified_gmt":"2026-04-15T23:00:18","slug":"asiretler-raporu","status":"publish","type":"product","link":"https:\/\/roveyayinevi.com.tr\/index.php\/urun\/asiretler-raporu\/","title":{"rendered":"A\u015firetler Raporu"},"content":{"rendered":"<p>113 sayfas\u0131na tek tek \u201c\u00e7ok gizli\u201d damgas\u0131 vurulmu\u015f olan bu rapor, Do\u011fu ve G\u00fcneydo\u011fu\u2019daki 23 ili kaps\u0131yor.\u00dclkemizin h\u00e2l\u00e2 orta\u00e7a\u011f kal\u0131nt\u0131lar\u0131n\u0131 bar\u0131nd\u0131ran \u00f6zellikleri raporda ayr\u0131nt\u0131lar\u0131yla saptanm\u0131\u015ft\u0131r.Tek tek her a\u015firetin n\u00fcfusu, dili, mezhebi, reisi ya da ileri gelenleri, oturdu\u011fu yerler&#8230;Rapor\u2019da \u00f6nem verilen bir di\u011fer konu, Cumhuriyet tarihinde \u00e7\u0131kan K\u00fcrt isyanlar\u0131na kar\u015f\u0131 a\u015firetlerin tutumudur.Rapor\u2019u haz\u0131rlayanlar, a\u015firetleri, devletin iki temel dire\u011fi olan vergi ve askerlik \u00f6l\u00e7\u00fctlerine g\u00f6re de de\u011ferlendirmi\u015fler.Rapor, nesnel bilgiler d\u0131\u015f\u0131nda, \u201cd\u00fc\u015f\u00fcnceler\u201d hanesinde, haz\u0131rlayan kamu makamlar\u0131n\u0131n yorumlar\u0131n\u0131 i\u00e7eriyor.A\u015firetlerin birbirleriyle ili\u015fkileri de de\u011ferlendirilmi\u015f.Rapor\u2019un bir ba\u015fka \u00f6nemli \u00f6zelli\u011fi, devletin geleneksel K\u00fcrt politikas\u0131n\u0131 a\u00e7\u0131klayan \u00f6nemli bir belge olmas\u0131d\u0131r.T\u00fcrkiye\u2019nin Do\u011fu ve G\u00fcneydo\u011fu b\u00f6lgelerinin toplumsal-ekonomik durumu \u00fczerine ara\u015ft\u0131rma yapanlar i\u00e7in \u00f6nemli bir kaynak. <\/p>\n","protected":false},"excerpt":{"rendered":"<p>113 sayfas\u0131na tek tek \u201c\u00e7ok gizli\u201d damgas\u0131 vurulmu\u015f olan bu rapor, Do\u011fu ve G\u00fcneydo\u011fu\u2019daki 23 ili kaps\u0131yor.\u00dclkemizin h\u00e2l\u00e2 orta\u00e7a\u011f kal\u0131nt\u0131lar\u0131n\u0131 bar\u0131nd\u0131ran \u00f6zellikleri raporda ayr\u0131nt\u0131lar\u0131yla saptanm\u0131\u015ft\u0131r.Tek tek<span class=\"excerpt-hellip\"> [\u2026]<\/span><\/p>\n","protected":false},"featured_media":0,"template":"","meta":{"_monsterinsights_skip_tracking":false,"_monsterinsights_sitenote_active":false,"_monsterinsights_sitenote_note":"","_monsterinsights_sitenote_category":0},"product_brand":[],"product_cat":[13656,12337],"product_tag":[],"class_list":{"0":"post-690717","1":"product","2":"type-product","3":"status-publish","5":"product_cat-azinliklar-etnik-sorunlar","6":"product_cat-politika-siyaset","7":"pa_cilt-ciltsiz","8":"pa_tur-kitap","9":"pa_yayinevi-kaynak-yayinlari","10":"pa_yazar-derleme","12":"first","13":"instock","14":"sale","15":"shipping-taxable","16":"purchasable","17":"product-type-simple"},"_links":{"self":[{"href":"https:\/\/roveyayinevi.com.tr\/index.php\/wp-json\/wp\/v2\/product\/690717","targetHints":{"allow":["GET"]}}],"collection":[{"href":"https:\/\/roveyayinevi.com.tr\/index.php\/wp-json\/wp\/v2\/product"}],"about":[{"href":"https:\/\/roveyayinevi.com.tr\/index.php\/wp-json\/wp\/v2\/types\/product"}],"wp:attachment":[{"href":"https:\/\/roveyayinevi.com.tr\/index.php\/wp-json\/wp\/v2\/media?parent=690717"}],"wp:term":[{"taxonomy":"product_brand","embeddable":true,"href":"https:\/\/roveyayinevi.com.tr\/index.php\/wp-json\/wp\/v2\/product_brand?post=690717"},{"taxonomy":"product_cat","embeddable":true,"href":"https:\/\/roveyayinevi.com.tr\/index.php\/wp-json\/wp\/v2\/product_cat?post=690717"},{"taxonomy":"product_tag","embeddable":true,"href":"https:\/\/roveyayinevi.com.tr\/index.php\/wp-json\/wp\/v2\/product_tag?post=690717"}],"curies":[{"name":"wp","href":"https:\/\/api.w.org\/{rel}","templated":true}]}}