{"id":690715,"date":"2025-08-27T13:53:20","date_gmt":"2025-08-27T10:53:20","guid":{"rendered":"https:\/\/roveyayinevi.com.tr\/index.php\/urun\/kontrgerilla-2-orgutlenmesi\/"},"modified":"2026-04-16T02:00:18","modified_gmt":"2026-04-15T23:00:18","slug":"kontrgerilla-2-orgutlenmesi","status":"publish","type":"product","link":"https:\/\/roveyayinevi.com.tr\/index.php\/urun\/kontrgerilla-2-orgutlenmesi\/","title":{"rendered":"Kontrgerilla 2  \u00d6rg\u00fctlenmesi"},"content":{"rendered":"<p>Bu kitab\u0131m\u0131zda, 1. ciltte incelenen ABD Derin Devleti\u2019nin Kontrgerilla teorisinin, yar\u0131m y\u00fczy\u0131ll\u0131k T\u00fcrkiye prati\u011finde nas\u0131l uyguland\u0131\u011f\u0131n\u0131 somut olarak g\u00f6receksiniz. <\/p>\n","protected":false},"excerpt":{"rendered":"<p>Bu kitab\u0131m\u0131zda, 1. ciltte incelenen ABD Derin Devleti\u2019nin Kontrgerilla teorisinin, yar\u0131m y\u00fczy\u0131ll\u0131k T\u00fcrkiye prati\u011finde nas\u0131l uyguland\u0131\u011f\u0131n\u0131 somut olarak g\u00f6receksiniz.<\/p>\n","protected":false},"featured_media":0,"template":"","meta":{"_monsterinsights_skip_tracking":false,"_monsterinsights_sitenote_active":false,"_monsterinsights_sitenote_note":"","_monsterinsights_sitenote_category":0},"product_brand":[],"product_cat":[12346,12337],"product_tag":[],"class_list":{"0":"post-690715","1":"product","2":"type-product","3":"status-publish","5":"product_cat-derin-siyaset-komplo-teorileri","6":"product_cat-politika-siyaset","7":"pa_tur-kitap","8":"pa_yayinevi-kaynak-yayinlari","9":"pa_yazar-ferit-ilsever","11":"first","12":"instock","13":"sale","14":"shipping-taxable","15":"purchasable","16":"product-type-simple"},"_links":{"self":[{"href":"https:\/\/roveyayinevi.com.tr\/index.php\/wp-json\/wp\/v2\/product\/690715","targetHints":{"allow":["GET"]}}],"collection":[{"href":"https:\/\/roveyayinevi.com.tr\/index.php\/wp-json\/wp\/v2\/product"}],"about":[{"href":"https:\/\/roveyayinevi.com.tr\/index.php\/wp-json\/wp\/v2\/types\/product"}],"wp:attachment":[{"href":"https:\/\/roveyayinevi.com.tr\/index.php\/wp-json\/wp\/v2\/media?parent=690715"}],"wp:term":[{"taxonomy":"product_brand","embeddable":true,"href":"https:\/\/roveyayinevi.com.tr\/index.php\/wp-json\/wp\/v2\/product_brand?post=690715"},{"taxonomy":"product_cat","embeddable":true,"href":"https:\/\/roveyayinevi.com.tr\/index.php\/wp-json\/wp\/v2\/product_cat?post=690715"},{"taxonomy":"product_tag","embeddable":true,"href":"https:\/\/roveyayinevi.com.tr\/index.php\/wp-json\/wp\/v2\/product_tag?post=690715"}],"curies":[{"name":"wp","href":"https:\/\/api.w.org\/{rel}","templated":true}]}}