{"id":690714,"date":"2025-08-27T13:53:20","date_gmt":"2025-08-27T10:53:20","guid":{"rendered":"https:\/\/roveyayinevi.com.tr\/index.php\/urun\/kulturel-elestiri-olarak-antropoloji-insan-bilimlerinde-deneysel-bir-an\/"},"modified":"2026-04-16T02:00:18","modified_gmt":"2026-04-15T23:00:18","slug":"kulturel-elestiri-olarak-antropoloji-insan-bilimlerinde-deneysel-bir-an","status":"publish","type":"product","link":"https:\/\/roveyayinevi.com.tr\/index.php\/urun\/kulturel-elestiri-olarak-antropoloji-insan-bilimlerinde-deneysel-bir-an\/","title":{"rendered":"K\u00fclt\u00fcrel Ele\u015ftiri Olarak Antropoloji \u0130nsan Bilimlerinde Deneysel Bir An"},"content":{"rendered":"<p>George E. Marcus ve Michael M.J. Fischer\u2019\u0131n ilk defa 1986\u2019da yay\u0131mlanan bu kitab\u0131, 1980\u2019lerde var olan toplum ve k\u00fclt\u00fcr yorumlama tarzlar\u0131na y\u00f6nelik kritik g\u00f6zden ge\u00e7irme dalgas\u0131n\u0131n bir par\u00e7as\u0131d\u0131r. D\u00fcnyada h\u0131zl\u0131 de\u011fi\u015fimlerin ya\u015fand\u0131\u011f\u0131 bir d\u00f6nemde toplumsal ger\u00e7ekli\u011fi temsil etme \u00e7abalar\u0131n\u0131n merkezindeki antropolojinin durumunu netle\u015ftirmeyi ama\u00e7layan yazarlar, ge\u00e7mi\u015f antropoloji \u00e7al\u0131\u015fmalar\u0131n\u0131n tarihsel ele\u015ftirisini yaparken deneysel etnografya yaz\u0131m\u0131 \u00e7abalar\u0131n\u0131n imk\u00e2nlar\u0131 ve sorunlar\u0131 \u00fczerinde duruyor.\u0130nsan bilimlerine konu olan \u00e7e\u015fitli tart\u0131\u015fmalar\u0131n analizini yapmak i\u00e7in k\u00fclt\u00fcrel antropolojiye ba\u015fvuran Marcus ve Fischer, antropolojinin ge\u00e7mi\u015fteki ba\u015far\u0131lar\u0131na, kar\u015f\u0131s\u0131nda duran sorunlara, gelecekteki y\u00f6n\u00fcne ve di\u011fer ara\u015ft\u0131rma alanlar\u0131 \u00fczerine sunabilece\u011fi kavray\u0131\u015flara yak\u0131ndan bak\u0131yor. Ortaya antropolojinin yan\u0131 s\u0131ra, toplum bilimleri, sanat, edebiyat ve tarihe y\u00f6nelik ele\u015ftirel yakla\u015f\u0131m aray\u0131\u015f\u0131ndaki ara\u015ft\u0131rmac\u0131lar i\u00e7in k\u0131\u015fk\u0131rt\u0131c\u0131 bir eser \u00e7\u0131k\u0131yor.Marcus ve Fischer\u2019\u0131n art\u0131k klasikle\u015fmi\u015f olan bu \u00e7al\u0131\u015fmas\u0131, postmodern \u00e7a\u011fda de\u011fi\u015fen k\u00fcresel ve yerel ko\u015fullar ile etnografyalar\u0131n bunlara uyum sa\u011flama yollar\u0131n\u0131n anla\u015f\u0131lmas\u0131 a\u00e7\u0131s\u0131ndan \u00f6nemini h\u00e2l\u00e2 koruyor.<\/p>\n","protected":false},"excerpt":{"rendered":"<p>George E. Marcus ve Michael M.J. Fischer\u2019\u0131n ilk defa 1986\u2019da yay\u0131mlanan bu kitab\u0131, 1980\u2019lerde var olan toplum ve k\u00fclt\u00fcr yorumlama tarzlar\u0131na y\u00f6nelik kritik g\u00f6zden ge\u00e7irme dalgas\u0131n\u0131n<span class=\"excerpt-hellip\"> [\u2026]<\/span><\/p>\n","protected":false},"featured_media":0,"template":"","meta":{"_monsterinsights_skip_tracking":false,"_monsterinsights_sitenote_active":false,"_monsterinsights_sitenote_note":"","_monsterinsights_sitenote_category":0},"product_brand":[],"product_cat":[15499,13488],"product_tag":[],"class_list":{"0":"post-690714","1":"product","2":"type-product","3":"status-publish","5":"product_cat-antropoloji","6":"product_cat-toplum-ve-insan","7":"pa_cilt-ciltsiz","8":"pa_tur-kitap","9":"pa_yayinevi-koc-universitesi-yayinlari","10":"pa_yazar-george-e-marcus-michael-m-j-fischer","12":"first","13":"instock","14":"sale","15":"shipping-taxable","16":"purchasable","17":"product-type-simple"},"_links":{"self":[{"href":"https:\/\/roveyayinevi.com.tr\/index.php\/wp-json\/wp\/v2\/product\/690714","targetHints":{"allow":["GET"]}}],"collection":[{"href":"https:\/\/roveyayinevi.com.tr\/index.php\/wp-json\/wp\/v2\/product"}],"about":[{"href":"https:\/\/roveyayinevi.com.tr\/index.php\/wp-json\/wp\/v2\/types\/product"}],"wp:attachment":[{"href":"https:\/\/roveyayinevi.com.tr\/index.php\/wp-json\/wp\/v2\/media?parent=690714"}],"wp:term":[{"taxonomy":"product_brand","embeddable":true,"href":"https:\/\/roveyayinevi.com.tr\/index.php\/wp-json\/wp\/v2\/product_brand?post=690714"},{"taxonomy":"product_cat","embeddable":true,"href":"https:\/\/roveyayinevi.com.tr\/index.php\/wp-json\/wp\/v2\/product_cat?post=690714"},{"taxonomy":"product_tag","embeddable":true,"href":"https:\/\/roveyayinevi.com.tr\/index.php\/wp-json\/wp\/v2\/product_tag?post=690714"}],"curies":[{"name":"wp","href":"https:\/\/api.w.org\/{rel}","templated":true}]}}