{"id":690708,"date":"2025-08-27T13:53:19","date_gmt":"2025-08-27T10:53:19","guid":{"rendered":"https:\/\/roveyayinevi.com.tr\/index.php\/urun\/kizil-kayalar\/"},"modified":"2026-04-16T02:00:18","modified_gmt":"2026-04-15T23:00:18","slug":"kizil-kayalar","status":"publish","type":"product","link":"https:\/\/roveyayinevi.com.tr\/index.php\/urun\/kizil-kayalar\/","title":{"rendered":"K\u0131z\u0131l Kayalar"},"content":{"rendered":"<p>Bu kitap b\u00fcy\u00fck \u00e7in devrimine giden s\u00fcre\u00e7teki m\u00fccadeleleri canl\u0131 ve s\u00fcr\u00fckleyici bir \u015fekilde tasvir eden tarihsel bir romand\u0131r. \u00c7in Devrimi ve \u00c7in Halk Cumhuriyeti&#8217;nin kurulu\u015fu emperyalizme kar\u015f\u0131 on y\u0131llar s\u00fcren bir m\u00fccadele sonucuydu. Elinizdeki kitap devrimin arifesindeki bir d\u00f6nemde, 1947 y\u0131l\u0131 ortalar\u0131ndan 1949 sonuna kadar halk\u0131n, \u00c7in Kom\u00fcnist Partisi \u00f6nderli\u011finde verdi\u011fi kahramanca m\u00fccadelelerin ve emperyalizm ile onun yerli i\u015fbirlik\u00e7ilerinin \u00fclkeden temizlenmesinin g\u00f6rkemli \u00f6yk\u00fcs\u00fcd\u00fcr. Bu roman bask\u0131ya, s\u00f6m\u00fcr\u00fcye, i\u015fkenceye kar\u015f\u0131 halk m\u00fccadelesinin \u00f6yk\u00fcs\u00fc ve burjuvazinin yoz sanat\u0131na kar\u015f\u0131 halk\u0131n g\u00fc\u00e7l\u00fc bir silah\u0131d\u0131r. Ku\u015faklar boyu devrimler, onlar\u0131 anlatan \u00fcnl\u00fc romanlarla belleklerde yer edinir. B\u00fcy\u00fck Frans\u0131z romanc\u0131s\u0131 Victor Hugo, 1789 B\u00fcy\u00fck Fransa \u0130htilalini \u00fcnl\u00fc eseri 1793 roman\u0131yla anlat\u0131r. Rusya&#8217;n\u0131n Ekim Devrimi, John Reed&#8217;in D\u00fcnyay\u0131 Sarsan On G\u00fcn&#8217;\u00fcyle bilinir. \u00c7in devriminin roman\u0131 da bir bak\u0131ma K\u0131z\u0131l Kayalar&#8217;d\u0131r.<\/p>\n","protected":false},"excerpt":{"rendered":"<p>Bu kitap b\u00fcy\u00fck \u00e7in devrimine giden s\u00fcre\u00e7teki m\u00fccadeleleri canl\u0131 ve s\u00fcr\u00fckleyici bir \u015fekilde tasvir eden tarihsel bir romand\u0131r. \u00c7in Devrimi ve \u00c7in Halk Cumhuriyeti&#8217;nin kurulu\u015fu emperyalizme<span class=\"excerpt-hellip\"> [\u2026]<\/span><\/p>\n","protected":false},"featured_media":0,"template":"","meta":{"_monsterinsights_skip_tracking":false,"_monsterinsights_sitenote_active":false,"_monsterinsights_sitenote_note":"","_monsterinsights_sitenote_category":0},"product_brand":[],"product_cat":[12291,17281],"product_tag":[],"class_list":{"0":"post-690708","1":"product","2":"type-product","3":"status-publish","5":"product_cat-edebiyat","6":"product_cat-ortadogu-arap-edebiyati","7":"pa_tur-kitap","8":"pa_yayinevi-kaynak-yayinlari","9":"pa_yazar-yang-yiyen","11":"first","12":"instock","13":"sale","14":"shipping-taxable","15":"purchasable","16":"product-type-simple"},"_links":{"self":[{"href":"https:\/\/roveyayinevi.com.tr\/index.php\/wp-json\/wp\/v2\/product\/690708","targetHints":{"allow":["GET"]}}],"collection":[{"href":"https:\/\/roveyayinevi.com.tr\/index.php\/wp-json\/wp\/v2\/product"}],"about":[{"href":"https:\/\/roveyayinevi.com.tr\/index.php\/wp-json\/wp\/v2\/types\/product"}],"wp:attachment":[{"href":"https:\/\/roveyayinevi.com.tr\/index.php\/wp-json\/wp\/v2\/media?parent=690708"}],"wp:term":[{"taxonomy":"product_brand","embeddable":true,"href":"https:\/\/roveyayinevi.com.tr\/index.php\/wp-json\/wp\/v2\/product_brand?post=690708"},{"taxonomy":"product_cat","embeddable":true,"href":"https:\/\/roveyayinevi.com.tr\/index.php\/wp-json\/wp\/v2\/product_cat?post=690708"},{"taxonomy":"product_tag","embeddable":true,"href":"https:\/\/roveyayinevi.com.tr\/index.php\/wp-json\/wp\/v2\/product_tag?post=690708"}],"curies":[{"name":"wp","href":"https:\/\/api.w.org\/{rel}","templated":true}]}}