{"id":690706,"date":"2025-08-27T13:53:19","date_gmt":"2025-08-27T10:53:19","guid":{"rendered":"https:\/\/roveyayinevi.com.tr\/index.php\/urun\/akp-iscilere-nasil-zarar-veriyor\/"},"modified":"2026-04-16T02:00:18","modified_gmt":"2026-04-15T23:00:18","slug":"akp-iscilere-nasil-zarar-veriyor","status":"publish","type":"product","link":"https:\/\/roveyayinevi.com.tr\/index.php\/urun\/akp-iscilere-nasil-zarar-veriyor\/","title":{"rendered":"Akp \u0130\u015f\u00e7ilere Nas\u0131l Zarar Veriyor"},"content":{"rendered":"<p>T\u00fcrkiye sendikal hareketinin \u00f6nemli teorisyenlerinden olan Y\u0131ld\u0131r\u0131m Ko\u00e7 bu kitab\u0131nda, d\u00f6rt y\u0131ld\u0131r iktidarda bulunan AKP\u2019nin i\u015f\u00e7ilere verdi\u011fi zarar\u0131n bilan\u00e7osunu \u00e7\u0131kar\u0131yor. Ko\u00e7\u2019un as\u0131l amac\u0131, AKP H\u00fck\u00fcmeti\u2019nin i\u015f\u00e7ilere verdi\u011fi zararlar\u0131 emek\u00e7ilere bir kez daha an\u0131msatmakt\u0131r. \u00c7\u00fcnk\u00fc i\u015f\u00e7ilerin \u00f6nemli bir b\u00f6l\u00fcm\u00fc se\u00e7imlerde AKP\u2019ye oy verdi ve emek\u00e7ilere b\u00fcy\u00fck zarar veren AKP politikalar\u0131n\u0131n uygulanmas\u0131nda sorumluluk \u00fcstlendi. <\/p>\n","protected":false},"excerpt":{"rendered":"<p>T\u00fcrkiye sendikal hareketinin \u00f6nemli teorisyenlerinden olan Y\u0131ld\u0131r\u0131m Ko\u00e7 bu kitab\u0131nda, d\u00f6rt y\u0131ld\u0131r iktidarda bulunan AKP\u2019nin i\u015f\u00e7ilere verdi\u011fi zarar\u0131n bilan\u00e7osunu \u00e7\u0131kar\u0131yor. Ko\u00e7\u2019un as\u0131l amac\u0131, AKP H\u00fck\u00fcmeti\u2019nin i\u015f\u00e7ilere<span class=\"excerpt-hellip\"> [\u2026]<\/span><\/p>\n","protected":false},"featured_media":0,"template":"","meta":{"_monsterinsights_skip_tracking":false,"_monsterinsights_sitenote_active":false,"_monsterinsights_sitenote_note":"","_monsterinsights_sitenote_category":0},"product_brand":[],"product_cat":[12965,12337],"product_tag":[],"class_list":{"0":"post-690706","1":"product","2":"type-product","3":"status-publish","5":"product_cat-genel-politika","6":"product_cat-politika-siyaset","7":"pa_tur-kitap","8":"pa_yayinevi-kaynak-yayinlari","9":"pa_yazar-yildirim-koc","11":"first","12":"instock","13":"sale","14":"shipping-taxable","15":"purchasable","16":"product-type-simple"},"_links":{"self":[{"href":"https:\/\/roveyayinevi.com.tr\/index.php\/wp-json\/wp\/v2\/product\/690706","targetHints":{"allow":["GET"]}}],"collection":[{"href":"https:\/\/roveyayinevi.com.tr\/index.php\/wp-json\/wp\/v2\/product"}],"about":[{"href":"https:\/\/roveyayinevi.com.tr\/index.php\/wp-json\/wp\/v2\/types\/product"}],"wp:attachment":[{"href":"https:\/\/roveyayinevi.com.tr\/index.php\/wp-json\/wp\/v2\/media?parent=690706"}],"wp:term":[{"taxonomy":"product_brand","embeddable":true,"href":"https:\/\/roveyayinevi.com.tr\/index.php\/wp-json\/wp\/v2\/product_brand?post=690706"},{"taxonomy":"product_cat","embeddable":true,"href":"https:\/\/roveyayinevi.com.tr\/index.php\/wp-json\/wp\/v2\/product_cat?post=690706"},{"taxonomy":"product_tag","embeddable":true,"href":"https:\/\/roveyayinevi.com.tr\/index.php\/wp-json\/wp\/v2\/product_tag?post=690706"}],"curies":[{"name":"wp","href":"https:\/\/api.w.org\/{rel}","templated":true}]}}