{"id":690705,"date":"2025-08-27T13:53:18","date_gmt":"2025-08-27T10:53:18","guid":{"rendered":"https:\/\/roveyayinevi.com.tr\/index.php\/urun\/abdnin-neo-osmanli-projesi-buyuk-kurdistan\/"},"modified":"2026-04-16T02:00:18","modified_gmt":"2026-04-15T23:00:18","slug":"abdnin-neo-osmanli-projesi-buyuk-kurdistan","status":"publish","type":"product","link":"https:\/\/roveyayinevi.com.tr\/index.php\/urun\/abdnin-neo-osmanli-projesi-buyuk-kurdistan\/","title":{"rendered":"ABD\u2019nin Neo &#8211; Osmanl\u0131 Projesi B\u00fcy\u00fck K\u00fcrdistan"},"content":{"rendered":"<p>Bat\u0131 100 y\u0131ll\u0131k Ortado\u011fu plan\u0131n\u0131n son a\u015famas\u0131nda, Neo &#8211; Osmanl\u0131c\u0131l\u0131k \u00fczerinden T\u00fcrkiye\u2019yi teslim al\u0131yor. Bu projenin merkezi hedefi ise B\u00fcy\u00fck K\u00fcrdistan . ABD, g\u00fcncelledi\u011fi B\u00fcy\u00fck Ortado\u011fu Projesi BOP ile T\u00fcrkiye\u2019yi Kuzey Irak ve Kafkasya \u00fczerinden \u0130ran ve Rusya\u2019yla kar\u015f\u0131 kar\u015f\u0131ya getirmeyi ve Pentagon\u2019un bu zemin \u00fczerinden b\u00f6lgeye m\u00fcdahalesini s\u00fcrekli k\u0131lmay\u0131 hedefliyor. Gazeteci Mehmet Ali G\u00fcller, ABD\u2019nin Irak\u2019\u0131 par\u00e7alay\u0131p, K\u00fcrt devletini kurup, bunu T\u00fcrkiye\u2019ye do\u011fru geni\u015fletme s\u00fcrecini belgeleriyle ortaya koyuyor. Yazar, inceledi\u011fi rapor ve belgelerle \u015fu kritik sorulara yan\u0131t veriyor: ABD\u2019nin \u00dc\u00e7 \u0130srail Plan\u0131 nas\u0131l uyguland\u0131? ABD\u2019nin AKP ile gizli anla\u015fmalar\u0131 neler i\u00e7eriyor? K\u00fcrt A\u00e7\u0131l\u0131m\u0131 n\u0131n \u015fifreleri nelerdir? K\u00fcrt A\u00e7\u0131l\u0131m\u0131\u2019na kaynakl\u0131k eden ABD raporlar\u0131nda neler yaz\u0131yor? Ergenekon operasyonunun K\u00fcrt A\u00e7\u0131l\u0131m\u0131 ile ilgisi nedir? T\u00fcrk ve K\u00fcrt\u2019\u00fc ayr\u0131\u015ft\u0131rma s\u00fcreci nas\u0131l y\u00fcr\u00fct\u00fcl\u00fcyor? AKP, P*KK ile hangi m\u00fczakereleri y\u00fcr\u00fctt\u00fc? T\u00fcrkiye\u2019yi k\u00fc\u00e7\u00fcltme plan\u0131nda kimler, ne roller ald\u0131? ABD\u2019nin i\u00e7 \u00e7at\u0131\u015fma senaryosu nedir? Gazeteci Banu Avar\u2019\u0131n \u00f6ns\u00f6z\u00fcyle okuyaca\u011f\u0131n\u0131z bu kitap, ABD\u2019nin plan\u0131n\u0131 sergilemekle birlikte, bu plan\u0131 bo\u015fa \u00e7\u0131karacak b\u00f6lgesel geli\u015fmelere de \u0131\u015f\u0131k tutuyor. Yazar, bu zemin i\u00e7erisinde hem K\u00fcrt sorununu hangi kuvvetin nas\u0131l \u00e7\u00f6zece\u011fini, hem de T\u00fcrkiye\u2019nin hangi ittifaklara y\u00f6nelmesi gerekti\u011fini ortaya koyuyor. <\/p>\n","protected":false},"excerpt":{"rendered":"<p>Bat\u0131 100 y\u0131ll\u0131k Ortado\u011fu plan\u0131n\u0131n son a\u015famas\u0131nda, Neo &#8211; Osmanl\u0131c\u0131l\u0131k \u00fczerinden T\u00fcrkiye\u2019yi teslim al\u0131yor. Bu projenin merkezi hedefi ise B\u00fcy\u00fck K\u00fcrdistan . ABD, g\u00fcncelledi\u011fi B\u00fcy\u00fck Ortado\u011fu<span class=\"excerpt-hellip\"> [\u2026]<\/span><\/p>\n","protected":false},"featured_media":0,"template":"","meta":{"_monsterinsights_skip_tracking":false,"_monsterinsights_sitenote_active":false,"_monsterinsights_sitenote_note":"","_monsterinsights_sitenote_category":0},"product_brand":[],"product_cat":[13656,12337],"product_tag":[],"class_list":{"0":"post-690705","1":"product","2":"type-product","3":"status-publish","5":"product_cat-azinliklar-etnik-sorunlar","6":"product_cat-politika-siyaset","7":"pa_tur-kitap","8":"pa_yayinevi-kaynak-yayinlari","9":"pa_yazar-mehmet-ali-guller","11":"first","12":"instock","13":"sale","14":"shipping-taxable","15":"purchasable","16":"product-type-simple"},"_links":{"self":[{"href":"https:\/\/roveyayinevi.com.tr\/index.php\/wp-json\/wp\/v2\/product\/690705","targetHints":{"allow":["GET"]}}],"collection":[{"href":"https:\/\/roveyayinevi.com.tr\/index.php\/wp-json\/wp\/v2\/product"}],"about":[{"href":"https:\/\/roveyayinevi.com.tr\/index.php\/wp-json\/wp\/v2\/types\/product"}],"wp:attachment":[{"href":"https:\/\/roveyayinevi.com.tr\/index.php\/wp-json\/wp\/v2\/media?parent=690705"}],"wp:term":[{"taxonomy":"product_brand","embeddable":true,"href":"https:\/\/roveyayinevi.com.tr\/index.php\/wp-json\/wp\/v2\/product_brand?post=690705"},{"taxonomy":"product_cat","embeddable":true,"href":"https:\/\/roveyayinevi.com.tr\/index.php\/wp-json\/wp\/v2\/product_cat?post=690705"},{"taxonomy":"product_tag","embeddable":true,"href":"https:\/\/roveyayinevi.com.tr\/index.php\/wp-json\/wp\/v2\/product_tag?post=690705"}],"curies":[{"name":"wp","href":"https:\/\/api.w.org\/{rel}","templated":true}]}}