{"id":690702,"date":"2025-08-27T13:53:18","date_gmt":"2025-08-27T10:53:18","guid":{"rendered":"https:\/\/roveyayinevi.com.tr\/index.php\/urun\/farkinda-abla-cennet-yolunda\/"},"modified":"2026-04-03T02:04:19","modified_gmt":"2026-04-02T23:04:19","slug":"farkinda-abla-cennet-yolunda","status":"publish","type":"product","link":"https:\/\/roveyayinevi.com.tr\/index.php\/urun\/farkinda-abla-cennet-yolunda\/","title":{"rendered":"Fark\u0131nda Abla Cennet Yolunda"},"content":{"rendered":"<p>Kendinizi tak\u0131lm\u0131\u015f m\u0131 hissediyorsunuz? Ben de \u00f6yle. Ayd\u0131nlanma yolunda derin bir \u00e7ukura d\u00fc\u015fm\u00fc\u015f gibiydim. Biraz derin bile olsa yol kenar\u0131ndaki bir \u00e7ukurun i\u00e7inden \u00e7\u0131k\u0131l\u0131r diye d\u00fc\u015f\u00fcn\u00fcrs\u00fcn\u00fcz, de\u011fil mi? Ama ben s\u0131k\u0131\u015fmay\u0131 ba\u015farm\u0131\u015ft\u0131m i\u015fte. \u00d6yle yaralan\u0131p berelenmi\u015f, sersemlemi\u015ftim ki k\u0131m\u0131ldayam\u0131yordum. <\/p>\n","protected":false},"excerpt":{"rendered":"<p>Kendinizi tak\u0131lm\u0131\u015f m\u0131 hissediyorsunuz? Ben de \u00f6yle. Ayd\u0131nlanma yolunda derin bir \u00e7ukura d\u00fc\u015fm\u00fc\u015f gibiydim. Biraz derin bile olsa yol kenar\u0131ndaki bir \u00e7ukurun i\u00e7inden \u00e7\u0131k\u0131l\u0131r diye d\u00fc\u015f\u00fcn\u00fcrs\u00fcn\u00fcz,<span class=\"excerpt-hellip\"> [\u2026]<\/span><\/p>\n","protected":false},"featured_media":0,"template":"","meta":{"_monsterinsights_skip_tracking":false,"_monsterinsights_sitenote_active":false,"_monsterinsights_sitenote_note":"","_monsterinsights_sitenote_category":0},"product_brand":[],"product_cat":[12364,12376],"product_tag":[],"class_list":{"0":"post-690702","1":"product","2":"type-product","3":"status-publish","5":"product_cat-genel-konular","6":"product_cat-kisisel-gelisim","7":"pa_tur-kitap","8":"pa_yayinevi-kuraldisi-yayinevi","9":"pa_yazar-isabel-losada","11":"first","12":"instock","13":"sale","14":"shipping-taxable","15":"purchasable","16":"product-type-simple"},"_links":{"self":[{"href":"https:\/\/roveyayinevi.com.tr\/index.php\/wp-json\/wp\/v2\/product\/690702","targetHints":{"allow":["GET"]}}],"collection":[{"href":"https:\/\/roveyayinevi.com.tr\/index.php\/wp-json\/wp\/v2\/product"}],"about":[{"href":"https:\/\/roveyayinevi.com.tr\/index.php\/wp-json\/wp\/v2\/types\/product"}],"wp:attachment":[{"href":"https:\/\/roveyayinevi.com.tr\/index.php\/wp-json\/wp\/v2\/media?parent=690702"}],"wp:term":[{"taxonomy":"product_brand","embeddable":true,"href":"https:\/\/roveyayinevi.com.tr\/index.php\/wp-json\/wp\/v2\/product_brand?post=690702"},{"taxonomy":"product_cat","embeddable":true,"href":"https:\/\/roveyayinevi.com.tr\/index.php\/wp-json\/wp\/v2\/product_cat?post=690702"},{"taxonomy":"product_tag","embeddable":true,"href":"https:\/\/roveyayinevi.com.tr\/index.php\/wp-json\/wp\/v2\/product_tag?post=690702"}],"curies":[{"name":"wp","href":"https:\/\/api.w.org\/{rel}","templated":true}]}}