{"id":690701,"date":"2025-08-27T13:53:18","date_gmt":"2025-08-27T10:53:18","guid":{"rendered":"https:\/\/roveyayinevi.com.tr\/index.php\/urun\/abdnin-askeri-mudahaleleri\/"},"modified":"2026-04-16T02:00:18","modified_gmt":"2026-04-15T23:00:18","slug":"abdnin-askeri-mudahaleleri","status":"publish","type":"product","link":"https:\/\/roveyayinevi.com.tr\/index.php\/urun\/abdnin-askeri-mudahaleleri\/","title":{"rendered":"ABD\u2019nin Askeri M\u00fcdahaleleri"},"content":{"rendered":"<p>ABD Silahl\u0131 Kuvvetleri 1775\u2019te kurulmu\u015f, ilk yurtd\u0131\u015f\u0131 ve ilk Atlantik \u00f6tesi m\u00fcdahalesini 1801\u2019de Kuzey Afrika\u2019da Berberi Sava\u015flar\u0131\u2019na kat\u0131larak yapm\u0131\u015ft\u0131r. Bu tarihten g\u00fcn\u00fcm\u00fcze kadar d\u00fcnyan\u0131n \u00e7e\u015fitli b\u00f6lgelerine ellinin \u00fczerinde askeri m\u00fcdahalesi olmu\u015ftur. 1990 y\u0131l\u0131ndan bu yana k\u00fcresel \u00f6l\u00e7ekte  Yeni D\u00fcnya D\u00fczeni , b\u00f6lgemizde ise  B\u00fcy\u00fck Ortado\u011fu Projesi ni hayata ge\u00e7irmek istemektedir. O g\u00fcn bug\u00fcnd\u00fcr, emperyalist tahakk\u00fcme direnen ulusal devletler ABD ve g\u00fcd\u00fcm\u00fcndeki NATO\u2019nun ba\u015f hedefi haline gelmi\u015ftir. ABD\u2019nin 1800\u2019lerden bu yana d\u00fcnya \u00e7ap\u0131nda y\u00fcr\u00fctt\u00fc\u011f\u00fc askeri faaliyetleri ve emperyalist m\u00fcdahaleleri a\u00e7\u0131\u011fa \u00e7\u0131karan incelemelerden olu\u015fan bu kitap, on be\u015f farkl\u0131 \u00fcniversiteden otuz d\u00f6rt akademisyen taraf\u0131ndan yakla\u015f\u0131k bir bu\u00e7uk y\u0131l i\u00e7erisinde haz\u0131rlanm\u0131\u015ft\u0131r. Prof. Dr. Haydar \u00c7akmak taraf\u0131ndan yay\u0131na haz\u0131rlanan bu kitapta uzman\u0131 olduklar\u0131 b\u00f6lgeleri en detayl\u0131 \u015fekilde inceleyen bilim insanlar\u0131, bu \u00e7ok hassas konuda, akademik ve d\u00fc\u015f\u00fcnsel \u00f6zg\u00fcrl\u00fck prensiplerine ba\u011fl\u0131 kalarak uluslararas\u0131 ili\u015fkilerde \u00fclkemizdeki literat\u00fcr eksikli\u011fini gidermi\u015flerdir. Bu \u00e7al\u0131\u015fman\u0131n, konuya ili\u015fkin bilimsel ara\u015ft\u0131rmalara ve akademik tart\u0131\u015fmalara zemin olu\u015fturmas\u0131n\u0131 diliyoruz. <\/p>\n","protected":false},"excerpt":{"rendered":"<p>ABD Silahl\u0131 Kuvvetleri 1775\u2019te kurulmu\u015f, ilk yurtd\u0131\u015f\u0131 ve ilk Atlantik \u00f6tesi m\u00fcdahalesini 1801\u2019de Kuzey Afrika\u2019da Berberi Sava\u015flar\u0131\u2019na kat\u0131larak yapm\u0131\u015ft\u0131r. Bu tarihten g\u00fcn\u00fcm\u00fcze kadar d\u00fcnyan\u0131n \u00e7e\u015fitli b\u00f6lgelerine<span class=\"excerpt-hellip\"> [\u2026]<\/span><\/p>\n","protected":false},"featured_media":0,"template":"","meta":{"_monsterinsights_skip_tracking":false,"_monsterinsights_sitenote_active":false,"_monsterinsights_sitenote_note":"","_monsterinsights_sitenote_category":0},"product_brand":[],"product_cat":[13596,12337],"product_tag":[],"class_list":{"0":"post-690701","1":"product","2":"type-product","3":"status-publish","5":"product_cat-avrupa-birligi","6":"product_cat-politika-siyaset","7":"pa_tur-kitap","8":"pa_yayinevi-kaynak-yayinlari","9":"pa_yazar-haydar-cakmak","11":"first","12":"instock","13":"sale","14":"shipping-taxable","15":"purchasable","16":"product-type-simple"},"_links":{"self":[{"href":"https:\/\/roveyayinevi.com.tr\/index.php\/wp-json\/wp\/v2\/product\/690701","targetHints":{"allow":["GET"]}}],"collection":[{"href":"https:\/\/roveyayinevi.com.tr\/index.php\/wp-json\/wp\/v2\/product"}],"about":[{"href":"https:\/\/roveyayinevi.com.tr\/index.php\/wp-json\/wp\/v2\/types\/product"}],"wp:attachment":[{"href":"https:\/\/roveyayinevi.com.tr\/index.php\/wp-json\/wp\/v2\/media?parent=690701"}],"wp:term":[{"taxonomy":"product_brand","embeddable":true,"href":"https:\/\/roveyayinevi.com.tr\/index.php\/wp-json\/wp\/v2\/product_brand?post=690701"},{"taxonomy":"product_cat","embeddable":true,"href":"https:\/\/roveyayinevi.com.tr\/index.php\/wp-json\/wp\/v2\/product_cat?post=690701"},{"taxonomy":"product_tag","embeddable":true,"href":"https:\/\/roveyayinevi.com.tr\/index.php\/wp-json\/wp\/v2\/product_tag?post=690701"}],"curies":[{"name":"wp","href":"https:\/\/api.w.org\/{rel}","templated":true}]}}