{"id":690700,"date":"2025-08-27T13:53:18","date_gmt":"2025-08-27T10:53:18","guid":{"rendered":"https:\/\/roveyayinevi.com.tr\/index.php\/urun\/farkinda-abla-aydinlanma-yolunda\/"},"modified":"2026-04-03T02:04:19","modified_gmt":"2026-04-02T23:04:19","slug":"farkinda-abla-aydinlanma-yolunda","status":"publish","type":"product","link":"https:\/\/roveyayinevi.com.tr\/index.php\/urun\/farkinda-abla-aydinlanma-yolunda\/","title":{"rendered":"Fark\u0131nda Abla Ayd\u0131nlanma Yolunda"},"content":{"rendered":"<p>Evdeki adam, ma\u00e7lar\u0131n\u0131 rahats\u0131z edilmeden izleyebilece\u011fi konforlu bir hayat umuyor, bense s\u00fcrekli de\u011fi\u015fik \u015feyler yapmak istiyordum. \u00d6rne\u011fin bir kitap okur ve   Vay be! \u015eunu dinlesene!   diye seslenirdim co\u015fkuyla. O ise acaba yak\u0131n gelecekte yiyecek bir \u015feyler haz\u0131rlamaya niyetim var m\u0131 diye merak ederek y\u00fcz\u00fcme bakard\u0131. <\/p>\n","protected":false},"excerpt":{"rendered":"<p>Evdeki adam, ma\u00e7lar\u0131n\u0131 rahats\u0131z edilmeden izleyebilece\u011fi konforlu bir hayat umuyor, bense s\u00fcrekli de\u011fi\u015fik \u015feyler yapmak istiyordum. \u00d6rne\u011fin bir kitap okur ve Vay be! \u015eunu dinlesene! diye<span class=\"excerpt-hellip\"> [\u2026]<\/span><\/p>\n","protected":false},"featured_media":0,"template":"","meta":{"_monsterinsights_skip_tracking":false,"_monsterinsights_sitenote_active":false,"_monsterinsights_sitenote_note":"","_monsterinsights_sitenote_category":0},"product_brand":[],"product_cat":[12364,12376],"product_tag":[],"class_list":{"0":"post-690700","1":"product","2":"type-product","3":"status-publish","5":"product_cat-genel-konular","6":"product_cat-kisisel-gelisim","7":"pa_tur-kitap","8":"pa_yayinevi-kuraldisi-yayinevi","9":"pa_yazar-isabel-losada","11":"first","12":"instock","13":"sale","14":"shipping-taxable","15":"purchasable","16":"product-type-simple"},"_links":{"self":[{"href":"https:\/\/roveyayinevi.com.tr\/index.php\/wp-json\/wp\/v2\/product\/690700","targetHints":{"allow":["GET"]}}],"collection":[{"href":"https:\/\/roveyayinevi.com.tr\/index.php\/wp-json\/wp\/v2\/product"}],"about":[{"href":"https:\/\/roveyayinevi.com.tr\/index.php\/wp-json\/wp\/v2\/types\/product"}],"wp:attachment":[{"href":"https:\/\/roveyayinevi.com.tr\/index.php\/wp-json\/wp\/v2\/media?parent=690700"}],"wp:term":[{"taxonomy":"product_brand","embeddable":true,"href":"https:\/\/roveyayinevi.com.tr\/index.php\/wp-json\/wp\/v2\/product_brand?post=690700"},{"taxonomy":"product_cat","embeddable":true,"href":"https:\/\/roveyayinevi.com.tr\/index.php\/wp-json\/wp\/v2\/product_cat?post=690700"},{"taxonomy":"product_tag","embeddable":true,"href":"https:\/\/roveyayinevi.com.tr\/index.php\/wp-json\/wp\/v2\/product_tag?post=690700"}],"curies":[{"name":"wp","href":"https:\/\/api.w.org\/{rel}","templated":true}]}}