{"id":690699,"date":"2025-08-27T13:53:17","date_gmt":"2025-08-27T10:53:17","guid":{"rendered":"https:\/\/roveyayinevi.com.tr\/index.php\/urun\/dogmamis-cocugun-gizli-yasami\/"},"modified":"2026-04-16T02:00:18","modified_gmt":"2026-04-15T23:00:18","slug":"dogmamis-cocugun-gizli-yasami","status":"publish","type":"product","link":"https:\/\/roveyayinevi.com.tr\/index.php\/urun\/dogmamis-cocugun-gizli-yasami\/","title":{"rendered":"Do\u011fmam\u0131\u015f \u00c7ocu\u011fun Gizli Ya\u015fam\u0131"},"content":{"rendered":"<p>Bebe\u011finizin sa\u011fl\u0131kl\u0131 ve mutlu bir ya\u015fam s\u00fcrmesini diliyorsunuz.Peki bu dile\u011finizin ger\u00e7ekle\u015fmesi i\u00e7in ana rahminde ge\u00e7irdi\u011fi d\u00f6nemin b\u0131rakt\u0131\u011f\u0131 derin izlerin hayat\u0131n\u0131 nas\u0131l etkileyece\u011fini ve yapabileceklerinizi yeterince biliyor musunuz?\u0130nsan\u0131n bilin\u00e7li bir varl\u0131k olma yolculu\u011fu, ana rahmine d\u00fc\u015fmesiyle ba\u015flar. Bu dokuz ay boyunca olanlar, ruhsal ve fiziksel kimli\u011finin olu\u015fmas\u0131nda belirleyicidir. B\u00fct\u00fcn bunlar\u0131 bilimsel ara\u015ft\u0131rmalarla ortaya koyan \u00f6nc\u00fc hekim Dr. Verny, bu kitapla m\u00fcstakbel ana babalara \u00e7ok de\u011ferli bir arma\u011fan sunuyor.Anne karn\u0131ndaki bebekOn alt\u0131nc\u0131 haftada \u0131\u015f\u0131\u011fa duyarl\u0131d\u0131r.Yirminci haftada konu\u015fmalar\u0131n\u0131za tepki verecektirAlt\u0131nc\u0131 ayda duygular\u0131n\u0131zdaki de\u011fi\u015fimi anlar.Do\u011fmam\u0131\u015f \u00e7ocu\u011funuzla ilgili duygular\u0131n\u0131z onun ruhsal ve fiziksel varl\u0131\u011f\u0131n\u0131 etkiler.Se\u00e7ece\u011finiz do\u011fum y\u00f6ntemi ya\u015fam\u0131nda iz b\u0131rakacakt\u0131r.Ana rahmindeyken onunla ba\u011f kurmal\u0131s\u0131n\u0131z, ama nas\u0131l?Do\u011fmam\u0131\u015f \u00e7ocuk hisleri olan, hat\u0131rlayabilen, bilin\u00e7li bir varl\u0131kt\u0131r&#8230; <\/p>\n","protected":false},"excerpt":{"rendered":"<p>Bebe\u011finizin sa\u011fl\u0131kl\u0131 ve mutlu bir ya\u015fam s\u00fcrmesini diliyorsunuz.Peki bu dile\u011finizin ger\u00e7ekle\u015fmesi i\u00e7in ana rahminde ge\u00e7irdi\u011fi d\u00f6nemin b\u0131rakt\u0131\u011f\u0131 derin izlerin hayat\u0131n\u0131 nas\u0131l etkileyece\u011fini ve yapabileceklerinizi yeterince biliyor<span class=\"excerpt-hellip\"> [\u2026]<\/span><\/p>\n","protected":false},"featured_media":0,"template":"","meta":{"_monsterinsights_skip_tracking":false,"_monsterinsights_sitenote_active":false,"_monsterinsights_sitenote_note":"","_monsterinsights_sitenote_category":0},"product_brand":[],"product_cat":[12831,12324],"product_tag":[],"class_list":{"0":"post-690699","1":"product","2":"type-product","3":"status-publish","5":"product_cat-aile-ve-cocuk","6":"product_cat-sosyoloji","7":"pa_cilt-ciltsiz","8":"pa_tur-kitap","9":"pa_yayinevi-kuraldisi-yayinevi","10":"pa_yazar-thomas-verny","12":"first","13":"instock","14":"sale","15":"shipping-taxable","16":"purchasable","17":"product-type-simple"},"_links":{"self":[{"href":"https:\/\/roveyayinevi.com.tr\/index.php\/wp-json\/wp\/v2\/product\/690699","targetHints":{"allow":["GET"]}}],"collection":[{"href":"https:\/\/roveyayinevi.com.tr\/index.php\/wp-json\/wp\/v2\/product"}],"about":[{"href":"https:\/\/roveyayinevi.com.tr\/index.php\/wp-json\/wp\/v2\/types\/product"}],"wp:attachment":[{"href":"https:\/\/roveyayinevi.com.tr\/index.php\/wp-json\/wp\/v2\/media?parent=690699"}],"wp:term":[{"taxonomy":"product_brand","embeddable":true,"href":"https:\/\/roveyayinevi.com.tr\/index.php\/wp-json\/wp\/v2\/product_brand?post=690699"},{"taxonomy":"product_cat","embeddable":true,"href":"https:\/\/roveyayinevi.com.tr\/index.php\/wp-json\/wp\/v2\/product_cat?post=690699"},{"taxonomy":"product_tag","embeddable":true,"href":"https:\/\/roveyayinevi.com.tr\/index.php\/wp-json\/wp\/v2\/product_tag?post=690699"}],"curies":[{"name":"wp","href":"https:\/\/api.w.org\/{rel}","templated":true}]}}