{"id":690698,"date":"2025-08-27T13:53:17","date_gmt":"2025-08-27T10:53:17","guid":{"rendered":"https:\/\/roveyayinevi.com.tr\/index.php\/urun\/11-aralik-1915-tarihli-resmi-ermeni-raporu\/"},"modified":"2026-04-16T02:00:18","modified_gmt":"2026-04-15T23:00:18","slug":"11-aralik-1915-tarihli-resmi-ermeni-raporu","status":"publish","type":"product","link":"https:\/\/roveyayinevi.com.tr\/index.php\/urun\/11-aralik-1915-tarihli-resmi-ermeni-raporu\/","title":{"rendered":"11 Aral\u0131k 1915 Tarihli Resmi Ermeni Raporu"},"content":{"rendered":"<p>Baz\u0131 tarihi belgeler vard\u0131r ki, sadece o d\u00f6nemin bilgisini de\u011fil yar\u0131n\u0131n da bilgisini verir. Bolhovitinov\u2019un   Ermeni Raporu  , bir halk\u0131n kaderini emperyalizmin \u00e7\u0131karlar\u0131na ba\u011flad\u0131\u011f\u0131nda, ne korkun\u00e7 trajediler ya\u015fayaca\u011f\u0131n\u0131 g\u00f6stermesi bak\u0131m\u0131ndan son derece \u00f6\u011freticidir. Bu kitab\u0131 okurken, Ermenilerin,   ba\u011f\u0131ms\u0131z devlet olma   hayaliyle T\u00fcrklerin ve K\u00fcrtlerin kanlar\u0131n\u0131 d\u00f6kerek Bat\u0131l\u0131 emperyalist \u00fclkelere sadakatlerini g\u00f6sterirken kendi halk\u0131na da ayn\u0131 ter\u00f6r\u00fc uygulad\u0131\u011f\u0131n\u0131 g\u00f6recek, bug\u00fcn de gerek b\u00f6lgemizde gerekse Balkanlar\u2019da ya\u015fananlar\u0131 daha iyi kavrayacaks\u0131n\u0131z. <\/p>\n","protected":false},"excerpt":{"rendered":"<p>Baz\u0131 tarihi belgeler vard\u0131r ki, sadece o d\u00f6nemin bilgisini de\u011fil yar\u0131n\u0131n da bilgisini verir. Bolhovitinov\u2019un Ermeni Raporu , bir halk\u0131n kaderini emperyalizmin \u00e7\u0131karlar\u0131na ba\u011flad\u0131\u011f\u0131nda, ne korkun\u00e7<span class=\"excerpt-hellip\"> [\u2026]<\/span><\/p>\n","protected":false},"featured_media":0,"template":"","meta":{"_monsterinsights_skip_tracking":false,"_monsterinsights_sitenote_active":false,"_monsterinsights_sitenote_note":"","_monsterinsights_sitenote_category":0},"product_brand":[],"product_cat":[13059,12337],"product_tag":[],"class_list":{"0":"post-690698","1":"product","2":"type-product","3":"status-publish","5":"product_cat-diger-politika-siyaset","6":"product_cat-politika-siyaset","7":"pa_cilt-ciltsiz","8":"pa_tur-kitap","9":"pa_yayinevi-kaynak-yayinlari","10":"pa_yazar-l-m-bolhovitinov","12":"first","13":"instock","14":"sale","15":"shipping-taxable","16":"purchasable","17":"product-type-simple"},"_links":{"self":[{"href":"https:\/\/roveyayinevi.com.tr\/index.php\/wp-json\/wp\/v2\/product\/690698","targetHints":{"allow":["GET"]}}],"collection":[{"href":"https:\/\/roveyayinevi.com.tr\/index.php\/wp-json\/wp\/v2\/product"}],"about":[{"href":"https:\/\/roveyayinevi.com.tr\/index.php\/wp-json\/wp\/v2\/types\/product"}],"wp:attachment":[{"href":"https:\/\/roveyayinevi.com.tr\/index.php\/wp-json\/wp\/v2\/media?parent=690698"}],"wp:term":[{"taxonomy":"product_brand","embeddable":true,"href":"https:\/\/roveyayinevi.com.tr\/index.php\/wp-json\/wp\/v2\/product_brand?post=690698"},{"taxonomy":"product_cat","embeddable":true,"href":"https:\/\/roveyayinevi.com.tr\/index.php\/wp-json\/wp\/v2\/product_cat?post=690698"},{"taxonomy":"product_tag","embeddable":true,"href":"https:\/\/roveyayinevi.com.tr\/index.php\/wp-json\/wp\/v2\/product_tag?post=690698"}],"curies":[{"name":"wp","href":"https:\/\/api.w.org\/{rel}","templated":true}]}}