{"id":690697,"date":"2025-08-27T13:53:17","date_gmt":"2025-08-27T10:53:17","guid":{"rendered":"https:\/\/roveyayinevi.com.tr\/index.php\/urun\/unutulan-101-film\/"},"modified":"2026-04-16T02:00:18","modified_gmt":"2026-04-15T23:00:18","slug":"unutulan-101-film","status":"publish","type":"product","link":"https:\/\/roveyayinevi.com.tr\/index.php\/urun\/unutulan-101-film\/","title":{"rendered":"Unutulan 101 Film"},"content":{"rendered":"<p>An\u0131lar\u0131m\u0131z\u0131n labirentinde bir yerlerde izledi\u011fimiz ve unutamad\u0131\u011f\u0131m\u0131z, ama gizemli bir \u015fekilde ortadan yok olduklar\u0131 i\u00e7in ne yaz\u0131k ki bir daha asla izleyemedi\u011fimiz filmler vard\u0131r. Bir film st\u00fcdyosunun deposuna gizlenmi\u015f, bir film yap\u0131mc\u0131s\u0131n\u0131n evinin d\u00f6\u015feme tahtalar\u0131n\u0131n alt\u0131na g\u00f6m\u00fclm\u00fc\u015f, k\u00f6hne bir yasa y\u00fcz\u00fcnden mahkum edilmi\u015f, bir y\u00f6netmenin kaprisiyle g\u00f6sterime girmeleri engellenmi\u015f ya da sadece da\u011f\u0131t\u0131mc\u0131lar taraf\u0131ndan tercih edilmemi\u015f olabilirler. Bu kitap, bir sinema mezarl\u0131\u011f\u0131na g\u00f6m\u00fclm\u00fc\u015f olan filmleri yeniden ortaya \u00e7\u0131karmaya giri\u015fmi\u015f ve b\u00f6ylece bir kara film ba\u015fyap\u0131t\u0131n\u0131, bir Frans\u0131z klasi\u011fini, Mastroianni\u2019nin Cinema Paradiso ile kar\u015f\u0131la\u015ft\u0131r\u0131labilir uzun metrajl\u0131 bir filmini, \u00f6nemli bir Joan Crawford filmini ve bir Edward G Robinson komedisini g\u00fcn \u0131\u015f\u0131\u011f\u0131na \u00e7\u0131karm\u0131\u015ft\u0131r. Ernst Lubitsch, John Ford, Alfred Hitchcock, Elia Kazan, Sergio Leone, Nicholas Ray, Bo Widerberg, Roberto Benigni ve Robert Altman\u2019\u0131n \u00e7ok say\u0131da filmi de bunlar\u0131n aras\u0131ndad\u0131r. Bu filmleri ara\u015ft\u0131r\u0131rken, Londra\u2019n\u0131n do\u011fu yakas\u0131ndaki Gaumont sinemas\u0131nda makinistlik yapt\u0131\u011f\u0131m d\u00f6neme rastlayan 1950\u2019li y\u0131llardan ne kadar \u00e7ok film oldu\u011funu g\u00f6r\u00fcnce h\u00fcz\u00fcnlendim. Ellilerin ortalar\u0131 Hollywood\u2019un alt\u0131n \u00e7a\u011f\u0131yd\u0131 ve ben de sinemaya s\u0131r\u0131ls\u0131klam a\u015f\u0131k, oyunculara budalaca hayran bir \u00e7ocuktum. Bu cevherleri kafam\u0131n i\u00e7inde yeniden oynat\u0131rken, onlar\u0131 izledi\u011fimde hissetti\u011fim tutkuyu sizlere yans\u0131tmaya \u00e7al\u0131\u015ft\u0131m. <\/p>\n","protected":false},"excerpt":{"rendered":"<p>An\u0131lar\u0131m\u0131z\u0131n labirentinde bir yerlerde izledi\u011fimiz ve unutamad\u0131\u011f\u0131m\u0131z, ama gizemli bir \u015fekilde ortadan yok olduklar\u0131 i\u00e7in ne yaz\u0131k ki bir daha asla izleyemedi\u011fimiz filmler vard\u0131r. Bir film<span class=\"excerpt-hellip\"> [\u2026]<\/span><\/p>\n","protected":false},"featured_media":0,"template":"","meta":{"_monsterinsights_skip_tracking":false,"_monsterinsights_sitenote_active":false,"_monsterinsights_sitenote_note":"","_monsterinsights_sitenote_category":0},"product_brand":[],"product_cat":[12409,12408],"product_tag":[],"class_list":{"0":"post-690697","1":"product","2":"type-product","3":"status-publish","5":"product_cat-fotograf-sinema-tiyatro","6":"product_cat-sanat","7":"pa_cilt-ciltsiz","8":"pa_tur-kitap","9":"pa_yayinevi-kalkedon-yayincilik","10":"pa_yazar-brian-mills","12":"first","13":"instock","14":"sale","15":"shipping-taxable","16":"purchasable","17":"product-type-simple"},"_links":{"self":[{"href":"https:\/\/roveyayinevi.com.tr\/index.php\/wp-json\/wp\/v2\/product\/690697","targetHints":{"allow":["GET"]}}],"collection":[{"href":"https:\/\/roveyayinevi.com.tr\/index.php\/wp-json\/wp\/v2\/product"}],"about":[{"href":"https:\/\/roveyayinevi.com.tr\/index.php\/wp-json\/wp\/v2\/types\/product"}],"wp:attachment":[{"href":"https:\/\/roveyayinevi.com.tr\/index.php\/wp-json\/wp\/v2\/media?parent=690697"}],"wp:term":[{"taxonomy":"product_brand","embeddable":true,"href":"https:\/\/roveyayinevi.com.tr\/index.php\/wp-json\/wp\/v2\/product_brand?post=690697"},{"taxonomy":"product_cat","embeddable":true,"href":"https:\/\/roveyayinevi.com.tr\/index.php\/wp-json\/wp\/v2\/product_cat?post=690697"},{"taxonomy":"product_tag","embeddable":true,"href":"https:\/\/roveyayinevi.com.tr\/index.php\/wp-json\/wp\/v2\/product_tag?post=690697"}],"curies":[{"name":"wp","href":"https:\/\/api.w.org\/{rel}","templated":true}]}}